{"id":900,"date":"2020-10-28T14:44:51","date_gmt":"2020-10-28T13:44:51","guid":{"rendered":"https:\/\/easydrivers.cz\/?page_id=900"},"modified":"2021-04-01T12:12:25","modified_gmt":"2021-04-01T10:12:25","slug":"reference-puvodni","status":"publish","type":"page","link":"https:\/\/easydrivers.cz\/en\/reference-puvodni\/","title":{"rendered":"Reference-p\u016fvodn\u00ed"},"content":{"rendered":"[et_pb_section fb_built=&#8220;1&#8243; disabled_on=&#8220;off|off|off&#8220; _builder_version=&#8220;4.6.6&#8243; background_color=&#8220;#30334f&#8220; custom_padding=&#8220;0px||0px||false|false&#8220; hover_enabled=&#8220;0&#8243; sticky_enabled=&#8220;0&#8243;][et_pb_row _builder_version=&#8220;4.6.6&#8243; width=&#8220;90%&#8220; max_width=&#8220;1250px&#8220; module_alignment=&#8220;center&#8220; custom_margin=&#8220;0px|auto||326px|false|false&#8220; custom_margin_tablet=&#8220;&#8220; custom_margin_phone=&#8220;41px||||false|false&#8220; custom_margin_last_edited=&#8220;on|desktop&#8220; custom_padding=&#8220;||90px||false|false&#8220;][et_pb_column type=&#8220;4_4&#8243; _builder_version=&#8220;4.0.11&#8243;][et_pb_text _builder_version=&#8220;4.6.6&#8243; text_font=&#8220;GOTHAM light||||||||&#8220; text_text_color=&#8220;#c9a869&#8243; text_font_size=&#8220;33px&#8220; text_line_height=&#8220;1em&#8220; header_text_align=&#8220;center&#8220; header_text_color=&#8220;#ffffff&#8220; header_font_size=&#8220;61px&#8220; background_enable_color=&#8220;off&#8220; transform_scale_last_edited=&#8220;off|desktop&#8220; transform_translate_last_edited=&#8220;off|desktop&#8220; transform_translate_linked=&#8220;off&#8220; transform_rotate_last_edited=&#8220;off|desktop&#8220; transform_skew_last_edited=&#8220;off|desktop&#8220; transform_origin_last_edited=&#8220;off|desktop&#8220; transform_styles_last_edited=&#8220;off|desktop&#8220; width=&#8220;100%&#8220; custom_margin=&#8220;0px|||0px|false|false&#8220; custom_margin_tablet=&#8220;&#8220; custom_margin_phone=&#8220;-70px|0px||0px|false|false&#8220; custom_margin_last_edited=&#8220;on|phone&#8220; custom_padding=&#8220;30px|0px|20px|0px|false|false&#8220; hover_transition_duration=&#8220;2500ms&#8220; header_font_size_tablet=&#8220;&#8220; header_font_size_phone=&#8220;45px&#8220; header_font_size_last_edited=&#8220;on|phone&#8220; border_radii=&#8220;on|15px|15px|15px|15px&#8220; inline_fonts=&#8220;GOTHAM regular,GOTHAM light&#8220; transform_styles__hover_enabled=&#8220;on|hover&#8220; transform_scale__hover_enabled=&#8220;on|hover&#8220; transform_translate__hover_enabled=&#8220;on|desktop&#8220; transform_rotate__hover_enabled=&#8220;on|desktop&#8220; transform_skew__hover_enabled=&#8220;on|desktop&#8220; transform_origin__hover_enabled=&#8220;on|desktop&#8220;]<h1 style=\"text-align: center;\">OUR PARTNERS<span style=\"color: #c9a869;\">\u00a0<\/span><\/h1>[\/et_pb_text][et_pb_slider show_cta_on_mobile=&#8220;off&#8220; show_image_video_mobile=&#8220;on&#8220; use_bg_overlay=&#8220;on&#8220; bg_overlay_color=&#8220;rgba(0,0,0,0)&#8220; use_text_overlay=&#8220;off&#8220; arrows_custom_color=&#8220;#c9a869&#8243; dot_nav_custom_color=&#8220;#c9a869&#8243; _builder_version=&#8220;4.6.6&#8243; _module_preset=&#8220;default&#8220; background_color=&#8220;#ffffff&#8220; border_radii=&#8220;on|20px|20px|20px|20px&#8220; border_width_all=&#8220;19px&#8220; border_color_all=&#8220;#ffffff&#8220;][et_pb_slide heading=&#8220;Gismondi&#8220; image=&#8220;https:\/\/easydrivers.cz\/wp-content\/uploads\/2020\/10\/Gismondi.png&#8220; use_bg_overlay=&#8220;on&#8220; bg_overlay_color=&#8220;#ffffff&#8220; _builder_version=&#8220;4.6.6&#8243; _module_preset=&#8220;default&#8220; header_font=&#8220;Gotham Light||||||||&#8220; header_text_color=&#8220;#000000&#8243; header_font_size=&#8220;35px&#8220; body_font=&#8220;Gotham Light||||||||&#8220; body_text_color=&#8220;#000000&#8243; background_color=&#8220;#ffffff&#8220; background_enable_color=&#8220;on&#8220; link_option_url=&#8220;https:\/\/www.gismondi1754.com\/cz\/&#8220; link_option_url_new_window=&#8220;on&#8220; sticky_transition=&#8220;on&#8220;]<p>We have been using Easy Drivers services for a long time and are very satisfied. Their services are of high quality, reliable, and the drivers are always pleasant and highly professional.<\/p>[\/et_pb_slide][et_pb_slide heading=&#8220;Medela automotive&#8220; image=&#8220;https:\/\/easydrivers.cz\/wp-content\/uploads\/2020\/10\/Medela-automotive.jpg&#8220; use_bg_overlay=&#8220;on&#8220; bg_overlay_color=&#8220;#ffffff&#8220; _builder_version=&#8220;4.6.6&#8243; _module_preset=&#8220;default&#8220; header_font=&#8220;Gotham Light||||||||&#8220; header_text_color=&#8220;#000000&#8243; header_font_size=&#8220;35px&#8220; body_font=&#8220;Gotham Light||||||||&#8220; body_text_color=&#8220;#000000&#8243; background_color=&#8220;#ffffff&#8220; background_enable_color=&#8220;on&#8220; link_option_url=&#8220;https:\/\/www.medela-automotive.cz\/&#8220; link_option_url_new_window=&#8220;on&#8220; sticky_transition=&#8220;on&#8220;]<p style=\"text-align: left;\"><span>The services provided by Easy Drivers are always premium quality, they make our business much easier thanks to their professional work. We are happy to be their long-term partners!<\/span><\/p>[\/et_pb_slide][et_pb_slide heading=&#8220;Graind and food investments&#8220; image=&#8220;https:\/\/easydrivers.cz\/wp-content\/uploads\/2020\/10\/grainfood-investment.jpg&#8220; use_bg_overlay=&#8220;on&#8220; bg_overlay_color=&#8220;#ffffff&#8220; _builder_version=&#8220;4.6.6&#8243; _module_preset=&#8220;default&#8220; header_font=&#8220;Gotham Light||||||||&#8220; header_text_color=&#8220;#000000&#8243; header_font_size=&#8220;35px&#8220; body_font=&#8220;Gotham Light||||||||&#8220; body_text_color=&#8220;#000000&#8243; background_color=&#8220;#ffffff&#8220; background_enable_color=&#8220;on&#8220; sticky_transition=&#8220;on&#8220;]<p style=\"text-align: left;\"><span>Easy Drivers is synonymous with reliability and unparalleled professionalism of the drivers. Thank you for the long-term partnership!<\/span><\/p>[\/et_pb_slide][et_pb_slide heading=&#8220;Mediasharks&#8220; image=&#8220;https:\/\/easydrivers.cz\/wp-content\/uploads\/2020\/10\/Media-ssharks.jpg&#8220; use_bg_overlay=&#8220;on&#8220; bg_overlay_color=&#8220;#ffffff&#8220; _builder_version=&#8220;4.6.6&#8243; _module_preset=&#8220;default&#8220; header_font=&#8220;Gotham Light||||||||&#8220; header_text_color=&#8220;#000000&#8243; header_font_size=&#8220;35px&#8220; body_font=&#8220;Gotham Light||||||||&#8220; body_text_color=&#8220;#000000&#8243; background_color=&#8220;#ffffff&#8220; background_enable_color=&#8220;on&#8220; link_option_url=&#8220;https:\/\/www.mediasharks.cz\/&#8220; link_option_url_new_window=&#8220;on&#8220; sticky_transition=&#8220;on&#8220;]<div>When we, as a company organizing events for top clients in the Czech Republic (Leo\u0161 Mare\u0161, \u010cesk\u00e1 spo\u0159itelna, Mandarin Oriental Prague, Stopka), first used Easy Drivers services about 1\u20132 years ago, we never imagined that we would build such a close relationship. Now, we no longer consider any other transportation company\u2014nor do our partners, to whom we primarily recommend Oskar and his professional approach.<\/div>\n<div>For both personal and business transport, I can\u00b4t imagine a friendlier service at that level, which Easy Drivers offers.<\/div>[\/et_pb_slide][et_pb_slide heading=&#8220;Plan B Investments SICAV&#8220; image=&#8220;https:\/\/easydrivers.cz\/wp-content\/uploads\/2020\/10\/planB.png&#8220; use_bg_overlay=&#8220;on&#8220; bg_overlay_color=&#8220;#ffffff&#8220; _builder_version=&#8220;4.6.6&#8243; _module_preset=&#8220;default&#8220; header_font=&#8220;Gotham Light||||||||&#8220; header_text_color=&#8220;#000000&#8243; header_font_size=&#8220;35px&#8220; body_font=&#8220;Gotham Light||||||||&#8220; body_text_color=&#8220;#000000&#8243; background_color=&#8220;#ffffff&#8220; background_enable_color=&#8220;on&#8220; link_option_url=&#8220;http:\/\/www.planbinvestments.cz\/&#8220; link_option_url_new_window=&#8220;on&#8220; sticky_transition=&#8220;on&#8220;][\/et_pb_slide][et_pb_slide heading=&#8220;Star Capital Finance&#8220; image=&#8220;https:\/\/easydrivers.cz\/wp-content\/uploads\/2020\/10\/scf.jpg&#8220; use_bg_overlay=&#8220;on&#8220; bg_overlay_color=&#8220;#ffffff&#8220; _builder_version=&#8220;4.6.6&#8243; _module_preset=&#8220;default&#8220; header_font=&#8220;Gotham Light||||||||&#8220; header_text_color=&#8220;#000000&#8243; header_font_size=&#8220;35px&#8220; body_font=&#8220;Gotham Light||||||||&#8220; body_text_color=&#8220;#000000&#8243; background_color=&#8220;#ffffff&#8220; background_enable_color=&#8220;on&#8220; link_option_url=&#8220;http:\/\/www.scfinance.cz\/&#8220; link_option_url_new_window=&#8220;on&#8220; sticky_transition=&#8220;on&#8220;][\/et_pb_slide][et_pb_slide heading=&#8220;V\u00fdchodo\u010desk\u00e1 energie&#8220; image=&#8220;https:\/\/easydrivers.cz\/wp-content\/uploads\/2020\/10\/V\u00fdchodo\u010dek\u00e1-energie.png&#8220; use_bg_overlay=&#8220;on&#8220; bg_overlay_color=&#8220;#ffffff&#8220; _builder_version=&#8220;4.6.6&#8243; _module_preset=&#8220;default&#8220; header_font=&#8220;Gotham Light||||||||&#8220; header_text_color=&#8220;#000000&#8243; header_font_size=&#8220;35px&#8220; body_font=&#8220;Gotham Light||||||||&#8220; body_text_color=&#8220;#000000&#8243; background_color=&#8220;#ffffff&#8220; background_enable_color=&#8220;on&#8220; link_option_url=&#8220;http:\/\/www.venergie.cz\/&#8220; link_option_url_new_window=&#8220;on&#8220; sticky_transition=&#8220;on&#8220;][\/et_pb_slide][\/et_pb_slider][\/et_pb_column][\/et_pb_row][\/et_pb_section][et_pb_section fb_built=&#8220;1&#8243; disabled_on=&#8220;off|off|off&#8220; _builder_version=&#8220;4.6.6&#8243; background_color=&#8220;#30334f&#8220; custom_padding=&#8220;0px|||||&#8220;][et_pb_row column_structure=&#8220;1_4,1_4,1_4,1_4&#8243; use_custom_gutter=&#8220;on&#8220; gutter_width=&#8220;1&#8243; _builder_version=&#8220;4.4.0&#8243; width=&#8220;23%&#8220; module_alignment=&#8220;center&#8220;][et_pb_column type=&#8220;1_4&#8243; _builder_version=&#8220;4.4.0&#8243;][et_pb_button button_url=&#8220;https:\/\/easydrivers.cz\/o-nas\/&#8220; button_text=&#8220;O N\u00c1S&#8220; button_alignment=&#8220;center&#8220; _builder_version=&#8220;4.4.3&#8243; custom_button=&#8220;on&#8220; button_text_size=&#8220;15px&#8220; button_text_color=&#8220;#c9a869&#8243; button_border_radius=&#8220;35px&#8220; button_font=&#8220;GOTHAM light||||||||&#8220; button_icon=&#8220;%%59%%&#8220; transform_translate_linked=&#8220;off&#8220; custom_margin=&#8220;10px||10px|0px|false|false&#8220; animation_style=&#8220;fade&#8220; animation_duration=&#8220;1500ms&#8220;][\/et_pb_button][\/et_pb_column][et_pb_column type=&#8220;1_4&#8243; _builder_version=&#8220;4.4.0&#8243;][et_pb_button button_url=&#8220;https:\/\/easydrivers.cz\/sluzby\/&#8220; button_text=&#8220;SLU\u017dBY&#8220; button_alignment=&#8220;center&#8220; _builder_version=&#8220;4.4.3&#8243; custom_button=&#8220;on&#8220; button_text_size=&#8220;15px&#8220; button_text_color=&#8220;#c9a869&#8243; button_border_radius=&#8220;35px&#8220; button_font=&#8220;GOTHAM light||||||||&#8220; button_icon=&#8220;%%59%%&#8220; transform_translate_linked=&#8220;off&#8220; custom_margin=&#8220;10px||10px|0px|false|false&#8220; animation_style=&#8220;fade&#8220; animation_duration=&#8220;1500ms&#8220;][\/et_pb_button][\/et_pb_column][et_pb_column type=&#8220;1_4&#8243; _builder_version=&#8220;4.4.0&#8243;][et_pb_button button_url=&#8220;https:\/\/easydrivers.cz\/vozy\/&#8220; button_text=&#8220;VOZY&#8220; button_alignment=&#8220;center&#8220; _builder_version=&#8220;4.4.3&#8243; custom_button=&#8220;on&#8220; button_text_size=&#8220;15px&#8220; button_text_color=&#8220;#c9a869&#8243; button_border_radius=&#8220;35px&#8220; button_font=&#8220;GOTHAM light||||||||&#8220; button_icon=&#8220;%%59%%&#8220; transform_translate_linked=&#8220;off&#8220; custom_margin=&#8220;10px||10px|0px|false|false&#8220; animation_style=&#8220;fade&#8220; animation_duration=&#8220;1500ms&#8220;][\/et_pb_button][\/et_pb_column][et_pb_column type=&#8220;1_4&#8243; _builder_version=&#8220;4.4.0&#8243;][et_pb_button button_url=&#8220;https:\/\/easydrivers.cz\/kontakt\/&#8220; button_text=&#8220;OBJEDNAT&#8220; button_alignment=&#8220;center&#8220; _builder_version=&#8220;4.4.3&#8243; custom_button=&#8220;on&#8220; button_text_size=&#8220;15px&#8220; button_text_color=&#8220;#c9a869&#8243; button_border_radius=&#8220;35px&#8220; button_font=&#8220;GOTHAM light||||||||&#8220; button_icon=&#8220;%%59%%&#8220; transform_translate_linked=&#8220;off&#8220; custom_margin=&#8220;10px||10px|0px|false|false&#8220; animation_style=&#8220;fade&#8220; animation_duration=&#8220;1500ms&#8220;][\/et_pb_button][\/et_pb_column][\/et_pb_row][\/et_pb_section]","protected":false},"excerpt":{"rendered":"<p>NA\u0160I PARTNE\u0158I\u00a0Slu\u017eby spole\u010dnosti Easy Drivers vyu\u017e\u00edv\u00e1me dlouhodob\u011b a jsme velmi spokojeni. Jejich slu\u017eby jsou kvalitn\u00ed, spolehliv\u00e9, \u0159idi\u010di jsou v\u017edy p\u0159\u00edjemn\u00ed a velmi profesion\u00e1ln\u00ed.Slu\u017eby, kter\u00e9 Easy Drivers poskytuj\u00ed, jsou v\u017edy pr\u00e9miov\u00e9, n\u00e1\u0161 business n\u00e1m svou profesion\u00e1ln\u00ed prac\u00ed neuv\u011b\u0159iteln\u011b uleh\u010duj\u00ed. S radost\u00ed jsme jejich dlouhodob\u00fdmi partnery!Easy Drivers, to je synonymum pro spolehlivost a nev\u00eddanou profesonalitu \u0159idi\u010d\u016f. D\u011bkujeme [&hellip;]<\/p>","protected":false},"author":1,"featured_media":0,"parent":0,"menu_order":0,"comment_status":"closed","ping_status":"closed","template":"","meta":{"_et_pb_use_builder":"on","_et_pb_old_content":"","_et_gb_content_width":"","footnotes":""},"class_list":["post-900","page","type-page","status-publish","hentry"],"_links":{"self":[{"href":"https:\/\/easydrivers.cz\/en\/wp-json\/wp\/v2\/pages\/900","targetHints":{"allow":["GET"]}}],"collection":[{"href":"https:\/\/easydrivers.cz\/en\/wp-json\/wp\/v2\/pages"}],"about":[{"href":"https:\/\/easydrivers.cz\/en\/wp-json\/wp\/v2\/types\/page"}],"author":[{"embeddable":true,"href":"https:\/\/easydrivers.cz\/en\/wp-json\/wp\/v2\/users\/1"}],"replies":[{"embeddable":true,"href":"https:\/\/easydrivers.cz\/en\/wp-json\/wp\/v2\/comments?post=900"}],"version-history":[{"count":60,"href":"https:\/\/easydrivers.cz\/en\/wp-json\/wp\/v2\/pages\/900\/revisions"}],"predecessor-version":[{"id":1635,"href":"https:\/\/easydrivers.cz\/en\/wp-json\/wp\/v2\/pages\/900\/revisions\/1635"}],"wp:attachment":[{"href":"https:\/\/easydrivers.cz\/en\/wp-json\/wp\/v2\/media?parent=900"}],"curies":[{"name":"wp","href":"https:\/\/api.w.org\/{rel}","templated":true}]}}