{"id":478,"date":"2020-03-25T13:44:36","date_gmt":"2020-03-25T12:44:36","guid":{"rendered":"https:\/\/testingapge2.cz\/?page_id=478"},"modified":"2020-04-15T12:55:45","modified_gmt":"2020-04-15T10:55:45","slug":"pripominky","status":"publish","type":"page","link":"https:\/\/easydrivers.cz\/en\/pripominky\/","title":{"rendered":"P\u0159ipom\u00ednky"},"content":{"rendered":"<p>[et_pb_section fb_built=&#8220;1&#8243; disabled_on=&#8220;on|on|off&#8220; _builder_version=&#8220;4.4.0&#8243; background_color=&#8220;#30334f&#8220; custom_margin=&#8220;0px||0px||false|false&#8220; custom_padding=&#8220;0px||0px||false|false&#8220;][et_pb_row _builder_version=&#8220;4.4.0&#8243; custom_margin=&#8220;0px||0px||false|false&#8220; custom_padding=&#8220;||0px|||&#8220;][et_pb_column type=&#8220;4_4&#8243; _builder_version=&#8220;4.0.11&#8243;][et_pb_text _builder_version=&#8220;4.4.0&#8243; text_font=&#8220;GOTHAM light||||||||&#8220; text_text_color=&#8220;#c9a869&#8243; text_font_size=&#8220;33px&#8220; text_line_height=&#8220;1em&#8220; header_text_color=&#8220;#ffffff&#8220; header_font_size=&#8220;61px&#8220; background_enable_color=&#8220;off&#8220; transform_scale_last_edited=&#8220;off|desktop&#8220; transform_translate_last_edited=&#8220;off|desktop&#8220; transform_translate_linked=&#8220;off&#8220; transform_rotate_last_edited=&#8220;off|desktop&#8220; transform_skew_last_edited=&#8220;off|desktop&#8220; transform_origin_last_edited=&#8220;off|desktop&#8220; transform_styles_last_edited=&#8220;off|desktop&#8220; width=&#8220;100%&#8220; custom_margin=&#8220;0px||0px|0px|false|false&#8220; custom_margin_tablet=&#8220;&#8220; custom_margin_phone=&#8220;|0px||0px|false|false&#8220; custom_margin_last_edited=&#8220;on|desktop&#8220; custom_padding=&#8220;0px|0px|0px|33px|true|false&#8220; animation_style=&#8220;slide&#8220; animation_duration=&#8220;1500ms&#8220; hover_transition_duration=&#8220;2500ms&#8220; border_radii=&#8220;on|15px|15px|15px|15px&#8220; inline_fonts=&#8220;GOTHAM light&#8220; transform_styles__hover_enabled=&#8220;on|hover&#8220; transform_scale__hover_enabled=&#8220;on|hover&#8220; transform_translate__hover_enabled=&#8220;on|desktop&#8220; transform_rotate__hover_enabled=&#8220;on|desktop&#8220; transform_skew__hover_enabled=&#8220;on|desktop&#8220; transform_origin__hover_enabled=&#8220;on|desktop&#8220;]<\/p>\n<h1><span style=\"font-size: xx-large;\">P\u0158IPOM\u00cdNKY OSKAR<span style=\"font-size: x-large;\">:<\/span><\/span><\/h1>\n<p>1 &#8211; ve videu <strong>o n\u00e1s<\/strong> ne\u017e\u00e1douc\u00ed grafika od tv\u016frc\u016f <span style=\"color: #ffffff; font-size: x-large;\"><span style=\"color: #7cda24;\">(<\/span><span color=\"#ffffff\"><span style=\"color: #7cda24;\">vy\u0159e\u0161eno zm\u011bnou videa)<\/span><br \/><\/span><\/span><span style=\"font-size: 33px;\">2 &#8211; nevhodn\u00fd text &#8222;recep\u010dn\u00ed na kole\u010dk\u00e1ch&#8220;\u00a0<span style=\"font-size: x-large; color: #ffffff;\"><span style=\"color: #7cda24;\">(<\/span><span color=\"#ffffff\"><span style=\"color: #7cda24;\">odstran\u011bno)<\/span><br \/><span style=\"font-size: xx-large; color: #c9a869;\">3 &#8211; anglick\u00e1 mutace webu <span style=\"font-size: x-large; color: #e02b20;\">(v procesu) nejsp\u00ed\u0161 budu muset zduplikovat cel\u00fd obsah webu a manu\u00e1ln\u011b jej p\u0159elo\u017eit do angli\u010dtiny kter\u00e1 pak dostane sv\u016fj vlastn\u00ed button a bude se moci p\u0159ep\u00ednat (CZ\/ENG), nejsp\u00ed\u0161e to nep\u016fjde automatick\u00fdm p\u0159ekladem, jak jsem p\u016fvodn\u011b zam\u00fd\u0161lel.<\/span><\/span><\/span><\/span><\/span><\/p>\n<h1><span style=\"font-size: xx-large;\">P\u0158IPOM\u00cdNKY LUK\u00c1\u0160<span style=\"font-size: x-large;\">:<\/span><\/span><\/h1>\n<p><span style=\"font-size: xx-large;\">1 &#8211; barva z\u00e1kladn\u00ed modr\u00e1 p\u0159\u00edli\u0161 k\u0159iklav\u00e1\u00a0<span style=\"color: #0c71c3; font-size: x-large;\"><strong>(open)<\/strong><\/span> <span style=\"color: #ffffff; font-size: x-large;\">(tady je nutn\u00e9 se trochu zamyslet a po\u010d\u00edtat s faktem, \u017ee na ka\u017ed\u00e9m za\u0159\u00edzen\u00ed bude vypadat barva \u00fapln\u011b jinak a to z d\u016fvod\u016f r\u016fznorod\u00fdch technologi\u00ed kter\u00e9 displaye za\u0159\u00edzen\u00ed pou\u017e\u00edvaj\u00ed. P\u0159\u00edklad: p\u0159inese sv\u016fj not Oskar, Luk\u00e1\u0161 a Kuba, ka\u017ed\u00fd bude m\u00edt jinou zna\u010dku a typ displaye a ka\u017ed\u00fd stejnou barvu uvid\u00ed \u00fapln\u011b jinak vyobrazenou. Tam kde ji ty vid\u00ed\u0161 jako k\u0159iklavou, tak j\u00e1 tady u sebe vn\u00edm\u00e1m oprati tomu, co jste m\u011bli na p\u016fvodn\u00ed prezentaci pohodovou a decentn\u00ed modrou, kter\u00e1 mi tady rozhodn\u011b k\u0159iklav\u00e1 nep\u0159ipad\u00e1 a taky nen\u00ed. Pro \u00fapln\u00e9 pochopen\u00ed zde zprost\u0159edkuji odkaz, kde se m\u016f\u017eete ujistit v pravdivosti a objektivit\u011b m\u00e9ho vysv\u011btlen\u00ed <span style=\"color: rgba(83, 201, 28, 0.84);\"><a href=\"https:\/\/pctuning.tyden.cz\/hardware\/monitory-lcd-panely\/4509-pruvodce_plochymi_panely-tn_ips_mva_ktery_je_lepsi\" style=\"color: rgba(83, 201, 28, 0.84);\">https:\/\/pctuning.tyden.cz\/hardware\/monitory-lcd-panely\/4509-pruvodce_plochymi_panely-tn_ips_mva_ktery_je_lepsi<\/a>\u00a0<\/span>abychom vid\u011bli stejnou barvu, tak bychom v\u0161ichni museli m\u00edt stejn\u00fd display nejl\u00e9pe od EIZO se 100% pokryt\u00edm RGB p\u00e1sma. Po vz\u00e1jemn\u00e9 schod\u011b samoz\u0159ejm\u011b m\u016f\u017eeme barvu upravit, jen to mus\u00ed b\u00fdt objektivn\u00ed zm\u011bna.<\/span><\/span><\/p>\n<p><span style=\"font-size: xx-large; color: #c9a869;\">2 &#8211; sj<span>ednotit nadpisy a ud\u011blit jim jednotnou formu <span style=\"color: #7cda24; font-size: x-large;\">(provedeno)<\/span><\/span><br \/><\/span><span style=\"font-size: xx-large; color: #c9a869;\">3 &#8211; \u010d\u00e1sti nadpis\u016f \u0161edou barvou bez b\u00edl\u00e9 <span style=\"color: #ffffff; font-size: x-large;\"><strong><span style=\"color: #0c71c3;\">(open)<\/span><\/strong> (v tomto je to dost podobn\u00e9 s bodem 1, u mne kombinace b\u00edl\u00e9 se zlatou vypad\u00e1 p\u011bkn\u011b a dod\u00e1v\u00e1 webu p\u0159\u00edjemn\u00fd rozm\u011br, je to samoz\u0159ejm\u011b subjektivn\u00ed a zm\u011bnit se m\u016f\u017ee kdykoliv po vz\u00e1jemn\u00e9 schod\u011b, dal\u0161\u00ed v\u011bc\u00ed je b\u00edl\u00e1 barva v logu, od toho je pr\u00e1v\u011b odvozena b\u00edl\u00e1, jako kombina\u010dn\u00ed barva ke zlat\u00e9)<br \/><span style=\"font-size: xx-large; color: #c9a869;\">4 &#8211; nepotk\u00e1vaj\u00edc\u00ed se text jednotliv\u00fdch sekc\u00ed<span style=\"color: #e02b20;\">\u00a0<span style=\"font-size: x-large;\"><a href=\"https:\/\/mens-reile.com\/\" style=\"color: #e02b20;\"><strong>(nedoporu\u010duji)<\/strong><\/a><\/span><\/span><\/span><br \/><\/span><\/span><span style=\"font-size: x-large;\"><a href=\"https:\/\/www.empirecls.com\/luxury-car-service\/\">https:\/\/www.empirecls.com\/luxury-car-service\/<\/a><\/span><a href=\"https:\/\/mens-reile.com\/\" style=\"font-size: 33px;\"><span style=\"font-size: x-large;\">\u00a0<\/span><span style=\"color: #ffffff; font-size: x-large;\"><span><strong>\u00a0<\/strong><span style=\"font-size: x-large;\">(<\/span><\/span>absolutn\u011b p\u0159epl\u00e1can\u00e9, ale \u00fapln\u011b norm\u00e1ln\u00ed na 95% procentech v\u0161ech web\u016f)<\/span><\/a><br \/><a href=\"https:\/\/mens-reile.com\/\"><span style=\"font-size: x-large;\">https:\/\/mens-reile.com\/<\/span> <span style=\"color: #ffffff; font-size: x-large;\">(<\/span><\/a><span style=\"color: #ffffff; font-size: x-large;\"><a href=\"https:\/\/mens-reile.com\/\" style=\"color: #ffffff;\">jedny z nejoce\u0148ovan\u011bj\u0161\u00edch str\u00e1nek designovan\u00fdch v roce 2019 autor <\/a><a class=\"name\" href=\"https:\/\/kuon.space\/\" style=\"color: #ffffff;\">Kuon Yagi&#8230; a stejn\u011b se prol\u00ednaj\u00ed, m\u00e1 stav\u011bny stejn\u011b jako my jeden p\u0159\u00edsp\u011bvek na obrazovku)<br \/>Ptal jsi se na m\u016fj n\u00e1zor, co si o tom mysl\u00edm.<\/a>\u00a0No mysl\u00edm si o tom, \u017ee se to obecn\u011b v\u016fbec ne\u0159e\u0161\u00ed a nen\u00ed to pova\u017eovan\u00e9 za probl\u00e9m, toto, co m\u00e1me my je velkoprostrorov\u00e1 varianta, kdy \u00fapln\u011b ka\u017ed\u00e1 sekce se zobrazuje na display ve fin\u00e1le po odskrolov\u00e1n\u00ed sama a m\u00e1 rozli\u0161en\u00ed 1920 x 1080 pixel\u016f (jedna informace na obrazovku), oproti ostatn\u00edm web\u016fm a mysl\u00edm si \u017ee jich je 95% kter\u00e9 maj\u00ed sekci za sekci a jsou zcela p\u0159epl\u00e1can\u00e9 a chaotick\u00e9. Jedinou mo\u017enost\u00ed, jak doc\u00edlit toho, aby se texty nepotk\u00e1valy, je zv\u011bt\u0161it v\u00fd\u0161ku jednotliv\u00e9 sekce a vytvo\u0159it tak prostor mezi texty o rozm\u011bru cel\u00e9 jedn\u00e9 obrazovky, tak\u017ee by vznik pr\u00e1zdny prostor o rozm\u011bru 1920 x 1080 pixel\u016f ve kter\u00e9m by nic nebylo. V praxi by to znamenalo \u00fapln\u00e9 zohyzd\u011bn\u00ed webu a p\u0159\u00ed\u0161ern\u011b dlouh\u00e9 skrolov\u00e1n\u00ed dol\u016f, ne\u017e by se objevila dal\u0161\u00ed informace\/sekce<\/span><a href=\"https:\/\/mens-reile.com\/\"><\/a><\/p>\n<p>TAK JAKO TAK JSEM VYTVO\u0158IL PROST\u0158ED\u00cd, KDE SE TEXT NEPOTK\u00c1V\u00c1 S FOTKAMI ANI VIDEEM, TAK\u00c9 JE ZDE SJEDNOCEN\u00dd NADPISOV\u00dd TEXT, STR\u00c1NKY V\u0160AK ZOBRAZ\u00cdTE POUZE NA PC.<span style=\"color: #ffffff; font-size: x-large;\"><\/span><\/p>\n<p style=\"text-align: center;\">\u00a0<a href=\"https:\/\/testingapge2.cz\/predstaveni-2\/\">https:\/\/testingapge2.cz\/predstaveni-2\/<\/a><\/p>\n<div class=\"wrap\">\n<div class=\"icons\"><\/div>\n<\/div>\n<p style=\"text-align: center;\">\n<p style=\"text-align: center;\">\n<p>[\/et_pb_text][\/et_pb_column][\/et_pb_row][et_pb_row _builder_version=&#8220;4.4.1&#8243;][et_pb_column type=&#8220;4_4&#8243; _builder_version=&#8220;4.4.1&#8243;][et_pb_image src=&#8220;https:\/\/testingapge2.cz\/wp-content\/uploads\/2020\/03\/WhatsApp-Image-2020-03-19-at-17.57.56.jpeg&#8220; align=&#8220;center&#8220; _builder_version=&#8220;4.4.1&#8243; module_alignment=&#8220;center&#8220;][\/et_pb_image][\/et_pb_column][\/et_pb_row][\/et_pb_section][et_pb_section fb_built=&#8220;1&#8243; disabled_on=&#8220;off|off|on&#8220; _builder_version=&#8220;4.3.2&#8243; background_color=&#8220;#30334f&#8220; custom_padding=&#8220;0px||50px||false|false&#8220;][et_pb_row use_custom_gutter=&#8220;on&#8220; _builder_version=&#8220;4.3.2&#8243; width=&#8220;95%&#8220; max_width=&#8220;1920px&#8220; module_alignment=&#8220;center&#8220; custom_padding=&#8220;||0px|||&#8220;][et_pb_column type=&#8220;4_4&#8243; _builder_version=&#8220;4.0.11&#8243;][et_pb_text _builder_version=&#8220;4.4.1&#8243; text_font=&#8220;GOTHAM light||||||||&#8220; text_text_color=&#8220;#c9a869&#8243; text_font_size=&#8220;20px&#8220; text_line_height=&#8220;1em&#8220; header_text_align=&#8220;center&#8220; header_text_color=&#8220;#ffffff&#8220; header_font_size=&#8220;37px&#8220; background_enable_color=&#8220;off&#8220; transform_scale_last_edited=&#8220;off|desktop&#8220; transform_translate_last_edited=&#8220;off|desktop&#8220; transform_translate_linked=&#8220;off&#8220; transform_rotate_last_edited=&#8220;off|desktop&#8220; transform_skew_last_edited=&#8220;off|desktop&#8220; transform_origin_last_edited=&#8220;off|desktop&#8220; transform_styles_last_edited=&#8220;off|desktop&#8220; width=&#8220;100%&#8220; custom_margin=&#8220;0px|||0px|false|false&#8220; custom_margin_tablet=&#8220;&#8220; custom_margin_phone=&#8220;|0px||0px|false|false&#8220; custom_margin_last_edited=&#8220;on|desktop&#8220; custom_padding=&#8220;8px|0px|8px|0px|true|false&#8220; animation_style=&#8220;slide&#8220; animation_duration=&#8220;1500ms&#8220; hover_transition_duration=&#8220;2500ms&#8220; border_radii=&#8220;on|15px|15px|15px|15px&#8220; inline_fonts=&#8220;GOTHAM regular,GOTHAM light&#8220; transform_styles__hover_enabled=&#8220;on|hover&#8220; transform_scale__hover_enabled=&#8220;on|hover&#8220; transform_translate__hover_enabled=&#8220;on|desktop&#8220; transform_rotate__hover_enabled=&#8220;on|desktop&#8220; transform_skew__hover_enabled=&#8220;on|desktop&#8220; transform_origin__hover_enabled=&#8220;on|desktop&#8220;]<\/p>\n<h1>TATO STR\u00c1NKA<br \/><span color=\"#c9a869\" style=\"color: #c9a869;\">SE ZOBRAZUJE POUZE NA PC<\/span><\/h1>\n<p><b><span><\/span><\/b><\/p>\n<p>Abychom v\u0161e mohli dot\u00e1hnout do konce, tak se pros\u00edm na str\u00e1nky pod\u00edvejte v klidu, a\u017e budete na PC a dejte mi do nov\u011b vytvo\u0159en\u00e9 ED CREATORS skupiny na WhatsApp zp\u011btnou vazbu prost\u0159ednictv\u00edm spole\u010dn\u00e9ho komunik\u00e9. D\u011bkuji za pochopen\u00ed i v\u00e1\u0161 \u010das. V\u011b\u0159\u00edm, \u017e\u011b v\u0161e bude brzy hotov\u00e9 ku spokojenosti v\u0161ech z\u016f\u010dastn\u011bn\u00fdch \ud83d\ude42<\/p>\n<p style=\"text-align: center;\">\n<p>[\/et_pb_text][\/et_pb_column][\/et_pb_row][\/et_pb_section]<\/p>","protected":false},"excerpt":{"rendered":"<p>P\u0158IPOM\u00cdNKY OSKAR: 1 &#8211; ve videu o n\u00e1s ne\u017e\u00e1douc\u00ed grafika od tv\u016frc\u016f (vy\u0159e\u0161eno zm\u011bnou videa)2 &#8211; nevhodn\u00fd text &#8222;recep\u010dn\u00ed na kole\u010dk\u00e1ch&#8220;\u00a0(odstran\u011bno)3 &#8211; anglick\u00e1 mutace webu (v procesu) nejsp\u00ed\u0161 budu muset zduplikovat cel\u00fd obsah webu a manu\u00e1ln\u011b jej p\u0159elo\u017eit do angli\u010dtiny kter\u00e1 pak dostane sv\u016fj vlastn\u00ed button a bude se moci p\u0159ep\u00ednat (CZ\/ENG), nejsp\u00ed\u0161e to nep\u016fjde [&hellip;]<\/p>","protected":false},"author":1,"featured_media":0,"parent":0,"menu_order":0,"comment_status":"closed","ping_status":"closed","template":"","meta":{"_et_pb_use_builder":"on","_et_pb_old_content":"","_et_gb_content_width":"","footnotes":""},"class_list":["post-478","page","type-page","status-publish","hentry"],"_links":{"self":[{"href":"https:\/\/easydrivers.cz\/en\/wp-json\/wp\/v2\/pages\/478","targetHints":{"allow":["GET"]}}],"collection":[{"href":"https:\/\/easydrivers.cz\/en\/wp-json\/wp\/v2\/pages"}],"about":[{"href":"https:\/\/easydrivers.cz\/en\/wp-json\/wp\/v2\/types\/page"}],"author":[{"embeddable":true,"href":"https:\/\/easydrivers.cz\/en\/wp-json\/wp\/v2\/users\/1"}],"replies":[{"embeddable":true,"href":"https:\/\/easydrivers.cz\/en\/wp-json\/wp\/v2\/comments?post=478"}],"version-history":[{"count":12,"href":"https:\/\/easydrivers.cz\/en\/wp-json\/wp\/v2\/pages\/478\/revisions"}],"predecessor-version":[{"id":547,"href":"https:\/\/easydrivers.cz\/en\/wp-json\/wp\/v2\/pages\/478\/revisions\/547"}],"wp:attachment":[{"href":"https:\/\/easydrivers.cz\/en\/wp-json\/wp\/v2\/media?parent=478"}],"curies":[{"name":"wp","href":"https:\/\/api.w.org\/{rel}","templated":true}]}}