{"id":2107,"date":"2022-06-23T12:47:22","date_gmt":"2022-06-23T10:47:22","guid":{"rendered":"https:\/\/easydrivers.cz\/?page_id=2107"},"modified":"2022-06-23T13:35:14","modified_gmt":"2022-06-23T11:35:14","slug":"vip-transfer-pro-ambasady-a-delegace","status":"publish","type":"page","link":"https:\/\/easydrivers.cz\/en\/vip-transfer-pro-ambasady-a-delegace\/","title":{"rendered":"VIP transfer pro ambas\u00e1dy a delegace"},"content":{"rendered":"<p>[et_pb_section fb_built=&#8220;1&#8243; disabled_on=&#8220;on|on|off&#8220; _builder_version=&#8220;4.16&#8243; _module_preset=&#8220;default&#8220; background_enable_color=&#8220;off&#8220; background_video_mp4=&#8220;https:\/\/easydrivers.cz\/wp-content\/uploads\/2021\/04\/ed_social_B_clean_h264_1080p25_rec1886_stereo_200403.mp4&#8243; module_alignment=&#8220;center&#8220; custom_margin=&#8220;0px|||0px|false|false&#8220; custom_padding=&#8220;0px||0px|0px|false|false&#8220; global_colors_info=&#8220;{}&#8220;][et_pb_row _builder_version=&#8220;4.16&#8243; _module_preset=&#8220;default&#8220; width=&#8220;96%&#8220; max_width=&#8220;1300px&#8220; module_alignment=&#8220;center&#8220; custom_margin=&#8220;250px||240px||false|false&#8220; global_colors_info=&#8220;{}&#8220;][et_pb_column type=&#8220;4_4&#8243; _builder_version=&#8220;4.16&#8243; _module_preset=&#8220;default&#8220; global_colors_info=&#8220;{}&#8220;][et_pb_image src=&#8220;https:\/\/easydrivers.cz\/wp-content\/uploads\/2021\/03\/Easy-Drivers-s.r.o.-osobn\u00ed-luxusn\u00ed-p\u0159eprava-personal-transport-luxury-limousine-luxusn\u00ed-sv\u011btl\u00e1-verzest\u00edn.png&#8220; alt=&#8220;Easy Drivers s.r.o. osobn\u00ed luxusn\u00ed p\u0159eprava personal transport luxury limousine luxusn\u00ed sv\u011btl\u00e1 verze+st\u00edn&#8220; title_text=&#8220;Easy Drivers s.r.o. osobn\u00ed luxusn\u00ed p\u0159eprava personal transport luxury limousine luxusn\u00ed sv\u011btl\u00e1 verze+st\u00edn&#8220; _builder_version=&#8220;4.16&#8243; _module_preset=&#8220;default&#8220; transform_scale=&#8220;50%|50%&#8220; custom_margin=&#8220;-50px|0px||73px|false|false&#8220; animation_style=&#8220;slide&#8220; animation_duration=&#8220;1500ms&#8220; global_colors_info=&#8220;{}&#8220;][\/et_pb_image][et_pb_text _builder_version=&#8220;4.16&#8243; _module_preset=&#8220;default&#8220; text_font=&#8220;Gotham Light|||on|||||&#8220; text_text_color=&#8220;#caa869&#8243; text_font_size=&#8220;49px&#8220; transform_scale=&#8220;50%|50%&#8220; text_orientation=&#8220;center&#8220; custom_margin=&#8220;-109px||148px||false|false&#8220; custom_padding=&#8220;0px||||false|false&#8220; animation_style=&#8220;slide&#8220; animation_duration=&#8220;1500ms&#8220; text_text_shadow_style=&#8220;preset1&#8243; global_colors_info=&#8220;{}&#8220;]<\/p>\n<p><span style=\"font-weight: 400;\">LUXURY CHAUFFEUR AND CONCIERGE SERVICE<\/span><\/p>\n<p>[\/et_pb_text][\/et_pb_column][\/et_pb_row][et_pb_row _builder_version=&#8220;4.16&#8243; _module_preset=&#8220;default&#8220; custom_padding=&#8220;||0px|||&#8220; global_colors_info=&#8220;{}&#8220;][et_pb_column type=&#8220;4_4&#8243; _builder_version=&#8220;4.16&#8243; _module_preset=&#8220;default&#8220; global_colors_info=&#8220;{}&#8220;][\/et_pb_column][\/et_pb_row][\/et_pb_section][et_pb_section fb_built=&#8220;1&#8243; disabled_on=&#8220;off|off|on&#8220; _builder_version=&#8220;4.16&#8243; _module_preset=&#8220;default&#8220; background_enable_color=&#8220;off&#8220; background_video_mp4=&#8220;https:\/\/easydrivers.cz\/wp-content\/uploads\/2021\/03\/y2mate.com-ed-social-A-vertical-dnxhrhq-rec1886-stereo-200226_1080p.mp4&#8243; module_alignment=&#8220;center&#8220; custom_margin=&#8220;0px|||-2px|false|false&#8220; custom_padding=&#8220;100px||100px|0px|false|false&#8220; global_colors_info=&#8220;{}&#8220;][et_pb_row _builder_version=&#8220;4.16&#8243; _module_preset=&#8220;default&#8220; custom_padding=&#8220;||95px|||&#8220; global_colors_info=&#8220;{}&#8220;][et_pb_column type=&#8220;4_4&#8243; _builder_version=&#8220;4.16&#8243; _module_preset=&#8220;default&#8220; global_colors_info=&#8220;{}&#8220;][\/et_pb_column][\/et_pb_row][et_pb_row _builder_version=&#8220;4.16&#8243; _module_preset=&#8220;default&#8220; custom_margin=&#8220;0px||||false|false&#8220; global_colors_info=&#8220;{}&#8220;][et_pb_column type=&#8220;4_4&#8243; _builder_version=&#8220;4.16&#8243; _module_preset=&#8220;default&#8220; global_colors_info=&#8220;{}&#8220;][et_pb_text _builder_version=&#8220;4.16&#8243; _module_preset=&#8220;default&#8220; text_font=&#8220;Gotham Light|||on|||||&#8220; text_text_color=&#8220;#caa869&#8243; text_font_size=&#8220;25px&#8220; text_orientation=&#8220;center&#8220; custom_margin=&#8220;-34px||||false|false&#8220; custom_padding=&#8220;0px||0px||false|false&#8220; animation_style=&#8220;slide&#8220; animation_duration=&#8220;1500ms&#8220; text_text_shadow_style=&#8220;preset1&#8243; global_colors_info=&#8220;{}&#8220;]<\/p>\n<p class=\"translation-block\">LUXURY CHAUFFEUR AND CONCIERGE SERVICES<\/p>\n<p>[\/et_pb_text][\/et_pb_column][\/et_pb_row][et_pb_row _builder_version=&#8220;4.16&#8243; _module_preset=&#8220;default&#8220; custom_padding=&#8220;||177px||false|false&#8220; global_colors_info=&#8220;{}&#8220;][et_pb_column type=&#8220;4_4&#8243; _builder_version=&#8220;4.16&#8243; _module_preset=&#8220;default&#8220; global_colors_info=&#8220;{}&#8220;][\/et_pb_column][\/et_pb_row][\/et_pb_section][et_pb_section fb_built=&#8220;1&#8243; _builder_version=&#8220;4.16&#8243; _module_preset=&#8220;default&#8220; background_color=&#8220;#30334f&#8220; custom_margin=&#8220;-1px||||false|false&#8220; custom_padding=&#8220;30px||20px|||&#8220; global_colors_info=&#8220;{}&#8220;][et_pb_row column_structure=&#8220;2_5,3_5&#8243; use_custom_gutter=&#8220;on&#8220; gutter_width=&#8220;2&#8243; custom_padding_last_edited=&#8220;on|phone&#8220; disabled_on=&#8220;off|off|off&#8220; _builder_version=&#8220;4.16&#8243; background_color=&#8220;#FFFFFF&#8220; width_tablet=&#8220;&#8220; width_phone=&#8220;93%&#8220; width_last_edited=&#8220;on|desktop&#8220; max_width=&#8220;1312px&#8220; max_width_tablet=&#8220;1312px&#8220; max_width_phone=&#8220;93%&#8220; max_width_last_edited=&#8220;on|phone&#8220; module_alignment=&#8220;center&#8220; custom_margin=&#8220;100px|auto||0px|false|false&#8220; custom_margin_tablet=&#8220;&#8220; custom_margin_phone=&#8220;41px|0px||13px|false|false&#8220; custom_margin_last_edited=&#8220;on|phone&#8220; custom_padding=&#8220;||25px||false|false&#8220; custom_padding_tablet=&#8220;||25px||false|false&#8220; custom_padding_phone=&#8220;||0px||false|false&#8220; border_radii=&#8220;off|25px|25px||&#8220; global_colors_info=&#8220;{}&#8220;][et_pb_column type=&#8220;2_5&#8243; _builder_version=&#8220;4.16&#8243; global_colors_info=&#8220;{}&#8220;][et_pb_image src=&#8220;https:\/\/easydrivers.cz\/wp-content\/uploads\/2022\/06\/Webp.net-resizeimage-2.jpg&#8220; alt=&#8220;Zaji\u0161t\u011bn\u00ed VIP transfer\u016f pro ambas\u00e1dy a d\u016fle\u017eit\u00e9 delegace.&#8220; title_text=&#8220;Webp.net-resizeimage&#8220; _builder_version=&#8220;4.17.4&#8243; _module_preset=&#8220;default&#8220; transform_scale_tablet=&#8220;&#8220; transform_scale_phone=&#8220;94%|94%&#8220; transform_scale_last_edited=&#8220;on|desktop&#8220; transform_translate=&#8220;20px|5px&#8220; transform_translate_tablet=&#8220;20px|5px&#8220; transform_translate_phone=&#8220;-1px|-20px&#8220; transform_translate_last_edited=&#8220;on|phone&#8220; transform_translate_linked=&#8220;off&#8220; transform_rotate_tablet=&#8220;&#8220; transform_rotate_phone=&#8220;&#8220; transform_rotate_last_edited=&#8220;on|desktop&#8220; transform_skew_tablet=&#8220;&#8220; transform_skew_phone=&#8220;&#8220; transform_skew_last_edited=&#8220;on|desktop&#8220; transform_origin_tablet=&#8220;&#8220; transform_origin_phone=&#8220;&#8220; transform_origin_last_edited=&#8220;on|phone&#8220; transform_styles_last_edited=&#8220;on|phone&#8220; width=&#8220;98%&#8220; custom_margin=&#8220;49px|||0px|false|false&#8220; custom_padding=&#8220;|||40px|false|false&#8220; transform_styles_tablet=&#8220;&#8220; transform_styles_phone=&#8220;&#8220; border_radii=&#8220;on|35px|35px|35px|35px&#8220; global_colors_info=&#8220;{}&#8220;][\/et_pb_image][\/et_pb_column][et_pb_column type=&#8220;3_5&#8243; _builder_version=&#8220;4.16&#8243; global_colors_info=&#8220;{}&#8220;][et_pb_text _builder_version=&#8220;4.17.4&#8243; _module_preset=&#8220;default&#8220; custom_margin=&#8220;4px||10px||false|false&#8220; custom_margin_tablet=&#8220;4px||10px||false|false&#8220; custom_margin_phone=&#8220;-22px||||false|false&#8220; custom_margin_last_edited=&#8220;on|phone&#8220; custom_padding=&#8220;0px||0px||false|false&#8220; global_colors_info=&#8220;{}&#8220; custom_margin__hover_enabled=&#8220;on|desktop&#8220; custom_margin__hover=&#8220;4px||10px||false|false&#8220;]<\/p>\n<h1 style=\"text-align: center;\"><strong>VIP transfer pro ambas\u00e1dy a delegace<\/strong><\/h1>\n<p>[\/et_pb_text][et_pb_text _builder_version=&#8220;4.17.4&#8243; _module_preset=&#8220;default&#8220; text_font=&#8220;Gotham Light|100|||||||&#8220; text_text_color=&#8220;#000000&#8243; text_font_size=&#8220;19px&#8220; width_tablet=&#8220;&#8220; width_phone=&#8220;90%&#8220; width_last_edited=&#8220;on|desktop&#8220; max_width=&#8220;90%&#8220; max_width_tablet=&#8220;100%&#8220; max_width_phone=&#8220;100%&#8220; max_width_last_edited=&#8220;on|phone&#8220; module_alignment=&#8220;center&#8220; global_colors_info=&#8220;{}&#8220;]<\/p>\n<p style=\"text-align: justify;\"><span style=\"font-weight: 400;\">Easy Drivers V\u00e1m mimo jin\u00e9 nab\u00edz\u00ed slu\u017ebu VIP transfer pro ambas\u00e1dy a delegace. I v p\u0159\u00edpad\u011b v\u011bt\u0161\u00edch delegac\u00ed jsme schopni zajistit dostate\u010dn\u00fd po\u010det luxusn\u00edch vozidel, vhodn\u00fdch ke speci\u00e1ln\u00edm ud\u00e1lostem. Stejn\u011b tak zaru\u010dujeme profesion\u00e1ln\u00ed a spolehliv\u00e9 \u0159idi\u010de.<\/span><\/p>\n<p>[\/et_pb_text][et_pb_text _builder_version=&#8220;4.17.4&#8243; _module_preset=&#8220;default&#8220; text_font=&#8220;Gotham Light||||||||&#8220; text_text_color=&#8220;#000000&#8243; text_font_size=&#8220;18px&#8220; width_tablet=&#8220;&#8220; width_phone=&#8220;90%&#8220; width_last_edited=&#8220;on|desktop&#8220; max_width=&#8220;90%&#8220; module_alignment=&#8220;center&#8220; custom_padding=&#8220;4px||0px||false|false&#8220; global_colors_info=&#8220;{}&#8220;]<\/p>\n<p>&nbsp;<\/p>\n<ul>\n<li><b>Zku\u0161enost s j\u00edzdami v kolon\u00e1ch<\/b><\/li>\n<li><b>Zku\u0161enost s j\u00edzdami s doprovodem<\/b><\/li>\n<li><b>Available 24 hours a day<\/b><\/li>\n<li><b>Professional skills<\/b><\/li>\n<li><b>Professionalism and discretion are paramount<\/b><\/li>\n<li><b>Luxury cars with above-standard equipment<\/b><\/li>\n<\/ul>\n<ul><\/ul>\n<p>[\/et_pb_text][\/et_pb_column][\/et_pb_row][et_pb_row use_custom_gutter=&#8220;on&#8220; gutter_width=&#8220;2&#8243; disabled_on=&#8220;off|off|off&#8220; _builder_version=&#8220;4.16&#8243; _module_preset=&#8220;default&#8220; background_color=&#8220;#FFFFFF&#8220; width=&#8220;73%&#8220; width_tablet=&#8220;73%&#8220; width_phone=&#8220;93%&#8220; width_last_edited=&#8220;on|phone&#8220; max_width=&#8220;1312px&#8220; max_width_tablet=&#8220;1312px&#8220; max_width_phone=&#8220;93%&#8220; max_width_last_edited=&#8220;on|phone&#8220; module_alignment=&#8220;center&#8220; custom_margin=&#8220;0px|auto||326px|false|false&#8220; custom_margin_tablet=&#8220;0px|auto||326px|false|false&#8220; custom_margin_phone=&#8220;0px|||13px|false|false&#8220; custom_margin_last_edited=&#8220;on|phone&#8220; custom_padding=&#8220;||25px||false|false&#8220; border_radii=&#8220;off|||25px|25px&#8220; global_colors_info=&#8220;{}&#8220;][et_pb_column type=&#8220;4_4&#8243; _builder_version=&#8220;4.16&#8243; _module_preset=&#8220;default&#8220; global_colors_info=&#8220;{}&#8220;][et_pb_text _builder_version=&#8220;4.17.4&#8243; _module_preset=&#8220;default&#8220; text_font=&#8220;Gotham Light|100|||||||&#8220; text_text_color=&#8220;#000000&#8243; text_font_size=&#8220;19px&#8220; width=&#8220;90%&#8220; width_tablet=&#8220;90%&#8220; width_phone=&#8220;88%&#8220; width_last_edited=&#8220;on|phone&#8220; module_alignment=&#8220;center&#8220; custom_margin=&#8220;||15px||false|false&#8220; global_colors_info=&#8220;{}&#8220;]<\/p>\n<p style=\"text-align: justify;\"><span style=\"font-weight: 400;\">Pot\u0159ebujete-li zajistit luxusn\u00ed VIP transfer pro jak\u00e9koliv st\u00e1tn\u00ed z\u00e1stupce, velk\u00e9 delegace, ambas\u00e1dy \u010di st\u00e1l\u00e9ho \u0159idi\u010de pro zahrani\u010dn\u00edho deleg\u00e1ta, my v Easy Drivers jsme schopni zajistit v\u0161e pot\u0159ebn\u00e9. Od sestaven\u00ed detailn\u00edho pl\u00e1nu a harmonogramu s dostate\u010dn\u00fdm p\u0159edstihem, po n\u00e1slednou realizaci a \u00fasp\u011b\u0161n\u00e9 zakon\u010den\u00ed.<\/span><\/p>\n<h3><strong><\/strong><\/h3>\n<h3><strong>VIP transfer pro ambas\u00e1dy a delegace<\/strong><\/h3>\n<p style=\"text-align: justify;\"><span style=\"font-weight: 400;\">Tuto speci\u00e1ln\u00ed slu\u017ebu pro st\u00e1tn\u00ed z\u00e1stupce a jejich v\u011bt\u0161\u00ed skupiny si dovolujeme nab\u00eddnout na z\u00e1klad\u011b na\u0161ich zku\u0161enost\u00ed a mo\u017enost\u00ed. Na\u0161i \u0159idi\u010di jsou speci\u00e1ln\u011b tr\u00e9novan\u00ed pro eskort vozidly a speci\u00e1ln\u00ed \u0159\u00edzen\u00ed vozidel. Ovl\u00e1daj\u00ed tedy principy sestaven\u00ed kolony a j\u00edzdy v n\u00ed \u010di z\u00e1sady \u0159\u00edzen\u00ed v mezn\u00edch situac\u00edch, \u00fanikov\u00e9 man\u00e9vry a pr\u016fjezdy kritick\u00fdmi m\u00edsty. A to v\u0161e v na\u0161ich luxusn\u00edch vozech zna\u010dek Mercedes-Benz, Tesla, Audi a BMW r\u016fzn\u00fdch model\u016f. Od sedan\u016f a limuz\u00edn pro mal\u00fd po\u010det pasa\u017e\u00e9r\u016f po velk\u00e9 luxusn\u00ed autobusy, preferujete-li delegaci p\u0159epravovat pohromad\u011b.<\/span><\/p>\n<p>[\/et_pb_text][et_pb_image src=&#8220;https:\/\/easydrivers.cz\/wp-content\/uploads\/2022\/06\/Webp.net-resizeimage-13.jpg&#8220; alt=&#8220;Zaji\u0161t\u011bn\u00ed VIP dopravy pro velk\u00e9 delegace, konference, kongresy&#8220; title_text=&#8220;Webp.net-resizeimage (13)&#8220; _builder_version=&#8220;4.17.4&#8243; _module_preset=&#8220;default&#8220; transform_scale_tablet=&#8220;&#8220; transform_scale_phone=&#8220;90%|90%&#8220; transform_scale_last_edited=&#8220;on|phone&#8220; transform_translate_tablet=&#8220;&#8220; transform_translate_phone=&#8220;&#8220; transform_translate_last_edited=&#8220;on|phone&#8220; transform_rotate_tablet=&#8220;&#8220; transform_rotate_phone=&#8220;&#8220; transform_rotate_last_edited=&#8220;on|phone&#8220; transform_skew_tablet=&#8220;&#8220; transform_skew_phone=&#8220;&#8220; transform_skew_last_edited=&#8220;on|phone&#8220; transform_origin_tablet=&#8220;&#8220; transform_origin_phone=&#8220;&#8220; transform_origin_last_edited=&#8220;on|phone&#8220; transform_styles_last_edited=&#8220;on|phone&#8220; width=&#8220;90%&#8220; module_alignment=&#8220;center&#8220; transform_styles_tablet=&#8220;&#8220; transform_styles_phone=&#8220;&#8220; border_radii=&#8220;on|25px|25px|25px|25px&#8220; global_colors_info=&#8220;{}&#8220;][\/et_pb_image][et_pb_text _builder_version=&#8220;4.17.4&#8243; _module_preset=&#8220;default&#8220; text_font=&#8220;Gotham Light|100|||||||&#8220; text_text_color=&#8220;#000000&#8243; text_font_size=&#8220;19px&#8220; width=&#8220;90%&#8220; width_tablet=&#8220;90%&#8220; width_phone=&#8220;88%&#8220; width_last_edited=&#8220;on|phone&#8220; module_alignment=&#8220;center&#8220; custom_margin=&#8220;||15px||false|false&#8220; hover_enabled=&#8220;0&#8243; global_colors_info=&#8220;{}&#8220; sticky_enabled=&#8220;0&#8243;]<\/p>\n<h3><strong><\/strong><\/h3>\n<h3><strong>TRANSFER PRO AMBAS\u00c1DY A DELEGACE NA \u00daROVNI<\/strong><\/h3>\n<p style=\"text-align: justify;\"><span style=\"font-weight: 400;\">N\u00e1\u0161 servis dosahuje mezin\u00e1rodn\u00edch kvalit, proto je u n\u00e1s samoz\u0159ejmost\u00ed, \u017ee jsou na\u0161e luxusn\u00ed vozy v\u017edy v perfektn\u00ed \u010distot\u011b v interi\u00e9ru i navenek, v nadstandardn\u00ed v\u00fdbav\u011b a pravideln\u011b je servisujeme. Ve \u0161pi\u010dkov\u00e9 kabin\u011b je pro V\u00e1s tak\u00e9 p\u0159ipravena voda, wifi, de\u0161tn\u00edk a dal\u0161\u00ed propriety. Na\u0161i profesion\u00e1ln\u00ed \u0159idi\u010di jsou mil\u00ed, n\u00e1pomocn\u00ed, distingovan\u00ed a a z\u00e1rove\u0148 se dr\u017e\u00ed intern\u00edho kodexu o diskr\u00e9tnosti. Bez probl\u00e9mu ovl\u00e1daj\u00ed konverza\u010dn\u00ed angli\u010dtinu.<\/span><b><br \/><\/b><span style=\"font-weight: 400;\">Nev\u00e1hejte n\u00e1s kdykoliv kontaktovat a p\u0159edat n\u00e1m Va\u0161e p\u0159edstavy a po\u017eadavky, dop\u0159edu se dle nich za\u0159\u00edd\u00edme.<\/span><\/p>\n<p>[\/et_pb_text][et_pb_text content_tablet=&#8220;<\/p>\n<p><strong>To book your personal driver, call us anytime at +420 733 555 911 or email us your wishes and requirements at info@easydrivers.cz.<\/strong><\/p>\n<p>&#8220; content_phone=&#8220;<\/p>\n<p><strong>To book your personal driver, call us anytime at +420 733 555 911 or email us your wishes and requirements at info@easydrivers.cz.<\/strong><\/p>\n<p>&#8220; content_last_edited=&#8220;on|phone&#8220; _builder_version=&#8220;4.17.4&#8243; _module_preset=&#8220;default&#8220; text_font=&#8220;Gotham Light|100|||||||&#8220; text_text_color=&#8220;#000000&#8243; text_font_size=&#8220;25px&#8220; width=&#8220;90%&#8220; width_tablet=&#8220;90%&#8220; width_phone=&#8220;88%&#8220; width_last_edited=&#8220;on|phone&#8220; module_alignment=&#8220;center&#8220; custom_margin=&#8220;||15px||false|false&#8220; text_font_size_tablet=&#8220;25px&#8220; text_font_size_phone=&#8220;18px&#8220; text_font_size_last_edited=&#8220;on|desktop&#8220; global_module=&#8220;2081&#8243; saved_tabs=&#8220;all&#8220; global_colors_info=&#8220;{}&#8220;]<\/p>\n<p><b>Pro objedn\u00e1n\u00ed na\u0161ich slu\u017eeb volejte kdykoliv na +420 733 555 911 nebo n\u00e1m napi\u0161te sv\u00e1 p\u0159\u00e1n\u00ed a po\u017eadavky na <\/b><a href=\"mailto:info@easydrivers.cz\"><b>info@easydrivers.cz<\/b><\/a><b>.<\/b><\/p>\n<p>[\/et_pb_text][\/et_pb_column][\/et_pb_row][et_pb_row _builder_version=&#8220;4.16&#8243; _module_preset=&#8220;default&#8220; custom_padding=&#8220;2px||2px|||&#8220; global_colors_info=&#8220;{}&#8220;][et_pb_column type=&#8220;4_4&#8243; _builder_version=&#8220;4.16&#8243; _module_preset=&#8220;default&#8220; global_colors_info=&#8220;{}&#8220;][et_pb_button button_url=&#8220;https:\/\/easydrivers.cz\/objednat\/&#8220; button_text=&#8220;OBJEDNAT&#8220; button_alignment=&#8220;center&#8220; disabled_on=&#8220;off|off|off&#8220; _builder_version=&#8220;4.16&#8243; custom_button=&#8220;on&#8220; button_text_size=&#8220;15px&#8220; button_text_color=&#8220;#c9a869&#8243; button_border_radius=&#8220;35px&#8220; button_font=&#8220;||||||||&#8220; button_icon=&#8220;&#x5c;||divi||400&#8243; transform_translate_linked=&#8220;off&#8220; custom_margin=&#8220;20px|0px|0px|0px|false|false&#8220; animation_style=&#8220;fade&#8220; animation_duration=&#8220;1500ms&#8220; global_colors_info=&#8220;{}&#8220;][\/et_pb_button][\/et_pb_column][\/et_pb_row][\/et_pb_section]<\/p>","protected":false},"excerpt":{"rendered":"<p>LUXUSN\u00cd P\u0158EPRAVA A CONCIERGE SERVISLUXUSN\u00cd P\u0158EPRAVACONCIERGE SERVISVIP transfer pro ambas\u00e1dy a delegaceEasy Drivers V\u00e1m mimo jin\u00e9 nab\u00edz\u00ed slu\u017ebu VIP transfer pro ambas\u00e1dy a delegace. I v p\u0159\u00edpad\u011b v\u011bt\u0161\u00edch delegac\u00ed jsme schopni zajistit dostate\u010dn\u00fd po\u010det luxusn\u00edch vozidel, vhodn\u00fdch ke speci\u00e1ln\u00edm ud\u00e1lostem. Stejn\u011b tak zaru\u010dujeme profesion\u00e1ln\u00ed a spolehliv\u00e9 \u0159idi\u010de.&nbsp; Zku\u0161enost s j\u00edzdami v kolon\u00e1ch Zku\u0161enost s j\u00edzdami [&hellip;]<\/p>","protected":false},"author":3,"featured_media":2111,"parent":0,"menu_order":0,"comment_status":"closed","ping_status":"closed","template":"","meta":{"_et_pb_use_builder":"on","_et_pb_old_content":"","_et_gb_content_width":"","footnotes":""},"class_list":["post-2107","page","type-page","status-publish","has-post-thumbnail","hentry"],"_links":{"self":[{"href":"https:\/\/easydrivers.cz\/en\/wp-json\/wp\/v2\/pages\/2107","targetHints":{"allow":["GET"]}}],"collection":[{"href":"https:\/\/easydrivers.cz\/en\/wp-json\/wp\/v2\/pages"}],"about":[{"href":"https:\/\/easydrivers.cz\/en\/wp-json\/wp\/v2\/types\/page"}],"author":[{"embeddable":true,"href":"https:\/\/easydrivers.cz\/en\/wp-json\/wp\/v2\/users\/3"}],"replies":[{"embeddable":true,"href":"https:\/\/easydrivers.cz\/en\/wp-json\/wp\/v2\/comments?post=2107"}],"version-history":[{"count":9,"href":"https:\/\/easydrivers.cz\/en\/wp-json\/wp\/v2\/pages\/2107\/revisions"}],"predecessor-version":[{"id":2121,"href":"https:\/\/easydrivers.cz\/en\/wp-json\/wp\/v2\/pages\/2107\/revisions\/2121"}],"wp:featuredmedia":[{"embeddable":true,"href":"https:\/\/easydrivers.cz\/en\/wp-json\/wp\/v2\/media\/2111"}],"wp:attachment":[{"href":"https:\/\/easydrivers.cz\/en\/wp-json\/wp\/v2\/media?parent=2107"}],"curies":[{"name":"wp","href":"https:\/\/api.w.org\/{rel}","templated":true}]}}