{"id":2054,"date":"2022-06-13T17:01:57","date_gmt":"2022-06-13T15:01:57","guid":{"rendered":"https:\/\/easydrivers.cz\/?page_id=2054"},"modified":"2022-06-16T15:08:10","modified_gmt":"2022-06-16T13:08:10","slug":"odvoz-vozu","status":"publish","type":"page","link":"https:\/\/easydrivers.cz\/en\/odvoz-vozu\/","title":{"rendered":"Vehicle transport"},"content":{"rendered":"<p>[et_pb_section fb_built=&#8220;1&#8243; disabled_on=&#8220;on|on|off&#8220; _builder_version=&#8220;4.16&#8243; _module_preset=&#8220;default&#8220; background_enable_color=&#8220;off&#8220; background_video_mp4=&#8220;https:\/\/easydrivers.cz\/wp-content\/uploads\/2021\/04\/ed_social_B_clean_h264_1080p25_rec1886_stereo_200403.mp4&#8243; module_alignment=&#8220;center&#8220; custom_margin=&#8220;0px|||0px|false|false&#8220; custom_padding=&#8220;0px||0px|0px|false|false&#8220; global_colors_info=&#8220;{}&#8220;][et_pb_row _builder_version=&#8220;4.16&#8243; _module_preset=&#8220;default&#8220; width=&#8220;96%&#8220; max_width=&#8220;1300px&#8220; module_alignment=&#8220;center&#8220; custom_margin=&#8220;250px||240px||false|false&#8220; global_colors_info=&#8220;{}&#8220;][et_pb_column type=&#8220;4_4&#8243; _builder_version=&#8220;4.16&#8243; _module_preset=&#8220;default&#8220; global_colors_info=&#8220;{}&#8220;][et_pb_image src=&#8220;https:\/\/easydrivers.cz\/wp-content\/uploads\/2021\/03\/Easy-Drivers-s.r.o.-osobn\u00ed-luxusn\u00ed-p\u0159eprava-personal-transport-luxury-limousine-luxusn\u00ed-sv\u011btl\u00e1-verzest\u00edn.png&#8220; alt=&#8220;Easy Drivers s.r.o. osobn\u00ed luxusn\u00ed p\u0159eprava personal transport luxury limousine luxusn\u00ed sv\u011btl\u00e1 verze+st\u00edn&#8220; title_text=&#8220;Easy Drivers s.r.o. osobn\u00ed luxusn\u00ed p\u0159eprava personal transport luxury limousine luxusn\u00ed sv\u011btl\u00e1 verze+st\u00edn&#8220; _builder_version=&#8220;4.16&#8243; _module_preset=&#8220;default&#8220; transform_scale=&#8220;50%|50%&#8220; custom_margin=&#8220;-50px|0px||73px|false|false&#8220; animation_style=&#8220;slide&#8220; animation_duration=&#8220;1500ms&#8220; global_colors_info=&#8220;{}&#8220;][\/et_pb_image][et_pb_text _builder_version=&#8220;4.16&#8243; _module_preset=&#8220;default&#8220; text_font=&#8220;Gotham Light|||on|||||&#8220; text_text_color=&#8220;#caa869&#8243; text_font_size=&#8220;49px&#8220; transform_scale=&#8220;50%|50%&#8220; text_orientation=&#8220;center&#8220; custom_margin=&#8220;-109px||148px||false|false&#8220; custom_padding=&#8220;0px||||false|false&#8220; animation_style=&#8220;slide&#8220; animation_duration=&#8220;1500ms&#8220; text_text_shadow_style=&#8220;preset1&#8243; global_colors_info=&#8220;{}&#8220;]<\/p>\n<p><span style=\"font-weight: 400;\">LUXURY CHAUFFEUR AND CONCIERGE SERVICE<\/span><\/p>\n<p>[\/et_pb_text][\/et_pb_column][\/et_pb_row][et_pb_row _builder_version=&#8220;4.16&#8243; _module_preset=&#8220;default&#8220; custom_padding=&#8220;||0px|||&#8220; global_colors_info=&#8220;{}&#8220;][et_pb_column type=&#8220;4_4&#8243; _builder_version=&#8220;4.16&#8243; _module_preset=&#8220;default&#8220; global_colors_info=&#8220;{}&#8220;][\/et_pb_column][\/et_pb_row][\/et_pb_section][et_pb_section fb_built=&#8220;1&#8243; disabled_on=&#8220;off|off|on&#8220; _builder_version=&#8220;4.16&#8243; _module_preset=&#8220;default&#8220; background_enable_color=&#8220;off&#8220; background_video_mp4=&#8220;https:\/\/easydrivers.cz\/wp-content\/uploads\/2021\/03\/y2mate.com-ed-social-A-vertical-dnxhrhq-rec1886-stereo-200226_1080p.mp4&#8243; module_alignment=&#8220;center&#8220; custom_margin=&#8220;0px|||-2px|false|false&#8220; custom_padding=&#8220;100px||100px|0px|false|false&#8220; global_colors_info=&#8220;{}&#8220;][et_pb_row _builder_version=&#8220;4.16&#8243; _module_preset=&#8220;default&#8220; custom_padding=&#8220;||95px|||&#8220; global_colors_info=&#8220;{}&#8220;][et_pb_column type=&#8220;4_4&#8243; _builder_version=&#8220;4.16&#8243; _module_preset=&#8220;default&#8220; global_colors_info=&#8220;{}&#8220;][\/et_pb_column][\/et_pb_row][et_pb_row _builder_version=&#8220;4.16&#8243; _module_preset=&#8220;default&#8220; custom_margin=&#8220;0px||||false|false&#8220; global_colors_info=&#8220;{}&#8220;][et_pb_column type=&#8220;4_4&#8243; _builder_version=&#8220;4.16&#8243; _module_preset=&#8220;default&#8220; global_colors_info=&#8220;{}&#8220;][et_pb_text _builder_version=&#8220;4.16&#8243; _module_preset=&#8220;default&#8220; text_font=&#8220;Gotham Light|||on|||||&#8220; text_text_color=&#8220;#caa869&#8243; text_font_size=&#8220;25px&#8220; text_orientation=&#8220;center&#8220; custom_margin=&#8220;-34px||||false|false&#8220; custom_padding=&#8220;0px||0px||false|false&#8220; animation_style=&#8220;slide&#8220; animation_duration=&#8220;1500ms&#8220; text_text_shadow_style=&#8220;preset1&#8243; global_colors_info=&#8220;{}&#8220;]<\/p>\n<p class=\"translation-block\">LUXURY CHAUFFEUR AND CONCIERGE SERVICES<\/p>\n<p>[\/et_pb_text][\/et_pb_column][\/et_pb_row][et_pb_row _builder_version=&#8220;4.16&#8243; _module_preset=&#8220;default&#8220; custom_padding=&#8220;||177px||false|false&#8220; global_colors_info=&#8220;{}&#8220;][et_pb_column type=&#8220;4_4&#8243; _builder_version=&#8220;4.16&#8243; _module_preset=&#8220;default&#8220; global_colors_info=&#8220;{}&#8220;][\/et_pb_column][\/et_pb_row][\/et_pb_section][et_pb_section fb_built=&#8220;1&#8243; _builder_version=&#8220;4.16&#8243; _module_preset=&#8220;default&#8220; background_color=&#8220;#30334f&#8220; custom_margin=&#8220;-1px||||false|false&#8220; custom_padding=&#8220;30px||20px|||&#8220; global_colors_info=&#8220;{}&#8220;][et_pb_row column_structure=&#8220;2_5,3_5&#8243; use_custom_gutter=&#8220;on&#8220; gutter_width=&#8220;2&#8243; custom_padding_last_edited=&#8220;on|phone&#8220; disabled_on=&#8220;off|off|off&#8220; _builder_version=&#8220;4.16&#8243; background_color=&#8220;#FFFFFF&#8220; width_tablet=&#8220;&#8220; width_phone=&#8220;93%&#8220; width_last_edited=&#8220;on|desktop&#8220; max_width=&#8220;1312px&#8220; max_width_tablet=&#8220;1312px&#8220; max_width_phone=&#8220;93%&#8220; max_width_last_edited=&#8220;on|phone&#8220; module_alignment=&#8220;center&#8220; custom_margin=&#8220;100px|auto||0px|false|false&#8220; custom_margin_tablet=&#8220;&#8220; custom_margin_phone=&#8220;41px|0px||13px|false|false&#8220; custom_margin_last_edited=&#8220;on|phone&#8220; custom_padding=&#8220;||25px||false|false&#8220; custom_padding_tablet=&#8220;||25px||false|false&#8220; custom_padding_phone=&#8220;||0px||false|false&#8220; border_radii=&#8220;off|25px|25px||&#8220; global_colors_info=&#8220;{}&#8220;][et_pb_column type=&#8220;2_5&#8243; _builder_version=&#8220;4.16&#8243; global_colors_info=&#8220;{}&#8220;][et_pb_image src=&#8220;https:\/\/easydrivers.cz\/wp-content\/uploads\/2022\/06\/Webp.net-resizeimage-11.jpg&#8220; alt=&#8220;Odvoz vozu kdykoliv a kdekoliv. Neriskujte a objednejte si Easy Drivers, profesion\u00e1ln\u00ed \u0159idi\u010de na \u00farovni.&#8220; title_text=&#8220;Webp.net-resizeimage (11)&#8220; _builder_version=&#8220;4.17.4&#8243; _module_preset=&#8220;default&#8220; transform_scale_tablet=&#8220;&#8220; transform_scale_phone=&#8220;94%|94%&#8220; transform_scale_last_edited=&#8220;on|desktop&#8220; transform_translate=&#8220;20px|5px&#8220; transform_translate_tablet=&#8220;20px|5px&#8220; transform_translate_phone=&#8220;-1px|-20px&#8220; transform_translate_last_edited=&#8220;on|phone&#8220; transform_translate_linked=&#8220;off&#8220; transform_rotate_tablet=&#8220;&#8220; transform_rotate_phone=&#8220;&#8220; transform_rotate_last_edited=&#8220;on|desktop&#8220; transform_skew_tablet=&#8220;&#8220; transform_skew_phone=&#8220;&#8220; transform_skew_last_edited=&#8220;on|desktop&#8220; transform_origin_tablet=&#8220;&#8220; transform_origin_phone=&#8220;&#8220; transform_origin_last_edited=&#8220;on|phone&#8220; transform_styles_last_edited=&#8220;on|phone&#8220; custom_margin=&#8220;49px|||70px|false|false&#8220; custom_padding=&#8220;|||50px|false|false&#8220; hover_enabled=&#8220;0&#8243; transform_styles_tablet=&#8220;&#8220; transform_styles_phone=&#8220;&#8220; border_radii=&#8220;on|35px|35px|35px|35px&#8220; global_colors_info=&#8220;{}&#8220; module_alignment=&#8220;center&#8220; sticky_enabled=&#8220;0&#8243;][\/et_pb_image][\/et_pb_column][et_pb_column type=&#8220;3_5&#8243; _builder_version=&#8220;4.16&#8243; global_colors_info=&#8220;{}&#8220;][et_pb_text _builder_version=&#8220;4.17.3&#8243; _module_preset=&#8220;default&#8220; custom_margin=&#8220;4px||10px||false|false&#8220; custom_margin_tablet=&#8220;4px||10px||false|false&#8220; custom_margin_phone=&#8220;-22px||||false|false&#8220; custom_margin_last_edited=&#8220;on|phone&#8220; custom_padding=&#8220;0px||0px||false|false&#8220; global_colors_info=&#8220;{}&#8220; custom_margin__hover_enabled=&#8220;on|desktop&#8220; custom_margin__hover=&#8220;4px||10px||false|false&#8220;]<\/p>\n<h1 style=\"text-align: center;\"><span style=\"font-weight: 400;\"><strong>VEHICLE TRANSPORT<\/strong><\/span><\/h1>\n<p>[\/et_pb_text][et_pb_text _builder_version=&#8220;4.17.4&#8243; _module_preset=&#8220;default&#8220; text_font=&#8220;Gotham Light|100|||||||&#8220; text_text_color=&#8220;#000000&#8243; text_font_size=&#8220;19px&#8220; width_tablet=&#8220;&#8220; width_phone=&#8220;90%&#8220; width_last_edited=&#8220;on|desktop&#8220; max_width=&#8220;100%&#8220; max_width_tablet=&#8220;100%&#8220; max_width_phone=&#8220;100%&#8220; max_width_last_edited=&#8220;on|phone&#8220; module_alignment=&#8220;center&#8220; hover_enabled=&#8220;0&#8243; global_colors_info=&#8220;{}&#8220; sticky_enabled=&#8220;0&#8243; text_orientation=&#8220;justified&#8220; width=&#8220;84%&#8220;]<\/p>\n<p style=\"text-align: justify;\"><span style=\"font-weight: 400;\">Vehicle transport. A service that comes in handy for all of us from time to time. Whether you're out partying with friends or feeling tired on the return journey, Easy Drivers are there to transport you and your car without any problems. Don't risk anything, just give us a call anytime.<\/span><\/p>\n<p>[\/et_pb_text][et_pb_text _builder_version=&#8220;4.17.4&#8243; _module_preset=&#8220;default&#8220; text_font=&#8220;Gotham Light||||||||&#8220; text_text_color=&#8220;#000000&#8243; text_font_size=&#8220;18px&#8220; width_tablet=&#8220;&#8220; width_phone=&#8220;90%&#8220; width_last_edited=&#8220;on|desktop&#8220; module_alignment=&#8220;center&#8220; custom_padding=&#8220;4px||0px||false|false&#8220; hover_enabled=&#8220;0&#8243; global_colors_info=&#8220;{}&#8220; max_width=&#8220;83%&#8220; sticky_enabled=&#8220;0&#8243;]<\/p>\n<ul>\n<li style=\"font-weight: 400;\" aria-level=\"1\"><b>Vehicle transport<\/b><\/li>\n<li style=\"font-weight: 400;\" aria-level=\"1\"><b>Available 24 hours a day<\/b><\/li>\n<li style=\"font-weight: 400;\" aria-level=\"1\"><b>Safe transfer for you and your car<\/b><\/li>\n<li style=\"font-weight: 400;\" aria-level=\"1\"><b>Professional skills<\/b><\/li>\n<li style=\"font-weight: 400;\" aria-level=\"1\"><b>Professionalism and discretion are paramount<\/b><\/li>\n<li style=\"font-weight: 400;\" aria-level=\"1\"><b>Great benefit for your employees<\/b><\/li>\n<\/ul>\n<p>[\/et_pb_text][\/et_pb_column][\/et_pb_row][et_pb_row use_custom_gutter=&#8220;on&#8220; gutter_width=&#8220;2&#8243; disabled_on=&#8220;off|off|off&#8220; _builder_version=&#8220;4.16&#8243; _module_preset=&#8220;default&#8220; background_color=&#8220;#FFFFFF&#8220; width=&#8220;73%&#8220; width_tablet=&#8220;73%&#8220; width_phone=&#8220;93%&#8220; width_last_edited=&#8220;on|phone&#8220; max_width=&#8220;1312px&#8220; max_width_tablet=&#8220;1312px&#8220; max_width_phone=&#8220;93%&#8220; max_width_last_edited=&#8220;on|phone&#8220; module_alignment=&#8220;center&#8220; custom_margin=&#8220;0px|auto||326px|false|false&#8220; custom_margin_tablet=&#8220;0px|auto||326px|false|false&#8220; custom_margin_phone=&#8220;0px|||13px|false|false&#8220; custom_margin_last_edited=&#8220;on|phone&#8220; custom_padding=&#8220;||25px||false|false&#8220; border_radii=&#8220;off|||25px|25px&#8220; global_colors_info=&#8220;{}&#8220;][et_pb_column type=&#8220;4_4&#8243; _builder_version=&#8220;4.16&#8243; _module_preset=&#8220;default&#8220; global_colors_info=&#8220;{}&#8220;][et_pb_text _builder_version=&#8220;4.17.4&#8243; _module_preset=&#8220;default&#8220; text_font=&#8220;Gotham Light|100|||||||&#8220; text_text_color=&#8220;#000000&#8243; text_font_size=&#8220;19px&#8220; width=&#8220;90%&#8220; width_tablet=&#8220;90%&#8220; width_phone=&#8220;88%&#8220; width_last_edited=&#8220;on|phone&#8220; module_alignment=&#8220;center&#8220; custom_margin=&#8220;||15px||false|false&#8220; hover_enabled=&#8220;0&#8243; global_colors_info=&#8220;{}&#8220; sticky_enabled=&#8220;0&#8243;]<\/p>\n<p style=\"text-align: justify;\"><span style=\"font-weight: 400;\">Never miss the fun ending a company party that is always talked about for weeks and weeks! We will come for you and your car anytime and take you safely to your destination.<\/span><span style=\"font-weight: 400;\"><br \/><\/span><span style=\"font-weight: 400;\">You know those situations where you drive to work, but then have to figure out how to get home when you've decided to hang out with your colleagues at the end of the day? If you live in Prague or you need to get from Prague to anywhere in the country, just let us know and we'll be with you in no time. Just as you can feel safe, you don't have to worry about your car. Our professional drivers always treat them as their own.<\/span><\/p>\n<p><b><\/b><\/p>\n<h3><b>Vehicle transport<\/b><\/h3>\n<p style=\"text-align: justify;\"><span style=\"font-weight: 400;\">We can arrange for your car to be transported literally anytime and anywhere. And not only for private cars, but also for company cars. Your employees will certainly be delighted with the offer of such a service, as it happens, many of them live further out of town and commute for work. In these cases, i.e. in the case of our service for companies, various benefits also accrue when using our services. In particular, monthly or weekly invoicing (so your employees do not have to worry about payment on the spot), setting up service according to the individual needs of your company, price advantages.<br \/>Our offer includes picking up your car, transporting it to the garage and handing over the keys wherever you wish.<\/span><\/p>\n<p>[\/et_pb_text][et_pb_image src=&#8220;https:\/\/easydrivers.cz\/wp-content\/uploads\/2022\/06\/Webp.net-resizeimage-12.jpg&#8220; alt=&#8220;Odvoz vozu nonstop. Objednejte si Easy Drivers, kte\u0159\u00ed bezpe\u010dn\u011b doprav\u00ed V\u00e1s i V\u00e1\u0161 v\u016fz do c\u00edle.&#8220; title_text=&#8220;Webp.net-resizeimage (12)&#8220; _builder_version=&#8220;4.17.3&#8243; _module_preset=&#8220;default&#8220; transform_scale_tablet=&#8220;&#8220; transform_scale_phone=&#8220;90%|90%&#8220; transform_scale_last_edited=&#8220;on|phone&#8220; transform_translate_tablet=&#8220;&#8220; transform_translate_phone=&#8220;&#8220; transform_translate_last_edited=&#8220;on|phone&#8220; transform_rotate_tablet=&#8220;&#8220; transform_rotate_phone=&#8220;&#8220; transform_rotate_last_edited=&#8220;on|phone&#8220; transform_skew_tablet=&#8220;&#8220; transform_skew_phone=&#8220;&#8220; transform_skew_last_edited=&#8220;on|phone&#8220; transform_origin_tablet=&#8220;&#8220; transform_origin_phone=&#8220;&#8220; transform_origin_last_edited=&#8220;on|phone&#8220; transform_styles_last_edited=&#8220;on|phone&#8220; width=&#8220;90%&#8220; module_alignment=&#8220;center&#8220; transform_styles_tablet=&#8220;&#8220; transform_styles_phone=&#8220;&#8220; border_radii=&#8220;on|25px|25px|25px|25px&#8220; global_colors_info=&#8220;{}&#8220;][\/et_pb_image][et_pb_text _builder_version=&#8220;4.17.4&#8243; _module_preset=&#8220;default&#8220; text_font=&#8220;Gotham Light|100|||||||&#8220; text_text_color=&#8220;#000000&#8243; text_font_size=&#8220;19px&#8220; width=&#8220;90%&#8220; width_tablet=&#8220;90%&#8220; width_phone=&#8220;88%&#8220; width_last_edited=&#8220;on|phone&#8220; module_alignment=&#8220;center&#8220; custom_margin=&#8220;||15px||false|false&#8220; hover_enabled=&#8220;0&#8243; global_colors_info=&#8220;{}&#8220; sticky_enabled=&#8220;0&#8243;]<\/p>\n<h3 style=\"text-align: justify;\"><b><\/b><\/h3>\n<h3><b>Vehicle transport order<\/b><\/h3>\n<p style=\"text-align: justify;\"><span style=\"font-weight: 400;\">We can arrange transportation throughout the country, whenever you want. The participation of a professional driver is a matter of course, as well as the possibility of choosing a specific luxury car, which you would like to be driven by.<\/span><\/p>\n<p>[\/et_pb_text][et_pb_text content_tablet=&#8220;<\/p>\n<p><strong>To book your personal driver, call us anytime at +420 733 555 911 or email us your wishes and requirements at info@easydrivers.cz.<\/strong><\/p>\n<p>&#8220; content_phone=&#8220;<\/p>\n<p><strong>To book your personal driver, call us anytime at +420 733 555 911 or email us your wishes and requirements at info@easydrivers.cz.<\/strong><\/p>\n<p>&#8220; content_last_edited=&#8220;on|phone&#8220; _builder_version=&#8220;4.17.4&#8243; _module_preset=&#8220;default&#8220; text_font=&#8220;Gotham Light|100|||||||&#8220; text_text_color=&#8220;#000000&#8243; text_font_size=&#8220;25px&#8220; width=&#8220;90%&#8220; width_tablet=&#8220;90%&#8220; width_phone=&#8220;88%&#8220; width_last_edited=&#8220;on|phone&#8220; module_alignment=&#8220;center&#8220; custom_margin=&#8220;||15px||false|false&#8220; hover_enabled=&#8220;0&#8243; text_font_size_tablet=&#8220;25px&#8220; text_font_size_phone=&#8220;18px&#8220; text_font_size_last_edited=&#8220;on|desktop&#8220; global_colors_info=&#8220;{}&#8220; sticky_enabled=&#8220;0&#8243;]<\/p>\n<p style=\"text-align: justify;\"><b>To order vehicle transport call us at any time at +420 733 555 911 or write us your wishes and requirements at <\/b><a href=\"mailto:info@easydrivers.cz\"><b>info@easydrivers.cz<\/b><\/a><b>.<\/b><\/p>\n<p>[\/et_pb_text][\/et_pb_column][\/et_pb_row][et_pb_row _builder_version=&#8220;4.16&#8243; _module_preset=&#8220;default&#8220; custom_padding=&#8220;2px||2px|||&#8220; global_colors_info=&#8220;{}&#8220;][et_pb_column type=&#8220;4_4&#8243; _builder_version=&#8220;4.16&#8243; _module_preset=&#8220;default&#8220; global_colors_info=&#8220;{}&#8220;][et_pb_button button_url=&#8220;https:\/\/easydrivers.cz\/objednat\/&#8220; button_text=&#8220;OBJEDNAT&#8220; button_alignment=&#8220;center&#8220; disabled_on=&#8220;off|off|off&#8220; _builder_version=&#8220;4.16&#8243; custom_button=&#8220;on&#8220; button_text_size=&#8220;15px&#8220; button_text_color=&#8220;#c9a869&#8243; button_border_radius=&#8220;35px&#8220; button_font=&#8220;||||||||&#8220; button_icon=&#8220;&#x5c;||divi||400&#8243; transform_translate_linked=&#8220;off&#8220; custom_margin=&#8220;20px|0px|0px|0px|false|false&#8220; animation_style=&#8220;fade&#8220; animation_duration=&#8220;1500ms&#8220; global_colors_info=&#8220;{}&#8220;][\/et_pb_button][\/et_pb_column][\/et_pb_row][\/et_pb_section]<\/p>","protected":false},"excerpt":{"rendered":"<p>Pot\u0159ebujete odvoz vozu nahned? Pr\u00e1v\u011b jste na\u0161li spolehliv\u00fd zp\u016fsob! Easy Drivers, to je luxusn\u00ed p\u0159eprava a servis concierge.<\/p>","protected":false},"author":3,"featured_media":2058,"parent":0,"menu_order":0,"comment_status":"closed","ping_status":"closed","template":"","meta":{"_et_pb_use_builder":"on","_et_pb_old_content":"","_et_gb_content_width":"","footnotes":""},"class_list":["post-2054","page","type-page","status-publish","has-post-thumbnail","hentry"],"_links":{"self":[{"href":"https:\/\/easydrivers.cz\/en\/wp-json\/wp\/v2\/pages\/2054","targetHints":{"allow":["GET"]}}],"collection":[{"href":"https:\/\/easydrivers.cz\/en\/wp-json\/wp\/v2\/pages"}],"about":[{"href":"https:\/\/easydrivers.cz\/en\/wp-json\/wp\/v2\/types\/page"}],"author":[{"embeddable":true,"href":"https:\/\/easydrivers.cz\/en\/wp-json\/wp\/v2\/users\/3"}],"replies":[{"embeddable":true,"href":"https:\/\/easydrivers.cz\/en\/wp-json\/wp\/v2\/comments?post=2054"}],"version-history":[{"count":7,"href":"https:\/\/easydrivers.cz\/en\/wp-json\/wp\/v2\/pages\/2054\/revisions"}],"predecessor-version":[{"id":2097,"href":"https:\/\/easydrivers.cz\/en\/wp-json\/wp\/v2\/pages\/2054\/revisions\/2097"}],"wp:featuredmedia":[{"embeddable":true,"href":"https:\/\/easydrivers.cz\/en\/wp-json\/wp\/v2\/media\/2058"}],"wp:attachment":[{"href":"https:\/\/easydrivers.cz\/en\/wp-json\/wp\/v2\/media?parent=2054"}],"curies":[{"name":"wp","href":"https:\/\/api.w.org\/{rel}","templated":true}]}}