{"id":1983,"date":"2022-06-07T16:11:11","date_gmt":"2022-06-07T14:11:11","guid":{"rendered":"https:\/\/easydrivers.cz\/?page_id=1983"},"modified":"2022-06-16T15:45:38","modified_gmt":"2022-06-16T13:45:38","slug":"doprava-kongresy-a-konference","status":"publish","type":"page","link":"https:\/\/easydrivers.cz\/en\/doprava-kongresy-a-konference\/","title":{"rendered":"Congresses and conferences transport"},"content":{"rendered":"<p>[et_pb_section fb_built=&#8220;1&#8243; disabled_on=&#8220;on|on|off&#8220; _builder_version=&#8220;4.16&#8243; _module_preset=&#8220;default&#8220; background_enable_color=&#8220;off&#8220; background_video_mp4=&#8220;https:\/\/easydrivers.cz\/wp-content\/uploads\/2021\/04\/ed_social_B_clean_h264_1080p25_rec1886_stereo_200403.mp4&#8243; module_alignment=&#8220;center&#8220; custom_margin=&#8220;0px|||0px|false|false&#8220; custom_padding=&#8220;0px||0px|0px|false|false&#8220; global_colors_info=&#8220;{}&#8220;][et_pb_row _builder_version=&#8220;4.16&#8243; _module_preset=&#8220;default&#8220; width=&#8220;96%&#8220; max_width=&#8220;1300px&#8220; module_alignment=&#8220;center&#8220; custom_margin=&#8220;250px||240px||false|false&#8220; global_colors_info=&#8220;{}&#8220;][et_pb_column type=&#8220;4_4&#8243; _builder_version=&#8220;4.16&#8243; _module_preset=&#8220;default&#8220; global_colors_info=&#8220;{}&#8220;][et_pb_image src=&#8220;https:\/\/easydrivers.cz\/wp-content\/uploads\/2021\/03\/Easy-Drivers-s.r.o.-osobn\u00ed-luxusn\u00ed-p\u0159eprava-personal-transport-luxury-limousine-luxusn\u00ed-sv\u011btl\u00e1-verzest\u00edn.png&#8220; alt=&#8220;Easy Drivers s.r.o. osobn\u00ed luxusn\u00ed p\u0159eprava personal transport luxury limousine luxusn\u00ed sv\u011btl\u00e1 verze+st\u00edn&#8220; title_text=&#8220;Easy Drivers s.r.o. osobn\u00ed luxusn\u00ed p\u0159eprava personal transport luxury limousine luxusn\u00ed sv\u011btl\u00e1 verze+st\u00edn&#8220; _builder_version=&#8220;4.16&#8243; _module_preset=&#8220;default&#8220; transform_scale=&#8220;50%|50%&#8220; custom_margin=&#8220;-50px|0px||73px|false|false&#8220; animation_style=&#8220;slide&#8220; animation_duration=&#8220;1500ms&#8220; global_colors_info=&#8220;{}&#8220;][\/et_pb_image][et_pb_text _builder_version=&#8220;4.16&#8243; _module_preset=&#8220;default&#8220; text_font=&#8220;Gotham Light|||on|||||&#8220; text_text_color=&#8220;#caa869&#8243; text_font_size=&#8220;49px&#8220; transform_scale=&#8220;50%|50%&#8220; text_orientation=&#8220;center&#8220; custom_margin=&#8220;-109px||148px||false|false&#8220; custom_padding=&#8220;0px||||false|false&#8220; animation_style=&#8220;slide&#8220; animation_duration=&#8220;1500ms&#8220; text_text_shadow_style=&#8220;preset1&#8243; global_colors_info=&#8220;{}&#8220;]<\/p>\n<p><span style=\"font-weight: 400;\">LUXURY CHAUFFEUR AND CONCIERGE SERVICE<\/span><\/p>\n<p>[\/et_pb_text][\/et_pb_column][\/et_pb_row][et_pb_row _builder_version=&#8220;4.16&#8243; _module_preset=&#8220;default&#8220; custom_padding=&#8220;||0px|||&#8220; global_colors_info=&#8220;{}&#8220;][et_pb_column type=&#8220;4_4&#8243; _builder_version=&#8220;4.16&#8243; _module_preset=&#8220;default&#8220; global_colors_info=&#8220;{}&#8220;][\/et_pb_column][\/et_pb_row][\/et_pb_section][et_pb_section fb_built=&#8220;1&#8243; disabled_on=&#8220;off|off|on&#8220; _builder_version=&#8220;4.16&#8243; _module_preset=&#8220;default&#8220; background_enable_color=&#8220;off&#8220; background_video_mp4=&#8220;https:\/\/easydrivers.cz\/wp-content\/uploads\/2021\/03\/y2mate.com-ed-social-A-vertical-dnxhrhq-rec1886-stereo-200226_1080p.mp4&#8243; module_alignment=&#8220;center&#8220; custom_margin=&#8220;0px|||-2px|false|false&#8220; custom_padding=&#8220;100px||100px|0px|false|false&#8220; global_colors_info=&#8220;{}&#8220;][et_pb_row _builder_version=&#8220;4.16&#8243; _module_preset=&#8220;default&#8220; custom_padding=&#8220;||95px|||&#8220; global_colors_info=&#8220;{}&#8220;][et_pb_column type=&#8220;4_4&#8243; _builder_version=&#8220;4.16&#8243; _module_preset=&#8220;default&#8220; global_colors_info=&#8220;{}&#8220;][\/et_pb_column][\/et_pb_row][et_pb_row _builder_version=&#8220;4.16&#8243; _module_preset=&#8220;default&#8220; custom_margin=&#8220;0px||||false|false&#8220; global_colors_info=&#8220;{}&#8220;][et_pb_column type=&#8220;4_4&#8243; _builder_version=&#8220;4.16&#8243; _module_preset=&#8220;default&#8220; global_colors_info=&#8220;{}&#8220;][et_pb_text _builder_version=&#8220;4.16&#8243; _module_preset=&#8220;default&#8220; text_font=&#8220;Gotham Light|||on|||||&#8220; text_text_color=&#8220;#caa869&#8243; text_font_size=&#8220;25px&#8220; text_orientation=&#8220;center&#8220; custom_margin=&#8220;-34px||||false|false&#8220; custom_padding=&#8220;0px||0px||false|false&#8220; animation_style=&#8220;slide&#8220; animation_duration=&#8220;1500ms&#8220; text_text_shadow_style=&#8220;preset1&#8243; global_colors_info=&#8220;{}&#8220;]<\/p>\n<p class=\"translation-block\">LUXURY CHAUFFEUR AND CONCIERGE SERVICES<\/p>\n<p>[\/et_pb_text][\/et_pb_column][\/et_pb_row][et_pb_row _builder_version=&#8220;4.16&#8243; _module_preset=&#8220;default&#8220; custom_padding=&#8220;||177px||false|false&#8220; global_colors_info=&#8220;{}&#8220;][et_pb_column type=&#8220;4_4&#8243; _builder_version=&#8220;4.16&#8243; _module_preset=&#8220;default&#8220; global_colors_info=&#8220;{}&#8220;][\/et_pb_column][\/et_pb_row][\/et_pb_section][et_pb_section fb_built=&#8220;1&#8243; _builder_version=&#8220;4.16&#8243; _module_preset=&#8220;default&#8220; background_color=&#8220;#30334f&#8220; custom_margin=&#8220;-1px||||false|false&#8220; custom_padding=&#8220;30px||20px|||&#8220; global_colors_info=&#8220;{}&#8220;][et_pb_row column_structure=&#8220;2_5,3_5&#8243; use_custom_gutter=&#8220;on&#8220; gutter_width=&#8220;2&#8243; custom_padding_last_edited=&#8220;on|phone&#8220; disabled_on=&#8220;off|off|off&#8220; _builder_version=&#8220;4.16&#8243; background_color=&#8220;#FFFFFF&#8220; width_tablet=&#8220;&#8220; width_phone=&#8220;93%&#8220; width_last_edited=&#8220;on|desktop&#8220; max_width=&#8220;1312px&#8220; max_width_tablet=&#8220;1312px&#8220; max_width_phone=&#8220;93%&#8220; max_width_last_edited=&#8220;on|phone&#8220; module_alignment=&#8220;center&#8220; custom_margin=&#8220;100px|auto||0px|false|false&#8220; custom_margin_tablet=&#8220;&#8220; custom_margin_phone=&#8220;41px|0px||13px|false|false&#8220; custom_margin_last_edited=&#8220;on|phone&#8220; custom_padding=&#8220;||25px||false|false&#8220; custom_padding_tablet=&#8220;||25px||false|false&#8220; custom_padding_phone=&#8220;||0px||false|false&#8220; border_radii=&#8220;off|25px|25px||&#8220; global_colors_info=&#8220;{}&#8220;][et_pb_column type=&#8220;2_5&#8243; _builder_version=&#8220;4.16&#8243; global_colors_info=&#8220;{}&#8220;][et_pb_image src=&#8220;https:\/\/easydrivers.cz\/wp-content\/uploads\/2022\/06\/Webp.net-resizeimage-6.jpg&#8220; alt=&#8220;Hled\u00e1te dopravu pro kongresy, konference, velk\u00e9 eventy? Na\u0161li jste ji! Easy Drivers, to je luxusn\u00ed p\u0159eprava a servis concierge.&#8220; title_text=&#8220;Webp.net-resizeimage (6)&#8220; _builder_version=&#8220;4.17.4&#8243; _module_preset=&#8220;default&#8220; transform_scale_tablet=&#8220;&#8220; transform_scale_phone=&#8220;94%|94%&#8220; transform_scale_last_edited=&#8220;on|desktop&#8220; transform_translate=&#8220;20px|5px&#8220; transform_translate_tablet=&#8220;20px|5px&#8220; transform_translate_phone=&#8220;-1px|-20px&#8220; transform_translate_last_edited=&#8220;on|phone&#8220; transform_translate_linked=&#8220;off&#8220; transform_rotate_tablet=&#8220;&#8220; transform_rotate_phone=&#8220;&#8220; transform_rotate_last_edited=&#8220;on|desktop&#8220; transform_skew_tablet=&#8220;&#8220; transform_skew_phone=&#8220;&#8220; transform_skew_last_edited=&#8220;on|desktop&#8220; transform_origin_tablet=&#8220;&#8220; transform_origin_phone=&#8220;&#8220; transform_origin_last_edited=&#8220;on|phone&#8220; transform_styles_last_edited=&#8220;on|phone&#8220; custom_margin=&#8220;32px|||0px|false|false&#8220; custom_padding=&#8220;|||30px|false|false&#8220; hover_enabled=&#8220;0&#8243; transform_styles_tablet=&#8220;&#8220; transform_styles_phone=&#8220;&#8220; border_radii=&#8220;on|35px|35px|35px|35px&#8220; global_colors_info=&#8220;{}&#8220; sticky_enabled=&#8220;0&#8243;][\/et_pb_image][\/et_pb_column][et_pb_column type=&#8220;3_5&#8243; _builder_version=&#8220;4.16&#8243; global_colors_info=&#8220;{}&#8220;][et_pb_text _builder_version=&#8220;4.17.3&#8243; _module_preset=&#8220;default&#8220; custom_margin=&#8220;4px||10px||false|false&#8220; custom_margin_tablet=&#8220;4px||10px||false|false&#8220; custom_margin_phone=&#8220;-22px||||false|false&#8220; custom_margin_last_edited=&#8220;on|phone&#8220; custom_padding=&#8220;0px||0px||false|false&#8220; global_colors_info=&#8220;{}&#8220; custom_margin__hover_enabled=&#8220;on|desktop&#8220; custom_margin__hover=&#8220;4px||10px||false|false&#8220;]<\/p>\n<h1 style=\"text-align: center;\"><strong>CONGRESSES AND CONFERENCES TRANSPORT<\/strong><\/h1>\n<p>[\/et_pb_text][et_pb_text _builder_version=&#8220;4.17.4&#8243; _module_preset=&#8220;default&#8220; text_font=&#8220;Gotham Light|100|||||||&#8220; text_text_color=&#8220;#000000&#8243; text_font_size=&#8220;19px&#8220; width_tablet=&#8220;&#8220; width_phone=&#8220;90%&#8220; width_last_edited=&#8220;on|desktop&#8220; max_width=&#8220;90%&#8220; max_width_tablet=&#8220;100%&#8220; max_width_phone=&#8220;100%&#8220; max_width_last_edited=&#8220;on|phone&#8220; module_alignment=&#8220;center&#8220; hover_enabled=&#8220;0&#8243; global_colors_info=&#8220;{}&#8220; sticky_enabled=&#8220;0&#8243;]<\/p>\n<p style=\"text-align: justify;\"><span style=\"font-weight: 400;\">Easy Drivers offers, among other things, a transport service for congresses and conferences. We are a transport partner that has a large fleet of luxury sedans, limousines, VANs, minibuses and buses, thanks to which we reliably arrange all transport for conferences, congresses, symposia, major social events, cultural events, diplomatic meetings or high-level meetings.\u00a0<\/span><\/p>\n<p>[\/et_pb_text][et_pb_text _builder_version=&#8220;4.17.4&#8243; _module_preset=&#8220;default&#8220; text_font=&#8220;Gotham Light||||||||&#8220; text_text_color=&#8220;#000000&#8243; text_font_size=&#8220;18px&#8220; width_tablet=&#8220;&#8220; width_phone=&#8220;90%&#8220; width_last_edited=&#8220;on|desktop&#8220; module_alignment=&#8220;center&#8220; custom_padding=&#8220;4px||0px||false|false&#8220; hover_enabled=&#8220;0&#8243; global_colors_info=&#8220;{}&#8220; width=&#8220;90%&#8220; sticky_enabled=&#8220;0&#8243;]<\/p>\n<ul>\n<li style=\"font-weight: 400;\" aria-level=\"1\"><strong>Congresses and conferences transport<\/strong><\/li>\n<li style=\"font-weight: 400;\" aria-level=\"1\"><strong>Transfers across the country and abroad<\/strong><\/li>\n<li style=\"font-weight: 400;\" aria-level=\"1\"><strong>Luxury cars of various sizes in high-above equipment<\/strong><\/li>\n<li style=\"font-weight: 400;\" aria-level=\"1\"><strong>Very luxurious cars for VIP participants<\/strong><\/li>\n<li style=\"font-weight: 400;\" aria-level=\"1\"><strong>Available 24 hours a day<\/strong><\/li>\n<li style=\"font-weight: 400;\" aria-level=\"1\"><strong>Professionalism and discretion are paramount<\/strong><\/li>\n<\/ul>\n<p>[\/et_pb_text][\/et_pb_column][\/et_pb_row][et_pb_row use_custom_gutter=&#8220;on&#8220; gutter_width=&#8220;2&#8243; disabled_on=&#8220;off|off|off&#8220; _builder_version=&#8220;4.16&#8243; _module_preset=&#8220;default&#8220; background_color=&#8220;#FFFFFF&#8220; width=&#8220;73%&#8220; width_tablet=&#8220;73%&#8220; width_phone=&#8220;93%&#8220; width_last_edited=&#8220;on|phone&#8220; max_width=&#8220;1312px&#8220; max_width_tablet=&#8220;1312px&#8220; max_width_phone=&#8220;93%&#8220; max_width_last_edited=&#8220;on|phone&#8220; module_alignment=&#8220;center&#8220; custom_margin=&#8220;0px|auto||326px|false|false&#8220; custom_margin_tablet=&#8220;0px|auto||326px|false|false&#8220; custom_margin_phone=&#8220;0px|||13px|false|false&#8220; custom_margin_last_edited=&#8220;on|phone&#8220; custom_padding=&#8220;||25px||false|false&#8220; border_radii=&#8220;off|||25px|25px&#8220; global_colors_info=&#8220;{}&#8220;][et_pb_column type=&#8220;4_4&#8243; _builder_version=&#8220;4.16&#8243; _module_preset=&#8220;default&#8220; global_colors_info=&#8220;{}&#8220;][et_pb_text _builder_version=&#8220;4.17.4&#8243; _module_preset=&#8220;default&#8220; text_font=&#8220;Gotham Light|100|||||||&#8220; text_text_color=&#8220;#000000&#8243; text_font_size=&#8220;19px&#8220; width=&#8220;90%&#8220; width_tablet=&#8220;90%&#8220; width_phone=&#8220;88%&#8220; width_last_edited=&#8220;on|phone&#8220; module_alignment=&#8220;center&#8220; custom_margin=&#8220;||15px||false|false&#8220; hover_enabled=&#8220;0&#8243; global_colors_info=&#8220;{}&#8220; sticky_enabled=&#8220;0&#8243;]<\/p>\n<p style=\"text-align: justify;\"><span style=\"font-weight: 400;\">Do not hesitate to contact us if you need to organize and provide reliable, comfortable and safe transport for participants of any congress and conference. We know how important is the first contact of all speakers, delegates and other guests who fly to the airport or arrive at the train station and need to get to the event or to the hotel in comfort. Our chauffeurs and cars are your representation at that moment and we take that role absolutely for granted. Our chauffeurs are always waiting for the participants with an identification tag on time at the agreed location, ready to provide everything needed for a most comfortable journey so that they have the opportunity to relax before their performance or participation in the conference.<\/span><\/p>\n<p><span style=\"font-weight: 400;\"><\/span><\/p>\n<h3><strong>CONGRESSES AND CONFERENCES TRANSPORT<\/strong><\/h3>\n<p style=\"text-align: justify;\"><span style=\"font-weight: 400;\">Whether you're looking for a shuttle or long-distance carrier, we at Easy Drivers will fulfill all your needs and wishes not only in Prague, but also throughout the Czech Republic and internationally. Above all, we understand that the comfort on the road, reliability and safe transfer of your guests is more than important. Our luxurious fleet of vehicles together with our professional drivers ensure this, so that the guests can fully concentrate on the upcoming conference or other event.<\/span><\/p>\n<p>[\/et_pb_text][et_pb_image src=&#8220;https:\/\/easydrivers.cz\/wp-content\/uploads\/2022\/06\/Webp.net-resizeimage-1.jpg&#8220; alt=&#8220;Hled\u00e1te dopravu pro kongresy, konference, velk\u00e9 eventy? Na\u0161li jste ji! Easy Drivers, to je luxusn\u00ed p\u0159eprava a servis concierge.&#8220; title_text=&#8220;Webp.net-resizeimage&#8220; _builder_version=&#8220;4.17.3&#8243; _module_preset=&#8220;default&#8220; transform_scale_tablet=&#8220;&#8220; transform_scale_phone=&#8220;90%|90%&#8220; transform_scale_last_edited=&#8220;on|phone&#8220; transform_translate_tablet=&#8220;&#8220; transform_translate_phone=&#8220;&#8220; transform_translate_last_edited=&#8220;on|phone&#8220; transform_rotate_tablet=&#8220;&#8220; transform_rotate_phone=&#8220;&#8220; transform_rotate_last_edited=&#8220;on|phone&#8220; transform_skew_tablet=&#8220;&#8220; transform_skew_phone=&#8220;&#8220; transform_skew_last_edited=&#8220;on|phone&#8220; transform_origin_tablet=&#8220;&#8220; transform_origin_phone=&#8220;&#8220; transform_origin_last_edited=&#8220;on|phone&#8220; transform_styles_last_edited=&#8220;on|phone&#8220; width=&#8220;90%&#8220; module_alignment=&#8220;center&#8220; transform_styles_tablet=&#8220;&#8220; transform_styles_phone=&#8220;&#8220; border_radii=&#8220;on|25px|25px|25px|25px&#8220; global_colors_info=&#8220;{}&#8220;][\/et_pb_image][et_pb_text _builder_version=&#8220;4.17.4&#8243; _module_preset=&#8220;default&#8220; text_font=&#8220;Gotham Light|100|||||||&#8220; text_text_color=&#8220;#000000&#8243; text_font_size=&#8220;19px&#8220; width=&#8220;90%&#8220; width_tablet=&#8220;90%&#8220; width_phone=&#8220;88%&#8220; width_last_edited=&#8220;on|phone&#8220; module_alignment=&#8220;center&#8220; custom_margin=&#8220;||15px||false|false&#8220; hover_enabled=&#8220;0&#8243; global_colors_info=&#8220;{}&#8220; sticky_enabled=&#8220;0&#8243;]<\/p>\n<h3><strong><\/strong><\/h3>\n<h3><strong>outstanding service<\/strong><\/h3>\n<p style=\"text-align: justify;\"><span style=\"font-weight: 400;\">Our drivers are fluent in English as their second language at a conversational level. Their demeanor is completely professional with an emphasis on pro-client behavior, distancing and discretion. These qualities are framed by their well-groomed appearance and dark suits. So you need not worry about entrusting us with the care of your foreign colleagues, for whom our drivers will be fully at your disposal.<\/span><\/p>\n<p>[\/et_pb_text][et_pb_text content_tablet=&#8220;<\/p>\n<p><strong>To book your personal driver, call us anytime at +420 733 555 911 or email us your wishes and requirements at info@easydrivers.cz.<\/strong><\/p>\n<p>&#8220; content_phone=&#8220;<\/p>\n<p><strong>To book your personal driver, call us anytime at +420 733 555 911 or email us your wishes and requirements at info@easydrivers.cz.<\/strong><\/p>\n<p>&#8220; content_last_edited=&#8220;on|phone&#8220; _builder_version=&#8220;4.17.3&#8243; _module_preset=&#8220;default&#8220; text_font=&#8220;Gotham Light|100|||||||&#8220; text_text_color=&#8220;#000000&#8243; text_font_size=&#8220;25px&#8220; width=&#8220;90%&#8220; width_tablet=&#8220;90%&#8220; width_phone=&#8220;88%&#8220; width_last_edited=&#8220;on|phone&#8220; module_alignment=&#8220;center&#8220; custom_margin=&#8220;||15px||false|false&#8220; text_font_size_tablet=&#8220;25px&#8220; text_font_size_phone=&#8220;18px&#8220; text_font_size_last_edited=&#8220;on|desktop&#8220; global_colors_info=&#8220;{}&#8220;]<\/p>\n<p><strong>To place an order, call us anytime at +420 733 555 911 or email us at info@easydrivers.cz.<\/strong><\/p>\n<p>[\/et_pb_text][\/et_pb_column][\/et_pb_row][et_pb_row _builder_version=&#8220;4.16&#8243; _module_preset=&#8220;default&#8220; custom_padding=&#8220;2px||2px|||&#8220; global_colors_info=&#8220;{}&#8220;][et_pb_column type=&#8220;4_4&#8243; _builder_version=&#8220;4.16&#8243; _module_preset=&#8220;default&#8220; global_colors_info=&#8220;{}&#8220;][et_pb_button button_url=&#8220;https:\/\/easydrivers.cz\/objednat\/&#8220; button_text=&#8220;OBJEDNAT&#8220; button_alignment=&#8220;center&#8220; disabled_on=&#8220;off|off|off&#8220; _builder_version=&#8220;4.16&#8243; custom_button=&#8220;on&#8220; button_text_size=&#8220;15px&#8220; button_text_color=&#8220;#c9a869&#8243; button_border_radius=&#8220;35px&#8220; button_font=&#8220;||||||||&#8220; button_icon=&#8220;&#x5c;||divi||400&#8243; transform_translate_linked=&#8220;off&#8220; custom_margin=&#8220;20px|0px|0px|0px|false|false&#8220; animation_style=&#8220;fade&#8220; animation_duration=&#8220;1500ms&#8220; global_colors_info=&#8220;{}&#8220;][\/et_pb_button][\/et_pb_column][\/et_pb_row][\/et_pb_section]<\/p>","protected":false},"excerpt":{"rendered":"<p>Hled\u00e1te dopravu pro kongresy, konference, velk\u00e9 eventy? Na\u0161li jste ji! Easy Drivers, to je luxusn\u00ed p\u0159eprava a servis concierge.<\/p>","protected":false},"author":3,"featured_media":1987,"parent":0,"menu_order":0,"comment_status":"closed","ping_status":"closed","template":"","meta":{"_et_pb_use_builder":"on","_et_pb_old_content":"","_et_gb_content_width":"","footnotes":""},"class_list":["post-1983","page","type-page","status-publish","has-post-thumbnail","hentry"],"_links":{"self":[{"href":"https:\/\/easydrivers.cz\/en\/wp-json\/wp\/v2\/pages\/1983","targetHints":{"allow":["GET"]}}],"collection":[{"href":"https:\/\/easydrivers.cz\/en\/wp-json\/wp\/v2\/pages"}],"about":[{"href":"https:\/\/easydrivers.cz\/en\/wp-json\/wp\/v2\/types\/page"}],"author":[{"embeddable":true,"href":"https:\/\/easydrivers.cz\/en\/wp-json\/wp\/v2\/users\/3"}],"replies":[{"embeddable":true,"href":"https:\/\/easydrivers.cz\/en\/wp-json\/wp\/v2\/comments?post=1983"}],"version-history":[{"count":25,"href":"https:\/\/easydrivers.cz\/en\/wp-json\/wp\/v2\/pages\/1983\/revisions"}],"predecessor-version":[{"id":2099,"href":"https:\/\/easydrivers.cz\/en\/wp-json\/wp\/v2\/pages\/1983\/revisions\/2099"}],"wp:featuredmedia":[{"embeddable":true,"href":"https:\/\/easydrivers.cz\/en\/wp-json\/wp\/v2\/media\/1987"}],"wp:attachment":[{"href":"https:\/\/easydrivers.cz\/en\/wp-json\/wp\/v2\/media?parent=1983"}],"curies":[{"name":"wp","href":"https:\/\/api.w.org\/{rel}","templated":true}]}}