{"id":1929,"date":"2022-06-01T13:53:53","date_gmt":"2022-06-01T11:53:53","guid":{"rendered":"https:\/\/easydrivers.cz\/?page_id=1929"},"modified":"2022-08-22T14:32:22","modified_gmt":"2022-08-22T12:32:22","slug":"odvoz-na-letiste","status":"publish","type":"page","link":"https:\/\/easydrivers.cz\/en\/odvoz-na-letiste\/","title":{"rendered":"Airport transfer"},"content":{"rendered":"[et_pb_section fb_built=&#8220;1&#8243; disabled_on=&#8220;on|on|off&#8220; _builder_version=&#8220;4.16&#8243; _module_preset=&#8220;default&#8220; background_enable_color=&#8220;off&#8220; background_video_mp4=&#8220;https:\/\/easydrivers.cz\/wp-content\/uploads\/2021\/04\/ed_social_B_clean_h264_1080p25_rec1886_stereo_200403.mp4&#8243; module_alignment=&#8220;center&#8220; custom_margin=&#8220;0px|||0px|false|false&#8220; custom_padding=&#8220;0px||0px|0px|false|false&#8220; global_colors_info=&#8220;{}&#8220;][et_pb_row _builder_version=&#8220;4.16&#8243; _module_preset=&#8220;default&#8220; width=&#8220;96%&#8220; max_width=&#8220;1300px&#8220; module_alignment=&#8220;center&#8220; custom_margin=&#8220;250px||240px||false|false&#8220; global_colors_info=&#8220;{}&#8220;][et_pb_column type=&#8220;4_4&#8243; _builder_version=&#8220;4.16&#8243; _module_preset=&#8220;default&#8220; global_colors_info=&#8220;{}&#8220;][et_pb_image src=&#8220;https:\/\/easydrivers.cz\/wp-content\/uploads\/2021\/03\/Easy-Drivers-s.r.o.-osobn\u00ed-luxusn\u00ed-p\u0159eprava-personal-transport-luxury-limousine-luxusn\u00ed-sv\u011btl\u00e1-verzest\u00edn.png&#8220; alt=&#8220;Easy Drivers s.r.o. osobn\u00ed luxusn\u00ed p\u0159eprava personal transport luxury limousine luxusn\u00ed sv\u011btl\u00e1 verze+st\u00edn&#8220; title_text=&#8220;Easy Drivers s.r.o. osobn\u00ed luxusn\u00ed p\u0159eprava personal transport luxury limousine luxusn\u00ed sv\u011btl\u00e1 verze+st\u00edn&#8220; _builder_version=&#8220;4.16&#8243; _module_preset=&#8220;default&#8220; transform_scale=&#8220;50%|50%&#8220; custom_margin=&#8220;-50px|0px||73px|false|false&#8220; animation_style=&#8220;slide&#8220; animation_duration=&#8220;1500ms&#8220; global_colors_info=&#8220;{}&#8220;][\/et_pb_image][et_pb_text _builder_version=&#8220;4.16&#8243; _module_preset=&#8220;default&#8220; text_font=&#8220;Gotham Light|||on|||||&#8220; text_text_color=&#8220;#caa869&#8243; text_font_size=&#8220;49px&#8220; transform_scale=&#8220;50%|50%&#8220; text_orientation=&#8220;center&#8220; custom_margin=&#8220;-109px||148px||false|false&#8220; custom_padding=&#8220;0px||||false|false&#8220; animation_style=&#8220;slide&#8220; animation_duration=&#8220;1500ms&#8220; text_text_shadow_style=&#8220;preset1&#8243; global_colors_info=&#8220;{}&#8220;]<p><span style=\"font-weight: 400;\">LUXURY CHAUFFEUR AND CONCIERGE SERVICE<\/span><\/p>[\/et_pb_text][\/et_pb_column][\/et_pb_row][et_pb_row _builder_version=&#8220;4.16&#8243; _module_preset=&#8220;default&#8220; custom_padding=&#8220;||0px|||&#8220; global_colors_info=&#8220;{}&#8220;][et_pb_column type=&#8220;4_4&#8243; _builder_version=&#8220;4.16&#8243; _module_preset=&#8220;default&#8220; global_colors_info=&#8220;{}&#8220;][\/et_pb_column][\/et_pb_row][\/et_pb_section][et_pb_section fb_built=&#8220;1&#8243; disabled_on=&#8220;off|off|on&#8220; _builder_version=&#8220;4.16&#8243; _module_preset=&#8220;default&#8220; background_enable_color=&#8220;off&#8220; background_video_mp4=&#8220;https:\/\/easydrivers.cz\/wp-content\/uploads\/2021\/03\/y2mate.com-ed-social-A-vertical-dnxhrhq-rec1886-stereo-200226_1080p.mp4&#8243; module_alignment=&#8220;center&#8220; custom_margin=&#8220;0px|||-2px|false|false&#8220; custom_padding=&#8220;100px||100px|0px|false|false&#8220; global_colors_info=&#8220;{}&#8220;][et_pb_row _builder_version=&#8220;4.16&#8243; _module_preset=&#8220;default&#8220; custom_padding=&#8220;||95px|||&#8220; global_colors_info=&#8220;{}&#8220;][et_pb_column type=&#8220;4_4&#8243; _builder_version=&#8220;4.16&#8243; _module_preset=&#8220;default&#8220; global_colors_info=&#8220;{}&#8220;][\/et_pb_column][\/et_pb_row][et_pb_row _builder_version=&#8220;4.16&#8243; _module_preset=&#8220;default&#8220; custom_margin=&#8220;0px||||false|false&#8220; global_colors_info=&#8220;{}&#8220;][et_pb_column type=&#8220;4_4&#8243; _builder_version=&#8220;4.16&#8243; _module_preset=&#8220;default&#8220; global_colors_info=&#8220;{}&#8220;][et_pb_text _builder_version=&#8220;4.16&#8243; _module_preset=&#8220;default&#8220; text_font=&#8220;Gotham Light|||on|||||&#8220; text_text_color=&#8220;#caa869&#8243; text_font_size=&#8220;25px&#8220; text_orientation=&#8220;center&#8220; custom_margin=&#8220;-34px||||false|false&#8220; custom_padding=&#8220;0px||0px||false|false&#8220; animation_style=&#8220;slide&#8220; animation_duration=&#8220;1500ms&#8220; text_text_shadow_style=&#8220;preset1&#8243; global_colors_info=&#8220;{}&#8220;]<p class=\"translation-block\">LUXURY CHAUFFEUR AND CONCIERGE SERVICES<\/p>[\/et_pb_text][\/et_pb_column][\/et_pb_row][et_pb_row _builder_version=&#8220;4.16&#8243; _module_preset=&#8220;default&#8220; custom_padding=&#8220;||177px||false|false&#8220; global_colors_info=&#8220;{}&#8220;][et_pb_column type=&#8220;4_4&#8243; _builder_version=&#8220;4.16&#8243; _module_preset=&#8220;default&#8220; global_colors_info=&#8220;{}&#8220;][\/et_pb_column][\/et_pb_row][\/et_pb_section][et_pb_section fb_built=&#8220;1&#8243; _builder_version=&#8220;4.16&#8243; _module_preset=&#8220;default&#8220; background_color=&#8220;#30334f&#8220; custom_margin=&#8220;-1px||||false|false&#8220; custom_padding=&#8220;30px||20px|||&#8220; global_colors_info=&#8220;{}&#8220;][et_pb_row column_structure=&#8220;2_5,3_5&#8243; use_custom_gutter=&#8220;on&#8220; gutter_width=&#8220;2&#8243; custom_padding_last_edited=&#8220;on|phone&#8220; disabled_on=&#8220;off|off|off&#8220; _builder_version=&#8220;4.16&#8243; background_color=&#8220;#FFFFFF&#8220; width_tablet=&#8220;&#8220; width_phone=&#8220;93%&#8220; width_last_edited=&#8220;on|desktop&#8220; max_width=&#8220;1312px&#8220; max_width_tablet=&#8220;1312px&#8220; max_width_phone=&#8220;93%&#8220; max_width_last_edited=&#8220;on|phone&#8220; module_alignment=&#8220;center&#8220; custom_margin=&#8220;100px|auto||0px|false|false&#8220; custom_margin_tablet=&#8220;&#8220; custom_margin_phone=&#8220;41px|0px||13px|false|false&#8220; custom_margin_last_edited=&#8220;on|phone&#8220; custom_padding=&#8220;||25px||false|false&#8220; custom_padding_tablet=&#8220;||25px||false|false&#8220; custom_padding_phone=&#8220;||0px||false|false&#8220; border_radii=&#8220;off|25px|25px||&#8220; global_colors_info=&#8220;{}&#8220;][et_pb_column type=&#8220;2_5&#8243; _builder_version=&#8220;4.16&#8243; global_colors_info=&#8220;{}&#8220;][et_pb_image src=&#8220;https:\/\/easydrivers.cz\/wp-content\/uploads\/2022\/06\/Webp.net-resizeimage-3-scaled.jpg&#8220; alt=&#8220;Odvoz na leti\u0161t\u011b nebo taxi z leti\u0161t\u011b. Easy Drivers V\u00e1m nab\u00edz\u00ed komfortn\u00ed cestu bez starost\u00ed v na\u0161ich luxusn\u00edch vozech. I pro velk\u00e9 po\u010dty osob.&#8220; title_text=&#8220;Webp.net-resizeimage (3)&#8220; align=&#8220;center&#8220; _builder_version=&#8220;4.17.3&#8243; _module_preset=&#8220;default&#8220; transform_scale_tablet=&#8220;&#8220; transform_scale_phone=&#8220;94%|94%&#8220; transform_scale_last_edited=&#8220;on|desktop&#8220; transform_translate=&#8220;20px|5px&#8220; transform_translate_tablet=&#8220;20px|5px&#8220; transform_translate_phone=&#8220;-1px|-20px&#8220; transform_translate_last_edited=&#8220;on|phone&#8220; transform_translate_linked=&#8220;off&#8220; transform_rotate_tablet=&#8220;&#8220; transform_rotate_phone=&#8220;&#8220; transform_rotate_last_edited=&#8220;on|desktop&#8220; transform_skew_tablet=&#8220;&#8220; transform_skew_phone=&#8220;&#8220; transform_skew_last_edited=&#8220;on|desktop&#8220; transform_origin_tablet=&#8220;&#8220; transform_origin_phone=&#8220;&#8220; transform_origin_last_edited=&#8220;on|phone&#8220; transform_styles_last_edited=&#8220;on|phone&#8220; height=&#8220;395px&#8220; custom_margin=&#8220;|||0px|false|false&#8220; custom_padding=&#8220;|||0px|false|false&#8220; transform_styles_tablet=&#8220;&#8220; transform_styles_phone=&#8220;&#8220; border_radii=&#8220;on|35px|35px|35px|35px&#8220; global_colors_info=&#8220;{}&#8220;][\/et_pb_image][\/et_pb_column][et_pb_column type=&#8220;3_5&#8243; _builder_version=&#8220;4.16&#8243; global_colors_info=&#8220;{}&#8220;][et_pb_text _builder_version=&#8220;4.17.3&#8243; _module_preset=&#8220;default&#8220; custom_margin=&#8220;4px||10px||false|false&#8220; custom_margin_tablet=&#8220;4px||10px||false|false&#8220; custom_margin_phone=&#8220;-22px||||false|false&#8220; custom_margin_last_edited=&#8220;on|phone&#8220; custom_padding=&#8220;0px||0px||false|false&#8220; global_colors_info=&#8220;{}&#8220; custom_margin__hover_enabled=&#8220;on|desktop&#8220; custom_margin__hover=&#8220;4px||10px||false|false&#8220;]<h1 style=\"text-align: center;\"><strong>AIRPORT TRANSFER<\/strong><\/h1>[\/et_pb_text][et_pb_text _builder_version=&#8220;4.17.3&#8243; _module_preset=&#8220;default&#8220; text_font=&#8220;Gotham Light|100|||||||&#8220; text_text_color=&#8220;#000000&#8243; text_font_size=&#8220;19px&#8220; width=&#8220;94%&#8220; width_tablet=&#8220;&#8220; width_phone=&#8220;90%&#8220; width_last_edited=&#8220;on|desktop&#8220; max_width=&#8220;100%&#8220; max_width_tablet=&#8220;100%&#8220; max_width_phone=&#8220;100%&#8220; max_width_last_edited=&#8220;on|phone&#8220; module_alignment=&#8220;center&#8220; custom_margin=&#8220;0px||||false|false&#8220; global_colors_info=&#8220;{}&#8220;]<p style=\"text-align: justify;\"><span style=\"font-weight: 400;\">Do you need a ride to the airport? Or a taxi from the airport? Easy Drivers will provide you with a transfer safely and in maximum comfort possible. We will make sure you get to or from Vaclav Havel Airport Prague without any hassle and long arrangements. And it doesn't matter whether you are travelling alone or in a larger group of passengers. Our varied fleet is ready for all options.<\/span><\/p>[\/et_pb_text][et_pb_text _builder_version=&#8220;4.17.3&#8243; _module_preset=&#8220;default&#8220; text_font=&#8220;Gotham Light||||||||&#8220; text_text_color=&#8220;#000000&#8243; text_font_size=&#8220;18px&#8220; width=&#8220;93%&#8220; width_tablet=&#8220;&#8220; width_phone=&#8220;90%&#8220; width_last_edited=&#8220;on|desktop&#8220; module_alignment=&#8220;center&#8220; custom_padding=&#8220;4px||0px||false|false&#8220; global_colors_info=&#8220;{}&#8220;]<ul>\n<li style=\"font-weight: 400;\" aria-level=\"1\"><b>Airport transfer<\/b><\/li>\n<li style=\"font-weight: 400;\" aria-level=\"1\"><b>Airport shuttle<\/b><\/li>\n<li style=\"font-weight: 400;\" aria-level=\"1\"><b>Transfers across the country and abroad<\/b><\/li>\n<li style=\"font-weight: 400;\" aria-level=\"1\"><b>Vehicles of different sizes for different numbers of passengers<\/b><\/li>\n<li style=\"font-weight: 400;\" aria-level=\"1\"><b>Helpful chauffeurs<\/b><\/li>\n<li style=\"font-weight: 400;\" aria-level=\"1\"><b>Cars equipped with bottled water, wifi, etc.<\/b><\/li>\n<li style=\"font-weight: 400;\" aria-level=\"1\"><b>Luxury cars with above-standard equipment<\/b><\/li>\n<\/ul>[\/et_pb_text][\/et_pb_column][\/et_pb_row][et_pb_row use_custom_gutter=&#8220;on&#8220; gutter_width=&#8220;2&#8243; disabled_on=&#8220;off|off|off&#8220; _builder_version=&#8220;4.16&#8243; _module_preset=&#8220;default&#8220; background_color=&#8220;#FFFFFF&#8220; width=&#8220;73%&#8220; width_tablet=&#8220;73%&#8220; width_phone=&#8220;93%&#8220; width_last_edited=&#8220;on|phone&#8220; max_width=&#8220;1312px&#8220; max_width_tablet=&#8220;1312px&#8220; max_width_phone=&#8220;93%&#8220; max_width_last_edited=&#8220;on|phone&#8220; module_alignment=&#8220;center&#8220; custom_margin=&#8220;0px|auto||326px|false|false&#8220; custom_margin_tablet=&#8220;0px|auto||326px|false|false&#8220; custom_margin_phone=&#8220;0px|||13px|false|false&#8220; custom_margin_last_edited=&#8220;on|phone&#8220; custom_padding=&#8220;||25px||false|false&#8220; border_radii=&#8220;off|||25px|25px&#8220; global_colors_info=&#8220;{}&#8220;][et_pb_column type=&#8220;4_4&#8243; _builder_version=&#8220;4.16&#8243; _module_preset=&#8220;default&#8220; global_colors_info=&#8220;{}&#8220;][et_pb_text _builder_version=&#8220;4.17.4&#8243; _module_preset=&#8220;default&#8220; text_font=&#8220;Gotham Light|100|||||||&#8220; text_text_color=&#8220;#000000&#8243; text_font_size=&#8220;19px&#8220; width=&#8220;90%&#8220; width_tablet=&#8220;90%&#8220; width_phone=&#8220;88%&#8220; width_last_edited=&#8220;on|phone&#8220; module_alignment=&#8220;center&#8220; custom_margin=&#8220;||15px||false|false&#8220; global_colors_info=&#8220;{}&#8220;]<p style=\"text-align: justify;\"><span style=\"font-weight: 400;\">Let our top quality cars and professional drivers take you to or from the airport. Thanks to Easy Drivers, you will avoid the hassle of finding a taxi transfer. Especially if you are travelling with several pieces of luggage. Easy Drivers offers you easy ordering, reliable and perfectly clean luxury business and first class cars with superior equipment including air conditioning, bottled water, wifi and everything that a person may need when travelling by car. Let's not forget the reliable and classy chauffeur who will be happy to help you with everything. Travel to the airport in style with our luxury cars that will enhance your taste and elegance.<\/span><\/p>\n<p><span style=\"font-weight: 400;\"><\/span><\/p>\n<h3><strong>GROUP TRANSFER<\/strong><\/h3>\n<p style=\"text-align: justify;\"><span style=\"font-weight: 400;\">We will provide a Mercedes-Benz, Tesla or Audi sedan, limousine or SUV if you are travelling alone, in a couple or up to three people. This way, we guarantee maximum comfort on the road and sufficient space for your small or larger luggage.<br \/><\/span><span style=\"font-weight: 400;\">We also have spacious Mercedes-Benz or Volkswagen minivans available for you if you are looking for a transport for from one up to seven passengers or if you need transport of larger luggages.<br \/><\/span><span style=\"font-weight: 400;\">We can also provide a luxury bus for you in case of a large number of passengers (up to 50 people). <\/span><\/p>[\/et_pb_text][et_pb_image src=&#8220;https:\/\/easydrivers.cz\/wp-content\/uploads\/2022\/06\/Webp.net-resizeimage-4.jpg&#8220; alt=&#8220;Taxislu\u017eba na leti\u0161t\u011b nebo odvoz z leti\u0161t\u011b. Easy Drivers transfery kamkoliv po republice i do zahrani\u010d\u00ed. Luxusn\u00ed sedan, minibus \u010di autobus.&#8220; title_text=&#8220;Webp.net-resizeimage (4)&#8220; _builder_version=&#8220;4.17.3&#8243; _module_preset=&#8220;default&#8220; transform_scale_tablet=&#8220;&#8220; transform_scale_phone=&#8220;90%|90%&#8220; transform_scale_last_edited=&#8220;on|phone&#8220; transform_translate_tablet=&#8220;&#8220; transform_translate_phone=&#8220;&#8220; transform_translate_last_edited=&#8220;on|phone&#8220; transform_rotate_tablet=&#8220;&#8220; transform_rotate_phone=&#8220;&#8220; transform_rotate_last_edited=&#8220;on|phone&#8220; transform_skew_tablet=&#8220;&#8220; transform_skew_phone=&#8220;&#8220; transform_skew_last_edited=&#8220;on|phone&#8220; transform_origin_tablet=&#8220;&#8220; transform_origin_phone=&#8220;&#8220; transform_origin_last_edited=&#8220;on|phone&#8220; transform_styles_last_edited=&#8220;on|phone&#8220; width=&#8220;90%&#8220; module_alignment=&#8220;center&#8220; transform_styles_tablet=&#8220;&#8220; transform_styles_phone=&#8220;&#8220; border_radii=&#8220;on|25px|25px|25px|25px&#8220; global_colors_info=&#8220;{}&#8220;][\/et_pb_image][et_pb_text _builder_version=&#8220;4.17.4&#8243; _module_preset=&#8220;default&#8220; text_font=&#8220;Gotham Light|100|||||||&#8220; text_text_color=&#8220;#000000&#8243; text_font_size=&#8220;19px&#8220; width=&#8220;90%&#8220; width_tablet=&#8220;90%&#8220; width_phone=&#8220;88%&#8220; width_last_edited=&#8220;on|phone&#8220; module_alignment=&#8220;center&#8220; custom_margin=&#8220;||15px||false|false&#8220; global_colors_info=&#8220;{}&#8220;]<h3><span style=\"font-weight: 400;\"><\/span><\/h3>\n<h3><strong>AIRPORT TRANSFER <span>\u2013<\/span> <\/strong><strong>ORDER\u00a0<\/strong><\/h3>\n<p style=\"text-align: justify;\"><span style=\"font-weight: 400;\">Book us well in advance (we recommend being at the airport at least an hour and a half before departure) and we will take care of everything. <\/span><span style=\"font-weight: 400;\">In case of a pick-up from the airport, our driver will be waiting for you in the airport hall with a sign with your name and will automatically help you with all your luggages.\u00a0<\/span><span style=\"font-weight: 400;\">The price is fixed and you will always be informed about it in advance.<\/span><span style=\"font-weight: 400;\"><\/span><\/p>\n<p><span style=\"font-weight: 400;\"><\/span><\/p>[\/et_pb_text][et_pb_text content_tablet=&#8220;<p><strong>To book your personal driver, call us anytime at +420 733 555 911 or email us your wishes and requirements at info@easydrivers.cz.<\/strong><\/p>&#8220; content_phone=&#8220;<p><strong>To book your personal driver, call us anytime at +420 733 555 911 or email us your wishes and requirements at info@easydrivers.cz.<\/strong><\/p>&#8220; content_last_edited=&#8220;on|phone&#8220; _builder_version=&#8220;4.17.4&#8243; _module_preset=&#8220;default&#8220; text_font=&#8220;Gotham Light|100|||||||&#8220; text_text_color=&#8220;#000000&#8243; text_font_size=&#8220;25px&#8220; width=&#8220;90%&#8220; width_tablet=&#8220;90%&#8220; width_phone=&#8220;88%&#8220; width_last_edited=&#8220;on|phone&#8220; module_alignment=&#8220;center&#8220; custom_margin=&#8220;||15px||false|false&#8220; text_font_size_tablet=&#8220;25px&#8220; text_font_size_phone=&#8220;18px&#8220; text_font_size_last_edited=&#8220;on|desktop&#8220; global_colors_info=&#8220;{}&#8220;]<p><strong>To order a transfer to the airport, call us anytime at +420 733 555 911 or write us your wishes and requirements at <a href=\"mailto:info@easydrivers.cz\">info@easydrivers.cz<\/a>.<\/strong><\/p>[\/et_pb_text][\/et_pb_column][\/et_pb_row][et_pb_row _builder_version=&#8220;4.16&#8243; _module_preset=&#8220;default&#8220; custom_padding=&#8220;2px||2px|||&#8220; global_colors_info=&#8220;{}&#8220;][et_pb_column type=&#8220;4_4&#8243; _builder_version=&#8220;4.16&#8243; _module_preset=&#8220;default&#8220; global_colors_info=&#8220;{}&#8220;][et_pb_button button_url=&#8220;https:\/\/easydrivers.cz\/objednat\/&#8220; button_text=&#8220;OBJEDNAT&#8220; button_alignment=&#8220;center&#8220; disabled_on=&#8220;off|off|off&#8220; _builder_version=&#8220;4.16&#8243; custom_button=&#8220;on&#8220; button_text_size=&#8220;15px&#8220; button_text_color=&#8220;#c9a869&#8243; button_border_radius=&#8220;35px&#8220; button_font=&#8220;||||||||&#8220; button_icon=&#8220;&#x5c;||divi||400&#8243; transform_translate_linked=&#8220;off&#8220; custom_margin=&#8220;20px|0px|0px|0px|false|false&#8220; animation_style=&#8220;fade&#8220; animation_duration=&#8220;1500ms&#8220; global_colors_info=&#8220;{}&#8220;][\/et_pb_button][\/et_pb_column][\/et_pb_row][\/et_pb_section]","protected":false},"excerpt":{"rendered":"<p>Hled\u00e1te odvoz na leti\u0161t\u011b? Odvoz z leti\u0161t\u011b? U\u017e jste ho na\u0161li! Easy Drivers, to je luxusn\u00ed p\u0159eprava a servis concierge.<\/p>","protected":false},"author":3,"featured_media":1932,"parent":0,"menu_order":0,"comment_status":"closed","ping_status":"closed","template":"","meta":{"_et_pb_use_builder":"on","_et_pb_old_content":"","_et_gb_content_width":"","footnotes":""},"class_list":["post-1929","page","type-page","status-publish","has-post-thumbnail","hentry"],"_links":{"self":[{"href":"https:\/\/easydrivers.cz\/en\/wp-json\/wp\/v2\/pages\/1929","targetHints":{"allow":["GET"]}}],"collection":[{"href":"https:\/\/easydrivers.cz\/en\/wp-json\/wp\/v2\/pages"}],"about":[{"href":"https:\/\/easydrivers.cz\/en\/wp-json\/wp\/v2\/types\/page"}],"author":[{"embeddable":true,"href":"https:\/\/easydrivers.cz\/en\/wp-json\/wp\/v2\/users\/3"}],"replies":[{"embeddable":true,"href":"https:\/\/easydrivers.cz\/en\/wp-json\/wp\/v2\/comments?post=1929"}],"version-history":[{"count":29,"href":"https:\/\/easydrivers.cz\/en\/wp-json\/wp\/v2\/pages\/1929\/revisions"}],"predecessor-version":[{"id":2304,"href":"https:\/\/easydrivers.cz\/en\/wp-json\/wp\/v2\/pages\/1929\/revisions\/2304"}],"wp:featuredmedia":[{"embeddable":true,"href":"https:\/\/easydrivers.cz\/en\/wp-json\/wp\/v2\/media\/1932"}],"wp:attachment":[{"href":"https:\/\/easydrivers.cz\/en\/wp-json\/wp\/v2\/media?parent=1929"}],"curies":[{"name":"wp","href":"https:\/\/api.w.org\/{rel}","templated":true}]}}