{"id":1899,"date":"2022-05-31T17:21:50","date_gmt":"2022-05-31T15:21:50","guid":{"rendered":"https:\/\/easydrivers.cz\/?page_id=1899"},"modified":"2022-08-22T14:41:42","modified_gmt":"2022-08-22T12:41:42","slug":"b2b-taxi","status":"publish","type":"page","link":"https:\/\/easydrivers.cz\/en\/b2b-taxi\/","title":{"rendered":"B2B taxi"},"content":{"rendered":"<p>[et_pb_section fb_built=&#8220;1&#8243; disabled_on=&#8220;on|on|off&#8220; _builder_version=&#8220;4.16&#8243; _module_preset=&#8220;default&#8220; background_enable_color=&#8220;off&#8220; background_video_mp4=&#8220;https:\/\/easydrivers.cz\/wp-content\/uploads\/2021\/04\/ed_social_B_clean_h264_1080p25_rec1886_stereo_200403.mp4&#8243; module_alignment=&#8220;center&#8220; custom_margin=&#8220;0px|||0px|false|false&#8220; custom_padding=&#8220;0px||0px|0px|false|false&#8220; global_colors_info=&#8220;{}&#8220;][et_pb_row _builder_version=&#8220;4.16&#8243; _module_preset=&#8220;default&#8220; width=&#8220;96%&#8220; max_width=&#8220;1300px&#8220; module_alignment=&#8220;center&#8220; custom_margin=&#8220;250px||240px||false|false&#8220; global_colors_info=&#8220;{}&#8220;][et_pb_column type=&#8220;4_4&#8243; _builder_version=&#8220;4.16&#8243; _module_preset=&#8220;default&#8220; global_colors_info=&#8220;{}&#8220;][et_pb_image src=&#8220;https:\/\/easydrivers.cz\/wp-content\/uploads\/2021\/03\/Easy-Drivers-s.r.o.-osobn\u00ed-luxusn\u00ed-p\u0159eprava-personal-transport-luxury-limousine-luxusn\u00ed-sv\u011btl\u00e1-verzest\u00edn.png&#8220; alt=&#8220;Easy Drivers s.r.o. osobn\u00ed luxusn\u00ed p\u0159eprava personal transport luxury limousine luxusn\u00ed sv\u011btl\u00e1 verze+st\u00edn&#8220; title_text=&#8220;Easy Drivers s.r.o. osobn\u00ed luxusn\u00ed p\u0159eprava personal transport luxury limousine luxusn\u00ed sv\u011btl\u00e1 verze+st\u00edn&#8220; _builder_version=&#8220;4.16&#8243; _module_preset=&#8220;default&#8220; transform_scale=&#8220;50%|50%&#8220; custom_margin=&#8220;-50px|0px||73px|false|false&#8220; animation_style=&#8220;slide&#8220; animation_duration=&#8220;1500ms&#8220; global_colors_info=&#8220;{}&#8220;][\/et_pb_image][et_pb_text _builder_version=&#8220;4.16&#8243; _module_preset=&#8220;default&#8220; text_font=&#8220;Gotham Light|||on|||||&#8220; text_text_color=&#8220;#caa869&#8243; text_font_size=&#8220;49px&#8220; transform_scale=&#8220;50%|50%&#8220; text_orientation=&#8220;center&#8220; custom_margin=&#8220;-109px||148px||false|false&#8220; custom_padding=&#8220;0px||||false|false&#8220; animation_style=&#8220;slide&#8220; animation_duration=&#8220;1500ms&#8220; text_text_shadow_style=&#8220;preset1&#8243; global_colors_info=&#8220;{}&#8220;]<\/p>\n<p><span style=\"font-weight: 400;\">LUXURY CHAUFFEUR AND CONCIERGE SERVICE<\/span><\/p>\n<p>[\/et_pb_text][\/et_pb_column][\/et_pb_row][et_pb_row _builder_version=&#8220;4.16&#8243; _module_preset=&#8220;default&#8220; custom_padding=&#8220;||0px|||&#8220; global_colors_info=&#8220;{}&#8220;][et_pb_column type=&#8220;4_4&#8243; _builder_version=&#8220;4.16&#8243; _module_preset=&#8220;default&#8220; global_colors_info=&#8220;{}&#8220;][\/et_pb_column][\/et_pb_row][\/et_pb_section][et_pb_section fb_built=&#8220;1&#8243; disabled_on=&#8220;off|off|on&#8220; _builder_version=&#8220;4.16&#8243; _module_preset=&#8220;default&#8220; background_enable_color=&#8220;off&#8220; background_video_mp4=&#8220;https:\/\/easydrivers.cz\/wp-content\/uploads\/2021\/03\/y2mate.com-ed-social-A-vertical-dnxhrhq-rec1886-stereo-200226_1080p.mp4&#8243; module_alignment=&#8220;center&#8220; custom_margin=&#8220;0px|||-2px|false|false&#8220; custom_padding=&#8220;100px||100px|0px|false|false&#8220; global_colors_info=&#8220;{}&#8220;][et_pb_row _builder_version=&#8220;4.16&#8243; _module_preset=&#8220;default&#8220; custom_padding=&#8220;||95px|||&#8220; global_colors_info=&#8220;{}&#8220;][et_pb_column type=&#8220;4_4&#8243; _builder_version=&#8220;4.16&#8243; _module_preset=&#8220;default&#8220; global_colors_info=&#8220;{}&#8220;][\/et_pb_column][\/et_pb_row][et_pb_row _builder_version=&#8220;4.16&#8243; _module_preset=&#8220;default&#8220; custom_margin=&#8220;0px||||false|false&#8220; global_colors_info=&#8220;{}&#8220;][et_pb_column type=&#8220;4_4&#8243; _builder_version=&#8220;4.16&#8243; _module_preset=&#8220;default&#8220; global_colors_info=&#8220;{}&#8220;][et_pb_text _builder_version=&#8220;4.16&#8243; _module_preset=&#8220;default&#8220; text_font=&#8220;Gotham Light|||on|||||&#8220; text_text_color=&#8220;#caa869&#8243; text_font_size=&#8220;25px&#8220; text_orientation=&#8220;center&#8220; custom_margin=&#8220;-34px||||false|false&#8220; custom_padding=&#8220;0px||0px||false|false&#8220; animation_style=&#8220;slide&#8220; animation_duration=&#8220;1500ms&#8220; text_text_shadow_style=&#8220;preset1&#8243; global_colors_info=&#8220;{}&#8220;]<\/p>\n<p class=\"translation-block\">LUXURY CHAUFFEUR AND CONCIERGE SERVICES<\/p>\n<p>[\/et_pb_text][\/et_pb_column][\/et_pb_row][et_pb_row _builder_version=&#8220;4.16&#8243; _module_preset=&#8220;default&#8220; custom_padding=&#8220;||177px||false|false&#8220; global_colors_info=&#8220;{}&#8220;][et_pb_column type=&#8220;4_4&#8243; _builder_version=&#8220;4.16&#8243; _module_preset=&#8220;default&#8220; global_colors_info=&#8220;{}&#8220;][\/et_pb_column][\/et_pb_row][\/et_pb_section][et_pb_section fb_built=&#8220;1&#8243; _builder_version=&#8220;4.16&#8243; _module_preset=&#8220;default&#8220; background_color=&#8220;#30334f&#8220; custom_margin=&#8220;-1px||||false|false&#8220; custom_padding=&#8220;30px||20px|||&#8220; global_colors_info=&#8220;{}&#8220;][et_pb_row column_structure=&#8220;2_5,3_5&#8243; use_custom_gutter=&#8220;on&#8220; gutter_width=&#8220;2&#8243; custom_padding_last_edited=&#8220;on|phone&#8220; disabled_on=&#8220;off|off|off&#8220; _builder_version=&#8220;4.16&#8243; background_color=&#8220;#FFFFFF&#8220; width_tablet=&#8220;&#8220; width_phone=&#8220;93%&#8220; width_last_edited=&#8220;on|desktop&#8220; max_width=&#8220;1312px&#8220; max_width_tablet=&#8220;1312px&#8220; max_width_phone=&#8220;93%&#8220; max_width_last_edited=&#8220;on|phone&#8220; module_alignment=&#8220;center&#8220; custom_margin=&#8220;100px|auto||0px|false|false&#8220; custom_margin_tablet=&#8220;&#8220; custom_margin_phone=&#8220;41px|0px||13px|false|false&#8220; custom_margin_last_edited=&#8220;on|phone&#8220; custom_padding=&#8220;||25px||false|false&#8220; custom_padding_tablet=&#8220;||25px||false|false&#8220; custom_padding_phone=&#8220;||0px||false|false&#8220; border_radii=&#8220;off|25px|25px||&#8220; global_colors_info=&#8220;{}&#8220;][et_pb_column type=&#8220;2_5&#8243; _builder_version=&#8220;4.16&#8243; global_colors_info=&#8220;{}&#8220;][et_pb_image src=&#8220;https:\/\/easydrivers.cz\/wp-content\/uploads\/2022\/05\/Webp.net-resizeimage.jpg&#8220; alt=&#8220;B2B taxi. Transfery a p\u0159eprava pro Va\u0161i firmu. Teambuilding, konference, kongresy \u010di jednor\u00e1zov\u00e9 eventy. Zajist\u00edme ve\u0161kerou p\u0159epravu.&#8220; title_text=&#8220;B2B taxi.&#8220; align=&#8220;center&#8220; _builder_version=&#8220;4.17.3&#8243; _module_preset=&#8220;default&#8220; transform_scale_tablet=&#8220;&#8220; transform_scale_phone=&#8220;94%|94%&#8220; transform_scale_last_edited=&#8220;on|desktop&#8220; transform_translate=&#8220;20px|5px&#8220; transform_translate_tablet=&#8220;20px|5px&#8220; transform_translate_phone=&#8220;-1px|-20px&#8220; transform_translate_last_edited=&#8220;on|phone&#8220; transform_translate_linked=&#8220;off&#8220; transform_rotate_tablet=&#8220;&#8220; transform_rotate_phone=&#8220;&#8220; transform_rotate_last_edited=&#8220;on|desktop&#8220; transform_skew_tablet=&#8220;&#8220; transform_skew_phone=&#8220;&#8220; transform_skew_last_edited=&#8220;on|desktop&#8220; transform_origin_tablet=&#8220;&#8220; transform_origin_phone=&#8220;&#8220; transform_origin_last_edited=&#8220;on|phone&#8220; transform_styles_last_edited=&#8220;on|phone&#8220; min_height=&#8220;322px&#8220; height=&#8220;409px&#8220; custom_margin=&#8220;|||0px|false|false&#8220; custom_padding=&#8220;|||0px|false|false&#8220; transform_styles_tablet=&#8220;&#8220; transform_styles_phone=&#8220;&#8220; border_radii=&#8220;on|35px|35px|35px|35px&#8220; global_colors_info=&#8220;{}&#8220;][\/et_pb_image][\/et_pb_column][et_pb_column type=&#8220;3_5&#8243; _builder_version=&#8220;4.16&#8243; global_colors_info=&#8220;{}&#8220;][et_pb_text _builder_version=&#8220;4.17.3&#8243; _module_preset=&#8220;default&#8220; custom_margin=&#8220;4px||10px||false|false&#8220; custom_margin_tablet=&#8220;4px||10px||false|false&#8220; custom_margin_phone=&#8220;-22px||||false|false&#8220; custom_margin_last_edited=&#8220;on|phone&#8220; custom_padding=&#8220;0px||0px||false|false&#8220; global_colors_info=&#8220;{}&#8220; custom_margin__hover_enabled=&#8220;on|desktop&#8220; custom_margin__hover=&#8220;4px||10px||false|false&#8220;]<\/p>\n<h1 style=\"text-align: center;\"><strong>B2B taxi<\/strong><\/h1>\n<p>[\/et_pb_text][et_pb_text _builder_version=&#8220;4.17.3&#8243; _module_preset=&#8220;default&#8220; text_font=&#8220;Gotham Light|100|||||||&#8220; text_text_color=&#8220;#000000&#8243; text_font_size=&#8220;19px&#8220; width_tablet=&#8220;&#8220; width_phone=&#8220;90%&#8220; width_last_edited=&#8220;on|desktop&#8220; max_width=&#8220;93%&#8220; max_width_tablet=&#8220;100%&#8220; max_width_phone=&#8220;100%&#8220; max_width_last_edited=&#8220;on|phone&#8220; module_alignment=&#8220;center&#8220; global_colors_info=&#8220;{}&#8220;]<\/p>\n<p style=\"text-align: justify;\">Easy Drivers is a cooperation with your entire company and B2B TAXI is a clear proof of that. The ideal transport service when you need to organize an out of town trip for your colleagues, a transfer for your foreign colleagues from the airport to the hotel and from there to your event. Pick up large quantities of flowers for an event and to transfer catering. Thanks to our multiple fleets, our B2B TAXI is ready for every occasion!<\/p>\n<p>[\/et_pb_text][et_pb_text _builder_version=&#8220;4.17.3&#8243; _module_preset=&#8220;default&#8220; text_font=&#8220;Gotham Light||||||||&#8220; text_text_color=&#8220;#000000&#8243; text_font_size=&#8220;18px&#8220; width_tablet=&#8220;&#8220; width_phone=&#8220;90%&#8220; width_last_edited=&#8220;on|phone&#8220; max_width=&#8220;93%&#8220; module_alignment=&#8220;center&#8220; custom_padding=&#8220;4px||0px||false|false&#8220; global_colors_info=&#8220;{}&#8220;]<\/p>\n<ul>\n<li><b>Luxury taxi for your company and companions<\/b><\/li>\n<li><b>Representative cars with high-above equipment<\/b><\/li>\n<li><b>Minibuses and buses part of our fleet<\/b><\/li>\n<li><b>Preparation of the entire schedule and itinerary<\/b><\/li>\n<li><b>Top service and discretion\u00a0<\/b><\/li>\n<li><b>Available 24 hours a day<\/b><b><\/b>\n<ul>\n<li style=\"list-style-type: none;\">\n<ul><\/ul>\n<\/li>\n<\/ul>\n<\/li>\n<\/ul>\n<p>[\/et_pb_text][\/et_pb_column][\/et_pb_row][et_pb_row use_custom_gutter=&#8220;on&#8220; gutter_width=&#8220;2&#8243; disabled_on=&#8220;off|off|off&#8220; _builder_version=&#8220;4.16&#8243; _module_preset=&#8220;default&#8220; background_color=&#8220;#FFFFFF&#8220; width=&#8220;73%&#8220; width_tablet=&#8220;73%&#8220; width_phone=&#8220;93%&#8220; width_last_edited=&#8220;on|phone&#8220; max_width=&#8220;1312px&#8220; max_width_tablet=&#8220;1312px&#8220; max_width_phone=&#8220;93%&#8220; max_width_last_edited=&#8220;on|phone&#8220; module_alignment=&#8220;center&#8220; min_height=&#8220;1383.2px&#8220; custom_margin=&#8220;0px|auto||326px|false|false&#8220; custom_margin_tablet=&#8220;0px|auto||326px|false|false&#8220; custom_margin_phone=&#8220;0px|||13px|false|false&#8220; custom_margin_last_edited=&#8220;on|phone&#8220; custom_padding=&#8220;||25px||false|false&#8220; hover_enabled=&#8220;0&#8243; border_radii=&#8220;off|||25px|25px&#8220; global_colors_info=&#8220;{}&#8220; sticky_enabled=&#8220;0&#8243;][et_pb_column type=&#8220;4_4&#8243; _builder_version=&#8220;4.16&#8243; _module_preset=&#8220;default&#8220; global_colors_info=&#8220;{}&#8220;][et_pb_text _builder_version=&#8220;4.17.4&#8243; _module_preset=&#8220;default&#8220; text_font=&#8220;Gotham Light|100|||||||&#8220; text_text_color=&#8220;#000000&#8243; text_font_size=&#8220;19px&#8220; width=&#8220;90%&#8220; width_tablet=&#8220;90%&#8220; width_phone=&#8220;88%&#8220; width_last_edited=&#8220;on|phone&#8220; module_alignment=&#8220;center&#8220; custom_margin=&#8220;||15px||false|false&#8220; global_colors_info=&#8220;{}&#8220;]<\/p>\n<p style=\"text-align: justify;\"><span style=\"font-weight: 400;\">Surprise your colleagues with unusual luxury! Cooperation with large Czech and foreign companies is nothing new for us. That is why we know how important it is to have a fully professional job done with perfect results without any problems when organizing a corporate event. How important it is to plan everything precisely in advance and at the same time remain flexible. For example, in B2B TAXI airport transfers, when delayed flights can throw a spanner in the works. And it should be noted that we are fully aware that transporting your foreign colleagues from Vaclav Havel Airport is the first thing they will encounter when they arrive in the Czech Republic.<\/span><\/p>\n<p><span style=\"font-weight: 400;\"><\/span><\/p>\n<h3><strong>B2B TAXI FOR EVERY OCCASION<\/strong><\/h3>\n<p style=\"text-align: justify;\"><span style=\"font-weight: 400;\">Would you like to organize a trip to Prague, the Czech Republic or abroad for your company or colleagues? Or do you just need to transport them from the airport or train station to their hotel? Are you planning a teambuilding? Do you want to have a professional driver for your boss 24\/7? Or would you like a luxury bus to transport the whole team to a fancy restaurant? However you'd like to impress your colleagues, we're here with you, ready to be by your side and represent you excellently. <\/span><span style=\"font-weight: 400;\"><\/span><span style=\"font-weight: 400;\"><\/span><\/p>\n<p>[\/et_pb_text][et_pb_image src=&#8220;https:\/\/easydrivers.cz\/wp-content\/uploads\/2022\/05\/Webp.net-resizeimage-1.jpg&#8220; alt=&#8220;B2B taxi. Easy Drivers jsou flexibiln\u00ed a kdykoliv k dispozici pro V\u00e1s a Va\u0161i firmu. Pro po\u0159\u00e1d\u00e1n\u00ed firemn\u00edch z\u00e1jezd\u016f \u010di jen ve\u010d\u00edrk\u016f.&#8220; title_text=&#8220;B2B taxi&#8220; _builder_version=&#8220;4.17.3&#8243; _module_preset=&#8220;default&#8220; transform_scale_tablet=&#8220;&#8220; transform_scale_phone=&#8220;90%|90%&#8220; transform_scale_last_edited=&#8220;on|phone&#8220; transform_translate_tablet=&#8220;&#8220; transform_translate_phone=&#8220;&#8220; transform_translate_last_edited=&#8220;on|phone&#8220; transform_rotate_tablet=&#8220;&#8220; transform_rotate_phone=&#8220;&#8220; transform_rotate_last_edited=&#8220;on|phone&#8220; transform_skew_tablet=&#8220;&#8220; transform_skew_phone=&#8220;&#8220; transform_skew_last_edited=&#8220;on|phone&#8220; transform_origin_tablet=&#8220;&#8220; transform_origin_phone=&#8220;&#8220; transform_origin_last_edited=&#8220;on|phone&#8220; transform_styles_last_edited=&#8220;on|phone&#8220; width=&#8220;90%&#8220; module_alignment=&#8220;center&#8220; transform_styles_tablet=&#8220;&#8220; transform_styles_phone=&#8220;&#8220; border_radii=&#8220;on|25px|25px|25px|25px&#8220; global_colors_info=&#8220;{}&#8220;][\/et_pb_image][et_pb_text _builder_version=&#8220;4.17.4&#8243; _module_preset=&#8220;default&#8220; text_font=&#8220;Gotham Light|100|||||||&#8220; text_text_color=&#8220;#000000&#8243; text_font_size=&#8220;19px&#8220; width=&#8220;90%&#8220; width_tablet=&#8220;90%&#8220; width_phone=&#8220;88%&#8220; width_last_edited=&#8220;on|phone&#8220; module_alignment=&#8220;center&#8220; custom_margin=&#8220;||15px||false|false&#8220; global_colors_info=&#8220;{}&#8220;]<\/p>\n<h3 style=\"text-align: justify;\"><span style=\"font-weight: 400;\"><\/span><\/h3>\n<h3><strong>EASY ORDERING<\/strong><\/h3>\n<p style=\"text-align: justify;\"><span style=\"font-weight: 400;\">Contact us also if you need a taxi for large conferences. Our fleet is multiple and everything can be planned well in advance without any problems. For B2B TAXI, we only need to know the basic information about the event, thanks to which we will prepare a detailed itinerary, in which we will also suggest the individual types and models of cars that would be suitable for each transfer. This is not a problem even with more complex routes, which for example have several stops. Our job is to make sure that everyone always gets where they need to go safely and in as much comfort as possible.<\/span><\/p>\n<p><span style=\"font-weight: 400;\"><\/span><\/p>\n<p>[\/et_pb_text][et_pb_text content_tablet=&#8220;<\/p>\n<p><strong>To book your personal driver, call us anytime at +420 733 555 911 or email us your wishes and requirements at info@easydrivers.cz.<\/strong><\/p>\n<p>&#8220; content_phone=&#8220;<\/p>\n<p><strong>To book your personal driver, call us anytime at +420 733 555 911 or email us your wishes and requirements at info@easydrivers.cz.<\/strong><\/p>\n<p>&#8220; content_last_edited=&#8220;on|phone&#8220; _builder_version=&#8220;4.17.3&#8243; _module_preset=&#8220;default&#8220; text_font=&#8220;Gotham Light|100|||||||&#8220; text_text_color=&#8220;#000000&#8243; text_font_size=&#8220;25px&#8220; width=&#8220;90%&#8220; width_tablet=&#8220;90%&#8220; width_phone=&#8220;88%&#8220; width_last_edited=&#8220;on|phone&#8220; module_alignment=&#8220;center&#8220; custom_margin=&#8220;||15px||false|false&#8220; text_font_size_tablet=&#8220;25px&#8220; text_font_size_phone=&#8220;18px&#8220; text_font_size_last_edited=&#8220;on|desktop&#8220; global_colors_info=&#8220;{}&#8220;]<\/p>\n<p><b>To place an order, call us anytime at +420 733 555 911 or email us at info@easydrivers.cz.<\/b><\/p>\n<p>[\/et_pb_text][\/et_pb_column][\/et_pb_row][et_pb_row _builder_version=&#8220;4.16&#8243; _module_preset=&#8220;default&#8220; custom_padding=&#8220;2px||2px|||&#8220; global_colors_info=&#8220;{}&#8220;][et_pb_column type=&#8220;4_4&#8243; _builder_version=&#8220;4.16&#8243; _module_preset=&#8220;default&#8220; global_colors_info=&#8220;{}&#8220;][et_pb_button button_url=&#8220;https:\/\/easydrivers.cz\/objednat\/&#8220; button_text=&#8220;OBJEDNAT&#8220; button_alignment=&#8220;center&#8220; disabled_on=&#8220;off|off|off&#8220; _builder_version=&#8220;4.16&#8243; custom_button=&#8220;on&#8220; button_text_size=&#8220;15px&#8220; button_text_color=&#8220;#c9a869&#8243; button_border_radius=&#8220;35px&#8220; button_font=&#8220;||||||||&#8220; button_icon=&#8220;&#x5c;||divi||400&#8243; transform_translate_linked=&#8220;off&#8220; custom_margin=&#8220;20px|0px|0px|0px|false|false&#8220; animation_style=&#8220;fade&#8220; animation_duration=&#8220;1500ms&#8220; global_colors_info=&#8220;{}&#8220;][\/et_pb_button][\/et_pb_column][\/et_pb_row][\/et_pb_section]<\/p>","protected":false},"excerpt":{"rendered":"<p>Hled\u00e1te transport pro Va\u0161i firmu? B2B taxi od p\u0159epravy na teambuilding po leti\u0161tn\u00ed transfery. Easy Drivers, to je luxusn\u00ed p\u0159eprava a servis concierge.<\/p>","protected":false},"author":3,"featured_media":1903,"parent":0,"menu_order":0,"comment_status":"closed","ping_status":"closed","template":"","meta":{"_et_pb_use_builder":"on","_et_pb_old_content":"","_et_gb_content_width":"","footnotes":""},"class_list":["post-1899","page","type-page","status-publish","has-post-thumbnail","hentry"],"_links":{"self":[{"href":"https:\/\/easydrivers.cz\/en\/wp-json\/wp\/v2\/pages\/1899","targetHints":{"allow":["GET"]}}],"collection":[{"href":"https:\/\/easydrivers.cz\/en\/wp-json\/wp\/v2\/pages"}],"about":[{"href":"https:\/\/easydrivers.cz\/en\/wp-json\/wp\/v2\/types\/page"}],"author":[{"embeddable":true,"href":"https:\/\/easydrivers.cz\/en\/wp-json\/wp\/v2\/users\/3"}],"replies":[{"embeddable":true,"href":"https:\/\/easydrivers.cz\/en\/wp-json\/wp\/v2\/comments?post=1899"}],"version-history":[{"count":26,"href":"https:\/\/easydrivers.cz\/en\/wp-json\/wp\/v2\/pages\/1899\/revisions"}],"predecessor-version":[{"id":2309,"href":"https:\/\/easydrivers.cz\/en\/wp-json\/wp\/v2\/pages\/1899\/revisions\/2309"}],"wp:featuredmedia":[{"embeddable":true,"href":"https:\/\/easydrivers.cz\/en\/wp-json\/wp\/v2\/media\/1903"}],"wp:attachment":[{"href":"https:\/\/easydrivers.cz\/en\/wp-json\/wp\/v2\/media?parent=1899"}],"curies":[{"name":"wp","href":"https:\/\/api.w.org\/{rel}","templated":true}]}}