{"id":184,"date":"2020-01-09T18:23:29","date_gmt":"2020-01-09T17:23:29","guid":{"rendered":"https:\/\/testingapge2.cz\/?page_id=184"},"modified":"2021-04-01T12:35:43","modified_gmt":"2021-04-01T10:35:43","slug":"sluzby-puvodni","status":"publish","type":"page","link":"https:\/\/easydrivers.cz\/en\/sluzby-puvodni\/","title":{"rendered":"Slu\u017eby-p\u016fvodn\u00ed"},"content":{"rendered":"[et_pb_section fb_built=&#8220;1&#8243; _builder_version=&#8220;4.4.0&#8243; background_color=&#8220;#30334f&#8220; background_enable_image=&#8220;off&#8220; parallax=&#8220;on&#8220; background_video_mp4=&#8220;https:\/\/testingapge2.cz\/wp-content\/uploads\/2020\/03\/y2mate.com-Vozov\u00fd-park_0PHHAkN4ppI_1080p.mp4&#8243; custom_padding=&#8220;271px||270px||false|false&#8220;][et_pb_row column_structure=&#8220;1_2,1_2&#8243; _builder_version=&#8220;4.0.11&#8243; width=&#8220;90%&#8220; max_width=&#8220;1600px&#8220; module_alignment=&#8220;center&#8220; custom_padding=&#8220;0px|||||&#8220;][et_pb_column type=&#8220;1_2&#8243; _builder_version=&#8220;4.0.11&#8243;][et_pb_image src=&#8220;https:\/\/testingapge2.cz\/wp-content\/uploads\/2020\/01\/Remastering-loga-bez-podkladu.png&#8220; align=&#8220;center&#8220; _builder_version=&#8220;4.4.0&#8243; width=&#8220;48%&#8220;][\/et_pb_image][\/et_pb_column][et_pb_column type=&#8220;1_2&#8243; _builder_version=&#8220;4.0.11&#8243;][\/et_pb_column][\/et_pb_row][\/et_pb_section][et_pb_section fb_built=&#8220;1&#8243; disabled_on=&#8220;on|on|off&#8220; _builder_version=&#8220;4.4.2&#8243; background_color=&#8220;#30334f&#8220; custom_margin=&#8220;0px||0px||false|false&#8220; custom_padding=&#8220;0px||0px||false|false&#8220;][et_pb_row _builder_version=&#8220;4.4.2&#8243; width=&#8220;90%&#8220; max_width=&#8220;1300px&#8220; custom_margin=&#8220;0px||0px||false|false&#8220; custom_padding=&#8220;||0px|||&#8220;][et_pb_column type=&#8220;4_4&#8243; _builder_version=&#8220;4.0.11&#8243;][et_pb_text _builder_version=&#8220;4.4.3&#8243; text_font=&#8220;Gotham Light||||||||&#8220; text_text_color=&#8220;#c9a869&#8243; text_font_size=&#8220;33px&#8220; text_letter_spacing=&#8220;3px&#8220; text_line_height=&#8220;0.3em&#8220; header_text_color=&#8220;#ffffff&#8220; header_font_size=&#8220;61px&#8220; background_enable_color=&#8220;off&#8220; transform_scale_last_edited=&#8220;off|desktop&#8220; transform_translate_last_edited=&#8220;off|desktop&#8220; transform_translate_linked=&#8220;off&#8220; transform_rotate_last_edited=&#8220;off|desktop&#8220; transform_skew_last_edited=&#8220;off|desktop&#8220; transform_origin_last_edited=&#8220;off|desktop&#8220; transform_styles_last_edited=&#8220;off|desktop&#8220; width=&#8220;100%&#8220; custom_margin=&#8220;0px||0px|0px|false|false&#8220; custom_margin_tablet=&#8220;&#8220; custom_margin_phone=&#8220;|0px||0px|false|false&#8220; custom_margin_last_edited=&#8220;on|desktop&#8220; custom_padding=&#8220;120px|0px|120px|33px|true|false&#8220; animation_style=&#8220;slide&#8220; animation_duration=&#8220;1500ms&#8220; hover_transition_duration=&#8220;2500ms&#8220; hover_enabled=&#8220;0&#8243; border_radii=&#8220;on|15px|15px|15px|15px&#8220; inline_fonts=&#8220;GOTHAM light&#8220; transform_styles__hover_enabled=&#8220;on|hover&#8220; transform_scale__hover_enabled=&#8220;on|hover&#8220; transform_translate__hover_enabled=&#8220;on|desktop&#8220; transform_rotate__hover_enabled=&#8220;on|desktop&#8220; transform_skew__hover_enabled=&#8220;on|desktop&#8220; transform_origin__hover_enabled=&#8220;on|desktop&#8220; header_font=&#8220;Gotham Light||||||||&#8220;]<h1 style=\"text-align: center;\">OUR\u00a0<span style=\"color: #c9a869;\">SERVICES<\/span><\/h1>\n<p><span style=\"color: #c9a869;\"><\/span><\/p>\n<p><span style=\"color: #c9a869;\"><\/span><\/p>\n<p style=\"padding-left: 90px;\"><b><span><\/span><\/b>- AIRPOTR TRANSFERS\u00a0 \u00a0 \u00a0 \u00a0 \u00a0 \u00a0 \u00a0 \u00a0 \u00a0 \u00a0 \u00a0 \u00a0 \u00a0<\/p>\n<p style=\"padding-left: 90px;\">- CONGRESSES<\/p>\n<p style=\"padding-left: 90px;\">- TRAVEL BOOKING<\/p>\n<p style=\"padding-left: 90px;\">&#8211; LADY TAXI<\/p>\n<p style=\"padding-left: 90px;\">- CATERINGS<\/p>\n<p style=\"padding-left: 90px;\">- PERSONAL DRIVER<\/p>\n<p style=\"padding-left: 90px;\">- CORPORATE TRANSPORTS<\/p>\n<p style=\"padding-left: 90px;\">- TRANSPORT CAR<\/p>\n<p style=\"padding-left: 90px;\">- WEDDING SERVICE<\/p>\n<p style=\"padding-left: 90px;\">&#8211; SECURITY<\/p>\n<p style=\"padding-left: 90px;\">- FAMILY FRIENDLY - PERSONAL DRIVER FOR YOUR KIDS<\/p>\n<p style=\"text-align: center;\"><span style=\"color: #ffffff; font-size: x-large;\"><span style=\"color: #c9a869;\"><span style=\"font-family: 'GOTHAM light'; font-weight: normal;\"><\/span><\/span><\/span><\/p>\n<p style=\"text-align: center;\"><\/p>[\/et_pb_text][et_pb_button button_url=&#8220;https:\/\/easydrivers.cz\/kontakt\/&#8220; button_text=&#8220;OBJEDNAT&#8220; button_alignment=&#8220;center&#8220; _builder_version=&#8220;4.4.3&#8243; custom_button=&#8220;on&#8220; button_text_color=&#8220;#c9a869&#8243; button_border_radius=&#8220;35px&#8220; button_font=&#8220;GOTHAM light||||||||&#8220; button_icon=&#8220;%%59%%&#8220; transform_translate=&#8220;-35px|-128px&#8220; transform_translate_linked=&#8220;off&#8220; custom_margin=&#8220;0px||-50px|50px|false|false&#8220; animation_style=&#8220;fade&#8220; animation_duration=&#8220;1500ms&#8220;][\/et_pb_button][\/et_pb_column][\/et_pb_row][\/et_pb_section][et_pb_section fb_built=&#8220;1&#8243; disabled_on=&#8220;off|off|on&#8220; _builder_version=&#8220;4.4.2&#8243; background_color=&#8220;#30334f&#8220; custom_padding=&#8220;50px||50px||false|false&#8220;][et_pb_row use_custom_gutter=&#8220;on&#8220; _builder_version=&#8220;4.4.0&#8243; width=&#8220;95%&#8220; max_width=&#8220;1920px&#8220; module_alignment=&#8220;center&#8220; custom_padding=&#8220;||0px|||&#8220;][et_pb_column type=&#8220;4_4&#8243; _builder_version=&#8220;4.0.11&#8243;][et_pb_text _builder_version=&#8220;4.4.3&#8243; text_font=&#8220;Gotham Light||||||||&#8220; text_text_color=&#8220;#c9a869&#8243; text_font_size=&#8220;20px&#8220; text_line_height=&#8220;1em&#8220; header_text_align=&#8220;center&#8220; header_text_color=&#8220;#ffffff&#8220; header_font_size=&#8220;33px&#8220; background_enable_color=&#8220;off&#8220; transform_scale_last_edited=&#8220;off|desktop&#8220; transform_translate_last_edited=&#8220;off|desktop&#8220; transform_translate_linked=&#8220;off&#8220; transform_rotate_last_edited=&#8220;off|desktop&#8220; transform_skew_last_edited=&#8220;off|desktop&#8220; transform_origin_last_edited=&#8220;off|desktop&#8220; transform_styles_last_edited=&#8220;off|desktop&#8220; width=&#8220;100%&#8220; custom_margin=&#8220;0px|||0px|false|false&#8220; custom_margin_tablet=&#8220;&#8220; custom_margin_phone=&#8220;|0px||0px|false|false&#8220; custom_margin_last_edited=&#8220;on|desktop&#8220; custom_padding=&#8220;30px|0px|120px|0px|false|false&#8220; animation_style=&#8220;slide&#8220; animation_duration=&#8220;1500ms&#8220; hover_transition_duration=&#8220;2500ms&#8220; hover_enabled=&#8220;0&#8243; border_radii=&#8220;on|15px|15px|15px|15px&#8220; inline_fonts=&#8220;GOTHAM regular,GOTHAM light&#8220; transform_styles__hover_enabled=&#8220;on|hover&#8220; transform_scale__hover_enabled=&#8220;on|hover&#8220; transform_translate__hover_enabled=&#8220;on|desktop&#8220; transform_rotate__hover_enabled=&#8220;on|desktop&#8220; transform_skew__hover_enabled=&#8220;on|desktop&#8220; transform_origin__hover_enabled=&#8220;on|desktop&#8220; header_font=&#8220;Gotham Light||||||||&#8220;]<h1 style=\"text-align: center;\">OUR\u00a0<span style=\"color: #c9a869;\">SERVICES<\/span><\/h1>\n<p><b><span><\/span><\/b><\/p>\n<p><span><\/span><\/p>\n<p>- AIRPOTR TRANSFERS<\/p>\n<p>- CONGRESSES<\/p>\n<p>- TRAVEL BOOKING<\/p>\n<p>&#8211; LADY TAXI<\/p>\n<p>- CATERINGS<\/p>\n<p>- PERSONAL DRIVER<\/p>\n<p>- CORPORATE TRANSPORTS<\/p>\n<p>- TRANSPORT CAR<\/p>\n<p>- WEDDING SERVICE<\/p>\n<p>&#8211; SECURITY<\/p>\n<p>- FAMILY FRIENDLY - PERSONAL DRIVER FOR YOUR KIDS<\/p>\n<p style=\"text-align: center;\">[\/et_pb_text][et_pb_button button_url=&#8220;https:\/\/easydrivers.cz\/kontakt\/&#8220; button_text=&#8220;OBJEDNAT&#8220; button_alignment=&#8220;center&#8220; _builder_version=&#8220;4.4.3&#8243; custom_button=&#8220;on&#8220; button_text_size=&#8220;15px&#8220; button_text_color=&#8220;#c9a869&#8243; button_border_radius=&#8220;35px&#8220; button_font=&#8220;GOTHAM light||||||||&#8220; button_icon=&#8220;%%59%%&#8220; transform_translate_linked=&#8220;off&#8220; custom_margin=&#8220;-110px||0px|0px|false|false&#8220; animation_style=&#8220;fade&#8220; animation_duration=&#8220;1500ms&#8220;][\/et_pb_button][\/et_pb_column][\/et_pb_row][\/et_pb_section]","protected":false},"excerpt":{"rendered":"<p>NA\u0160E\u00a0SLU\u017dBY &#8211; LETI\u0160TN\u00cd TRANSFERY\u00a0 \u00a0 \u00a0 \u00a0 \u00a0 \u00a0 \u00a0 \u00a0 \u00a0 \u00a0 \u00a0 \u00a0 \u00a0 &#8211; KONGRESY &#8211; PL\u00c1NOV\u00c1N\u00cd Z\u00c1JEZD\u016e &#8211; LADY TAXI &#8211; CATERING NA CESTY &#8211; OSOBN\u00cd \u0158IDI\u010c &#8211; KORPOR\u00c1TN\u00cd TRANSPORTY &#8211; ODVOZ VOZU &#8211; SVATEBN\u00cd SERVIS &#8211; SECURITY &#8211; FAMILY FRIENDLY \/ OSOBN\u00cd \u0158IDI\u010c PRO VA\u0160E D\u011aTI NA\u0160E\u00a0SLU\u017dBY &#8211; LETI\u0160TN\u00cd TRANSFERY [&hellip;]<\/p>","protected":false},"author":1,"featured_media":0,"parent":0,"menu_order":0,"comment_status":"closed","ping_status":"closed","template":"","meta":{"_et_pb_use_builder":"on","_et_pb_old_content":"","_et_gb_content_width":"","footnotes":""},"class_list":["post-184","page","type-page","status-publish","hentry"],"_links":{"self":[{"href":"https:\/\/easydrivers.cz\/en\/wp-json\/wp\/v2\/pages\/184","targetHints":{"allow":["GET"]}}],"collection":[{"href":"https:\/\/easydrivers.cz\/en\/wp-json\/wp\/v2\/pages"}],"about":[{"href":"https:\/\/easydrivers.cz\/en\/wp-json\/wp\/v2\/types\/page"}],"author":[{"embeddable":true,"href":"https:\/\/easydrivers.cz\/en\/wp-json\/wp\/v2\/users\/1"}],"replies":[{"embeddable":true,"href":"https:\/\/easydrivers.cz\/en\/wp-json\/wp\/v2\/comments?post=184"}],"version-history":[{"count":33,"href":"https:\/\/easydrivers.cz\/en\/wp-json\/wp\/v2\/pages\/184\/revisions"}],"predecessor-version":[{"id":1647,"href":"https:\/\/easydrivers.cz\/en\/wp-json\/wp\/v2\/pages\/184\/revisions\/1647"}],"wp:attachment":[{"href":"https:\/\/easydrivers.cz\/en\/wp-json\/wp\/v2\/media?parent=184"}],"curies":[{"name":"wp","href":"https:\/\/api.w.org\/{rel}","templated":true}]}}