{"id":1830,"date":"2022-05-10T08:15:40","date_gmt":"2022-05-10T06:15:40","guid":{"rendered":"https:\/\/easydrivers.cz\/?page_id=1830"},"modified":"2022-05-10T09:40:00","modified_gmt":"2022-05-10T07:40:00","slug":"sablona-k-sluzbam","status":"publish","type":"page","link":"https:\/\/easydrivers.cz\/en\/sablona-k-sluzbam\/","title":{"rendered":"\u0160ablona k SLU\u017dB\u00c1M"},"content":{"rendered":"[et_pb_section fb_built=&#8220;1&#8243; disabled_on=&#8220;on|on|off&#8220; _builder_version=&#8220;4.9.4&#8243; _module_preset=&#8220;default&#8220; background_enable_color=&#8220;off&#8220; background_video_mp4=&#8220;https:\/\/easydrivers.cz\/wp-content\/uploads\/2021\/04\/ed_social_B_clean_h264_1080p25_rec1886_stereo_200403.mp4&#8243; module_alignment=&#8220;center&#8220; custom_margin=&#8220;0px|||0px|false|false&#8220; custom_padding=&#8220;0px||0px|0px|false|false&#8220; global_colors_info=&#8220;{}&#8220; theme_builder_area=&#8220;post_content&#8220;][et_pb_row _builder_version=&#8220;4.9.4&#8243; _module_preset=&#8220;default&#8220; width=&#8220;96%&#8220; max_width=&#8220;1300px&#8220; module_alignment=&#8220;center&#8220; custom_margin=&#8220;250px||240px||false|false&#8220; global_colors_info=&#8220;{}&#8220; theme_builder_area=&#8220;post_content&#8220;][et_pb_column type=&#8220;4_4&#8243; _builder_version=&#8220;4.8.2&#8243; _module_preset=&#8220;default&#8220; global_colors_info=&#8220;{}&#8220; theme_builder_area=&#8220;post_content&#8220;][et_pb_image src=&#8220;https:\/\/easydrivers.cz\/wp-content\/uploads\/2021\/03\/Easy-Drivers-s.r.o.-osobn\u00ed-luxusn\u00ed-p\u0159eprava-personal-transport-luxury-limousine-luxusn\u00ed-sv\u011btl\u00e1-verzest\u00edn.png&#8220; alt=&#8220;Easy Drivers s.r.o. osobn\u00ed luxusn\u00ed p\u0159eprava personal transport luxury limousine luxusn\u00ed sv\u011btl\u00e1 verze+st\u00edn&#8220; title_text=&#8220;Easy Drivers s.r.o. osobn\u00ed luxusn\u00ed p\u0159eprava personal transport luxury limousine luxusn\u00ed sv\u011btl\u00e1 verze+st\u00edn&#8220; _builder_version=&#8220;4.9.4&#8243; _module_preset=&#8220;default&#8220; transform_scale=&#8220;50%|50%&#8220; custom_margin=&#8220;-50px|0px||73px|false|false&#8220; animation_style=&#8220;slide&#8220; animation_duration=&#8220;1500ms&#8220; global_colors_info=&#8220;{}&#8220; theme_builder_area=&#8220;post_content&#8220;][\/et_pb_image][et_pb_text _builder_version=&#8220;4.9.2&#8243; _module_preset=&#8220;default&#8220; text_font=&#8220;Gotham Light|||on|||||&#8220; text_text_color=&#8220;#caa869&#8243; text_font_size=&#8220;49px&#8220; transform_scale=&#8220;50%|50%&#8220; text_orientation=&#8220;center&#8220; custom_margin=&#8220;-109px||148px||false|false&#8220; custom_padding=&#8220;0px||||false|false&#8220; animation_style=&#8220;slide&#8220; animation_duration=&#8220;1500ms&#8220; text_text_shadow_style=&#8220;preset1&#8243; global_colors_info=&#8220;{}&#8220; theme_builder_area=&#8220;post_content&#8220;]<p><span style=\"font-weight: 400;\">LUXURY CHAUFFEUR AND CONCIERGE SERVICE<\/span><\/p>[\/et_pb_text][\/et_pb_column][\/et_pb_row][et_pb_row _builder_version=&#8220;4.9.2&#8243; _module_preset=&#8220;default&#8220; custom_padding=&#8220;||0px|||&#8220; global_colors_info=&#8220;{}&#8220; theme_builder_area=&#8220;post_content&#8220;][et_pb_column type=&#8220;4_4&#8243; _builder_version=&#8220;4.9.2&#8243; _module_preset=&#8220;default&#8220; global_colors_info=&#8220;{}&#8220; theme_builder_area=&#8220;post_content&#8220;][\/et_pb_column][\/et_pb_row][\/et_pb_section][et_pb_section fb_built=&#8220;1&#8243; disabled_on=&#8220;off|off|on&#8220; _builder_version=&#8220;4.9.2&#8243; _module_preset=&#8220;default&#8220; background_enable_color=&#8220;off&#8220; background_video_mp4=&#8220;https:\/\/easydrivers.cz\/wp-content\/uploads\/2021\/03\/y2mate.com-ed-social-A-vertical-dnxhrhq-rec1886-stereo-200226_1080p.mp4&#8243; module_alignment=&#8220;center&#8220; custom_margin=&#8220;0px|||-2px|false|false&#8220; custom_padding=&#8220;100px||100px|0px|false|false&#8220; global_colors_info=&#8220;{}&#8220; theme_builder_area=&#8220;post_content&#8220;][et_pb_row _builder_version=&#8220;4.9.2&#8243; _module_preset=&#8220;default&#8220; custom_padding=&#8220;||95px|||&#8220; global_colors_info=&#8220;{}&#8220; theme_builder_area=&#8220;post_content&#8220;][et_pb_column type=&#8220;4_4&#8243; _builder_version=&#8220;4.9.2&#8243; _module_preset=&#8220;default&#8220; global_colors_info=&#8220;{}&#8220; theme_builder_area=&#8220;post_content&#8220;][\/et_pb_column][\/et_pb_row][et_pb_row _builder_version=&#8220;4.9.2&#8243; _module_preset=&#8220;default&#8220; custom_margin=&#8220;0px||||false|false&#8220; global_colors_info=&#8220;{}&#8220; theme_builder_area=&#8220;post_content&#8220;][et_pb_column type=&#8220;4_4&#8243; _builder_version=&#8220;4.8.2&#8243; _module_preset=&#8220;default&#8220; global_colors_info=&#8220;{}&#8220; theme_builder_area=&#8220;post_content&#8220;][et_pb_text _builder_version=&#8220;4.9.2&#8243; _module_preset=&#8220;default&#8220; text_font=&#8220;Gotham Light|||on|||||&#8220; text_text_color=&#8220;#caa869&#8243; text_font_size=&#8220;25px&#8220; text_orientation=&#8220;center&#8220; custom_margin=&#8220;-34px||||false|false&#8220; custom_padding=&#8220;0px||0px||false|false&#8220; animation_style=&#8220;slide&#8220; animation_duration=&#8220;1500ms&#8220; text_text_shadow_style=&#8220;preset1&#8243; global_colors_info=&#8220;{}&#8220; theme_builder_area=&#8220;post_content&#8220;]<p class=\"translation-block\">LUXURY CHAUFFEUR AND CONCIERGE SERVICES<\/p>[\/et_pb_text][\/et_pb_column][\/et_pb_row][et_pb_row _builder_version=&#8220;4.8.2&#8243; _module_preset=&#8220;default&#8220; custom_padding=&#8220;||177px||false|false&#8220; global_colors_info=&#8220;{}&#8220; theme_builder_area=&#8220;post_content&#8220;][et_pb_column type=&#8220;4_4&#8243; _builder_version=&#8220;4.8.2&#8243; _module_preset=&#8220;default&#8220; global_colors_info=&#8220;{}&#8220; theme_builder_area=&#8220;post_content&#8220;][\/et_pb_column][\/et_pb_row][\/et_pb_section][et_pb_section fb_built=&#8220;1&#8243; _builder_version=&#8220;4.9.2&#8243; _module_preset=&#8220;default&#8220; background_color=&#8220;#30334f&#8220; custom_margin=&#8220;-1px||||false|false&#8220; custom_padding=&#8220;30px||20px|||&#8220; hover_enabled=&#8220;0&#8243; global_colors_info=&#8220;{}&#8220; theme_builder_area=&#8220;post_content&#8220; sticky_enabled=&#8220;0&#8243;][et_pb_row disabled_on=&#8220;off|off|off&#8220; _builder_version=&#8220;4.14.6&#8243; max_width=&#8220;1312px&#8220; module_alignment=&#8220;center&#8220; custom_margin=&#8220;100px|auto||0px|false|false&#8220; custom_margin_tablet=&#8220;&#8220; custom_margin_phone=&#8220;41px|0px||13px|false|false&#8220; custom_margin_last_edited=&#8220;on|phone&#8220; custom_padding=&#8220;||25px||false|false&#8220; hover_enabled=&#8220;0&#8243; global_colors_info=&#8220;{}&#8220; column_structure=&#8220;2_5,3_5&#8243; theme_builder_area=&#8220;post_content&#8220; sticky_enabled=&#8220;0&#8243; background_color=&#8220;#FFFFFF&#8220; border_radii=&#8220;off|25px|25px||&#8220; use_custom_gutter=&#8220;on&#8220; gutter_width=&#8220;2&#8243; width_last_edited=&#8220;on|desktop&#8220; width_phone=&#8220;93%&#8220; max_width_last_edited=&#8220;on|phone&#8220; max_width_phone=&#8220;93%&#8220; custom_padding_last_edited=&#8220;on|phone&#8220; custom_padding_phone=&#8220;||0px||false|false&#8220; max_width_tablet=&#8220;1312px&#8220; custom_padding_tablet=&#8220;||25px||false|false&#8220;][et_pb_column type=&#8220;2_5&#8243; _builder_version=&#8220;4.0.11&#8243; global_colors_info=&#8220;{}&#8220; theme_builder_area=&#8220;post_content&#8220;][et_pb_image src=&#8220;https:\/\/easydrivers.cz\/wp-content\/uploads\/2021\/03\/Easy-Drivers-s.r.o.-osobn\u00ed-luxusn\u00ed-p\u0159eprava-personal-transport-prague-luxury-limousine-luxusn\u00ed-7-of-26.jpg&#8220; _builder_version=&#8220;4.14.6&#8243; _module_preset=&#8220;default&#8220; theme_builder_area=&#8220;post_content&#8220; alt=&#8220;Easy Drivers s.r.o. osobn\u00ed luxusn\u00ed p\u0159eprava personal transport prague luxury limousine luxusn\u00ed (7 of 26)&#8220; title_text=&#8220;Easy Drivers s.r.o. osobn\u00ed luxusn\u00ed p\u0159eprava personal transport prague luxury limousine luxusn\u00ed (7 of 26)&#8220; border_radii=&#8220;on|35px|35px|35px|35px&#8220; custom_margin=&#8220;|||0px|false|false&#8220; custom_padding=&#8220;|||0px|false|false&#8220; hover_enabled=&#8220;0&#8243; sticky_enabled=&#8220;0&#8243; transform_translate=&#8220;20px|5px&#8220; transform_translate_linked=&#8220;off&#8220; transform_styles_last_edited=&#8220;on|phone&#8220; transform_scale_last_edited=&#8220;on|desktop&#8220; transform_translate_last_edited=&#8220;on|phone&#8220; transform_rotate_last_edited=&#8220;on|desktop&#8220; transform_skew_last_edited=&#8220;on|desktop&#8220; transform_origin_last_edited=&#8220;on|phone&#8220; transform_translate_phone=&#8220;-1px|-20px&#8220; transform_scale_phone=&#8220;94%|94%&#8220; transform_translate_tablet=&#8220;20px|5px&#8220;][\/et_pb_image][\/et_pb_column][et_pb_column type=&#8220;3_5&#8243; _builder_version=&#8220;4.0.11&#8243; global_colors_info=&#8220;{}&#8220; theme_builder_area=&#8220;post_content&#8220;][et_pb_text _builder_version=&#8220;4.14.6&#8243; _module_preset=&#8220;default&#8220; theme_builder_area=&#8220;post_content&#8220; hover_enabled=&#8220;0&#8243; sticky_enabled=&#8220;0&#8243; custom_margin=&#8220;4px||10px||false|false&#8220; custom_padding=&#8220;0px||0px||false|false&#8220; custom_margin__hover_enabled=&#8220;on|desktop&#8220; custom_margin_last_edited=&#8220;on|phone&#8220; custom_margin_phone=&#8220;-22px||||false|false&#8220; custom_margin__hover=&#8220;4px||10px||false|false&#8220; custom_margin_tablet=&#8220;4px||10px||false|false&#8220;]<h1 style=\"text-align: center;\"><span style=\"font-weight: 400;\"><strong>PERSONAL DRIVER<\/strong>\u00a0<\/span><b>(H1KW)<\/b><\/h1>[\/et_pb_text][et_pb_text _builder_version=&#8220;4.14.6&#8243; _module_preset=&#8220;default&#8220; theme_builder_area=&#8220;post_content&#8220; hover_enabled=&#8220;0&#8243; sticky_enabled=&#8220;0&#8243; text_font=&#8220;Gotham Light|100|||||||&#8220; text_font_size=&#8220;19px&#8220; text_text_color=&#8220;#000000&#8243; width_last_edited=&#8220;on|desktop&#8220; width_phone=&#8220;90%&#8220; module_alignment=&#8220;center&#8220; max_width=&#8220;100%&#8220; max_width_last_edited=&#8220;on|phone&#8220; max_width_tablet=&#8220;100%&#8220; max_width_phone=&#8220;100%&#8220;]<p><b>(KW v z\u00e1kladn\u00edm odstavci)<\/b><span style=\"font-weight: 400;\">. Je lep\u0161\u00ed p\u0159enechat opravdov\u00fdm odborn\u00edk\u016fm, proto\u017ee u nich je jedno z nejv\u011bt\u0161\u00edch rizik toho, \u017ee by se V\u00e1m n\u011bco p\u0159i neodborn\u00e9 manipulaci mohlo st\u00e1t. A co si budeme pov\u00eddat, zdrav\u00ed m\u00e1me opravu jenom jedno.\u00a0<\/span><\/p>[\/et_pb_text][et_pb_text _builder_version=&#8220;4.14.6&#8243; _module_preset=&#8220;default&#8220; theme_builder_area=&#8220;post_content&#8220; text_font=&#8220;Gotham Light||||||||&#8220; hover_enabled=&#8220;0&#8243; sticky_enabled=&#8220;0&#8243; text_text_color=&#8220;#000000&#8243; text_font_size=&#8220;18px&#8220; custom_padding=&#8220;4px||0px||false|false&#8220; width_last_edited=&#8220;on|desktop&#8220; width_phone=&#8220;90%&#8220; module_alignment=&#8220;center&#8220;]<ul>\n<li style=\"font-weight: 400;\" aria-level=\"1\"><b>Pro dom\u00e1cnosti, RD, bytov\u00e1 dru\u017estva i firmy<\/b><\/li>\n<li style=\"font-weight: 400;\" aria-level=\"1\"><b>V\u00fd\u0161kov\u00e9 pr\u00e1ce v r\u00e1mci cel\u00e9 \u010cR<\/b><\/li>\n<li style=\"font-weight: 400;\" aria-level=\"1\"><b>Spolehliv\u00e9 a profesion\u00e1ln\u00ed vykonan\u00ed pr\u00e1ce<\/b><\/li>\n<li style=\"font-weight: 400;\" aria-level=\"1\"><b>P\u0159ijedeme kamkoliv, pohotovostn\u00ed re\u017eim 24\/7<\/b><\/li>\n<li style=\"font-weight: 400;\" aria-level=\"1\"><b>Bezplatn\u00e1 konzultace a poradenstv\u00ed<\/b><\/li>\n<li style=\"font-weight: 400;\" aria-level=\"1\"><b>Vy\u0159e\u0161\u00edme jak\u00fdkoliv probl\u00e9m<\/b><\/li>\n<li style=\"font-weight: 400;\" aria-level=\"1\"><b>Z\u00e1ruka spokojenosti<\/b><\/li>\n<\/ul>[\/et_pb_text][\/et_pb_column][\/et_pb_row][et_pb_row _builder_version=&#8220;4.14.6&#8243; _module_preset=&#8220;default&#8220; theme_builder_area=&#8220;post_content&#8220; disabled_on=&#8220;off|off|off&#8220; module_alignment=&#8220;center&#8220; custom_margin=&#8220;0px|auto||326px|false|false&#8220; custom_margin_phone=&#8220;0px|||13px|false|false&#8220; custom_margin_last_edited=&#8220;on|phone&#8220; custom_padding=&#8220;||25px||false|false&#8220; background_color=&#8220;#FFFFFF&#8220; border_radii=&#8220;off|||25px|25px&#8220; use_custom_gutter=&#8220;on&#8220; gutter_width=&#8220;2&#8243; width=&#8220;73%&#8220; hover_enabled=&#8220;0&#8243; sticky_enabled=&#8220;0&#8243; width_last_edited=&#8220;on|phone&#8220; width_phone=&#8220;93%&#8220; max_width_last_edited=&#8220;on|phone&#8220; max_width=&#8220;1312px&#8220; max_width_phone=&#8220;93%&#8220; custom_margin_tablet=&#8220;0px|auto||326px|false|false&#8220; width_tablet=&#8220;73%&#8220; max_width_tablet=&#8220;1312px&#8220;][et_pb_column _builder_version=&#8220;4.14.6&#8243; _module_preset=&#8220;default&#8220; type=&#8220;4_4&#8243; theme_builder_area=&#8220;post_content&#8220;][et_pb_text _builder_version=&#8220;4.14.6&#8243; _module_preset=&#8220;default&#8220; theme_builder_area=&#8220;post_content&#8220; hover_enabled=&#8220;0&#8243; sticky_enabled=&#8220;0&#8243; text_font=&#8220;Gotham Light|100|||||||&#8220; text_font_size=&#8220;19px&#8220; text_text_color=&#8220;#000000&#8243; width=&#8220;90%&#8220; module_alignment=&#8220;center&#8220; custom_margin=&#8220;||15px||false|false&#8220; width_last_edited=&#8220;on|phone&#8220; width_phone=&#8220;90%&#8220; width_tablet=&#8220;90%&#8220;]<p style=\"text-align: justify;\"><span style=\"font-weight: 400;\">A\u0165 u\u017e pot\u0159ebujete cokoliv namontovat, demontovat nebo s \u010d\u00edmkoliv n\u011bjak manipulovat ve v\u00fd\u0161k\u00e1ch, tak bu\u010fte velice opatrn\u00ed a dbejte pot\u0159ebn\u00e9ho zaji\u0161t\u011bn\u00ed a v\u0161ech bezpe\u010dnostn\u00edch z\u00e1sad, v opa\u010dn\u00e9m p\u0159\u00edpad\u011b se vystavujete riziku zranen\u00ed nebo smrti. <\/span><\/p>\n<p style=\"text-align: justify;\"><span style=\"font-weight: 400;\">Bohu\u017eel p\u00e1dy z v\u00fd\u0161ek b\u00fdvaj\u00ed \u010dasto fat\u00e1ln\u00ed, tak je k tomu pot\u0159eba p\u0159istupovat se v\u0161\u00ed v\u00e1\u017enosti. By\u0165 v\u00fd\u0161kov\u00e9 pr\u00e1ce u n\u00e1s chlapi z t\u00fdmu berou s \u00fasm\u011bvem na tv\u00e1\u0159i, tak jsou si v\u011bdom\u00ed toho, \u017ee je pot\u0159eba v\u0161emu co se naho\u0159e d\u011bje v\u011bnovat zv\u00fd\u0161enou pozornost. Ten \u00fasm\u011bv mo\u017en\u00e1 maj\u00ed proto, \u017ee svou pr\u00e1ci u\u017e d\u011blaj\u00ed l\u00e9ta, d\u011blaj\u00ed ji bezpe\u010dn\u011b a maj\u00ed ji r\u00e1di. A\u0165 u\u017e se jedn\u00e1 o k\u00e1cen\u00ed a o\u0159ez strom\u016f, \u010di\u0161t\u011bn\u00ed fas\u00e1d, namontuj\u00ed hroty proti pt\u00e1k\u016fm, \u010di\u0161t\u011bn\u00ed okap\u016f, odkl\u00edzen\u00ed sn\u011bhu ze st\u0159echy, a t\u00e9m\u011b\u0159 v\u0161e ostatn\u00ed co se d\u011bl\u00e1 ve v\u00fd\u0161k\u00e1ch. Na v\u0161echny v\u00fd\u0161kov\u00e9 pr\u00e1ce m\u00e1me \u0161pi\u010dkov\u00e9 a n\u00e1kladn\u00e9 vybaven\u00ed, kter\u00e1 p\u0159edev\u0161\u00edm zaru\u010duje p\u0159i spr\u00e1vn\u00e9m pou\u017eit\u00ed bezpe\u010dnost na\u0161ich chlap\u016f naho\u0159e, ale tak\u00e9 to, \u017ee se n\u00e1m poda\u0159\u00ed v\u017edy pr\u00e1ci \u00fasp\u011b\u0161n\u011b a bez vedlej\u0161\u00edch \u0161kod dokon\u010dit.<\/span><\/p>\n<p style=\"text-align: justify;\">[\/et_pb_text][et_pb_gallery _builder_version=&#8220;4.14.6&#8243; _module_preset=&#8220;default&#8220; theme_builder_area=&#8220;post_content&#8220; gallery_ids=&#8220;1206,1203,1198,1179,704,707,708,709&#8243; show_title_and_caption=&#8220;off&#8220; show_pagination=&#8220;off&#8220; width=&#8220;90%&#8220; module_alignment=&#8220;center&#8220; posts_number=&#8220;8&#8243; hover_icon=&#8220;&#x55;||divi||400&#8243; hover_overlay_color=&#8220;RGBA(255,255,255,0)&#8220; border_radii_image=&#8220;on|15px|15px|15px|15px&#8220; hover_enabled=&#8220;0&#8243; sticky_enabled=&#8220;0&#8243; max_width=&#8220;100%&#8220; custom_margin=&#8220;||-5px||false|false&#8220; width_last_edited=&#8220;on|phone&#8220; width_phone=&#8220;90%&#8220; width_tablet=&#8220;90%&#8220;][\/et_pb_gallery][et_pb_text _builder_version=&#8220;4.14.6&#8243; _module_preset=&#8220;default&#8220; theme_builder_area=&#8220;post_content&#8220; sticky_enabled=&#8220;0&#8243; text_font=&#8220;Gotham Light|100|||||||&#8220; text_font_size=&#8220;19px&#8220; text_text_color=&#8220;#000000&#8243; width=&#8220;90%&#8220; module_alignment=&#8220;center&#8220; custom_margin=&#8220;||15px||false|false&#8220; width_phone=&#8220;90%&#8220; width_last_edited=&#8220;on|phone&#8220; width_tablet=&#8220;90%&#8220;]<p style=\"text-align: justify;\"><span style=\"font-weight: 400;\">Gravitace, to je prev\u00edt a proto je pot\u0159eba db\u00e1t tak\u00e9 zv\u00fd\u0161en\u00e9 opatrnosti tak\u00e9 dole na zemi a oblast kde se pracuje mus\u00ed b\u00fdt ozna\u010dena a ide\u00e1ln\u011b uzav\u0159ena, aby do n\u00ed nikdo nepovolan\u00fd nemohl vkro\u010dit nebo vjet. A\u0165 u\u017e dol\u016f spadne cokoliv od v\u011btv\u011b a\u017e po kladivo, \u010dlov\u011bku bez ochrann\u00fdch pom\u016fcek to m\u016f\u017ee zp\u016fsobit v\u00e1\u017en\u00e9 zran\u011bn\u00ed nebo smrt. Proto je d\u016fle\u017eit\u00e9 si uv\u011bdomit, \u017ee za nemovitost, pozemek nebo jednodu\u0161e m\u00edsto kde se pr\u00e1ce vykon\u00e1v\u00e1 nese jeho majitel plnou zodpov\u011bdnost a cokoliv se stane jde na jeho triko, alespo\u0148 v p\u0159\u00edpad\u011b, \u017ee si v\u00fd\u0161kov\u00e9 pr\u00e1ce d\u011bl\u00e1 s\u00e1m nebo mu pom\u00e1h\u00e1 Franta od vedle.<\/span><\/p>\n<p style=\"text-align: justify;\"><span style=\"font-weight: 400;\">A to je tak\u00e9 dal\u0161\u00ed z d\u016fvod\u016f, pro\u010d je rozumn\u00e9 spolupracovat s profesion\u00e1ln\u00ed a odbornou firmou. My v r\u00e1mci Va\u0161\u00ed zak\u00e1zky p\u0159eb\u00edr\u00e1me nad pracemi a v\u0161\u00edm co se b\u011bhem nich stane plnou zodpov\u011bdnost a zaru\u010dujeme pozitivn\u00ed v\u00fdsledky.\u00a0<\/span><\/p>[\/et_pb_text][\/et_pb_column][\/et_pb_row][et_pb_row _builder_version=&#8220;4.9.2&#8243; _module_preset=&#8220;default&#8220; custom_padding=&#8220;2px||2px|||&#8220; global_colors_info=&#8220;{}&#8220; theme_builder_area=&#8220;post_content&#8220;][et_pb_column type=&#8220;4_4&#8243; _builder_version=&#8220;4.9.2&#8243; _module_preset=&#8220;default&#8220; global_colors_info=&#8220;{}&#8220; theme_builder_area=&#8220;post_content&#8220;][et_pb_button button_url=&#8220;https:\/\/easydrivers.cz\/objednat\/&#8220; button_text=&#8220;OBJEDNAT&#8220; button_alignment=&#8220;center&#8220; disabled_on=&#8220;off|off|off&#8220; _builder_version=&#8220;4.14.6&#8243; custom_button=&#8220;on&#8220; button_text_size=&#8220;15px&#8220; button_text_color=&#8220;#c9a869&#8243; button_border_radius=&#8220;35px&#8220; button_font=&#8220;||||||||&#8220; button_icon=&#8220;&#x5c;||divi||400&#8243; transform_translate_linked=&#8220;off&#8220; custom_margin=&#8220;20px|0px|0px|0px|false|false&#8220; animation_style=&#8220;fade&#8220; animation_duration=&#8220;1500ms&#8220; hover_enabled=&#8220;0&#8243; global_colors_info=&#8220;{}&#8220; theme_builder_area=&#8220;post_content&#8220; sticky_enabled=&#8220;0&#8243;][\/et_pb_button][\/et_pb_column][\/et_pb_row][\/et_pb_section]","protected":false},"excerpt":{"rendered":"<p>LUXUSN\u00cd P\u0158EPRAVA A CONCIERGE SERVISLUXUSN\u00cd P\u0158EPRAVACONCIERGE SERVISOSOBN\u00cd \u0158IDI\u010c\u00a0(H1KW)(KW v z\u00e1kladn\u00edm odstavci). Je lep\u0161\u00ed p\u0159enechat opravdov\u00fdm odborn\u00edk\u016fm, proto\u017ee u nich je jedno z nejv\u011bt\u0161\u00edch rizik toho, \u017ee by se V\u00e1m n\u011bco p\u0159i neodborn\u00e9 manipulaci mohlo st\u00e1t. A co si budeme pov\u00eddat, zdrav\u00ed m\u00e1me opravu jenom jedno.\u00a0 Pro dom\u00e1cnosti, RD, bytov\u00e1 dru\u017estva i firmy V\u00fd\u0161kov\u00e9 pr\u00e1ce v [&hellip;]<\/p>","protected":false},"author":1,"featured_media":1179,"parent":0,"menu_order":0,"comment_status":"closed","ping_status":"closed","template":"","meta":{"_et_pb_use_builder":"on","_et_pb_old_content":"","_et_gb_content_width":"","footnotes":""},"class_list":["post-1830","page","type-page","status-publish","has-post-thumbnail","hentry"],"_links":{"self":[{"href":"https:\/\/easydrivers.cz\/en\/wp-json\/wp\/v2\/pages\/1830","targetHints":{"allow":["GET"]}}],"collection":[{"href":"https:\/\/easydrivers.cz\/en\/wp-json\/wp\/v2\/pages"}],"about":[{"href":"https:\/\/easydrivers.cz\/en\/wp-json\/wp\/v2\/types\/page"}],"author":[{"embeddable":true,"href":"https:\/\/easydrivers.cz\/en\/wp-json\/wp\/v2\/users\/1"}],"replies":[{"embeddable":true,"href":"https:\/\/easydrivers.cz\/en\/wp-json\/wp\/v2\/comments?post=1830"}],"version-history":[{"count":27,"href":"https:\/\/easydrivers.cz\/en\/wp-json\/wp\/v2\/pages\/1830\/revisions"}],"predecessor-version":[{"id":1866,"href":"https:\/\/easydrivers.cz\/en\/wp-json\/wp\/v2\/pages\/1830\/revisions\/1866"}],"wp:featuredmedia":[{"embeddable":true,"href":"https:\/\/easydrivers.cz\/en\/wp-json\/wp\/v2\/media\/1179"}],"wp:attachment":[{"href":"https:\/\/easydrivers.cz\/en\/wp-json\/wp\/v2\/media?parent=1830"}],"curies":[{"name":"wp","href":"https:\/\/api.w.org\/{rel}","templated":true}]}}