{"id":182,"date":"2020-01-09T18:13:24","date_gmt":"2020-01-09T17:13:24","guid":{"rendered":"https:\/\/testingapge2.cz\/?page_id=182"},"modified":"2020-04-15T18:55:34","modified_gmt":"2020-04-15T16:55:34","slug":"o-nas","status":"publish","type":"page","link":"https:\/\/easydrivers.cz\/en\/o-nas\/","title":{"rendered":"ABOUT US"},"content":{"rendered":"<p>[et_pb_section fb_built=&#8220;1&#8243; _builder_version=&#8220;4.4.1&#8243; background_color=&#8220;#30334f&#8220; background_enable_image=&#8220;off&#8220; parallax=&#8220;on&#8220; background_video_mp4=&#8220;https:\/\/testingapge2.cz\/wp-content\/uploads\/2020\/03\/o-nas-3.mp4&#8243; custom_padding=&#8220;271px||270px||false|false&#8220;][et_pb_row column_structure=&#8220;1_2,1_2&#8243; _builder_version=&#8220;4.0.11&#8243; width=&#8220;90%&#8220; max_width=&#8220;1600px&#8220; module_alignment=&#8220;center&#8220; custom_padding=&#8220;0px|||||&#8220;][et_pb_column type=&#8220;1_2&#8243; _builder_version=&#8220;4.0.11&#8243;][et_pb_image src=&#8220;https:\/\/testingapge2.cz\/wp-content\/uploads\/2020\/01\/Remastering-loga-bez-podkladu.png&#8220; align=&#8220;center&#8220; _builder_version=&#8220;4.4.0&#8243; width=&#8220;48%&#8220;][\/et_pb_image][\/et_pb_column][et_pb_column type=&#8220;1_2&#8243; _builder_version=&#8220;4.0.11&#8243;][\/et_pb_column][\/et_pb_row][\/et_pb_section][et_pb_section fb_built=&#8220;1&#8243; disabled_on=&#8220;on|on|off&#8220; _builder_version=&#8220;4.4.0&#8243; background_color=&#8220;#30334f&#8220; custom_margin=&#8220;0px||0px||false|false&#8220; custom_padding=&#8220;0px||0px||false|false&#8220;][et_pb_row _builder_version=&#8220;4.4.2&#8243; max_width=&#8220;1600px&#8220; module_alignment=&#8220;center&#8220; custom_margin=&#8220;0px||0px||false|false&#8220; custom_padding=&#8220;185px||0px||false|false&#8220;][et_pb_column type=&#8220;4_4&#8243; _builder_version=&#8220;4.0.11&#8243;][et_pb_text _builder_version=&#8220;4.4.3&#8243; text_font=&#8220;GOTHAM light||||||||&#8220; text_text_color=&#8220;#c9a869&#8243; text_font_size=&#8220;33px&#8220; text_line_height=&#8220;1em&#8220; header_text_color=&#8220;#ffffff&#8220; header_font_size=&#8220;61px&#8220; background_enable_color=&#8220;off&#8220; transform_scale_last_edited=&#8220;off|desktop&#8220; transform_translate_last_edited=&#8220;off|desktop&#8220; transform_translate_linked=&#8220;off&#8220; transform_rotate_last_edited=&#8220;off|desktop&#8220; transform_skew_last_edited=&#8220;off|desktop&#8220; transform_origin_last_edited=&#8220;off|desktop&#8220; transform_styles_last_edited=&#8220;off|desktop&#8220; width=&#8220;100%&#8220; custom_margin=&#8220;0px||0px|0px|false|false&#8220; custom_margin_tablet=&#8220;&#8220; custom_margin_phone=&#8220;|0px||0px|false|false&#8220; custom_margin_last_edited=&#8220;on|desktop&#8220; custom_padding=&#8220;29px|0px|29px|33px|true|false&#8220; animation_style=&#8220;slide&#8220; animation_duration=&#8220;1500ms&#8220; hover_transition_duration=&#8220;2500ms&#8220; hover_enabled=&#8220;0&#8243; border_radii=&#8220;on|15px|15px|15px|15px&#8220; inline_fonts=&#8220;GOTHAM light&#8220; transform_styles__hover_enabled=&#8220;on|hover&#8220; transform_scale__hover_enabled=&#8220;on|hover&#8220; transform_translate__hover_enabled=&#8220;on|desktop&#8220; transform_rotate__hover_enabled=&#8220;on|desktop&#8220; transform_skew__hover_enabled=&#8220;on|desktop&#8220; transform_origin__hover_enabled=&#8220;on|desktop&#8220; header_font=&#8220;Gotham Light||||||||&#8220;]<\/p>\n<h1 style=\"text-align: center;\">EASY DRIVERS COMPANY\u00b4S <span style=\"color: #c9a869;\">EASY DRIVERS<\/span><\/h1>\n<p>[\/et_pb_text][\/et_pb_column][\/et_pb_row][et_pb_row _builder_version=&#8220;4.4.2&#8243; custom_padding=&#8220;||0px|||&#8220;][et_pb_column type=&#8220;4_4&#8243; _builder_version=&#8220;4.4.2&#8243;][et_pb_text _builder_version=&#8220;4.4.3&#8243; text_font=&#8220;Gotham Light||||||||&#8220; text_text_color=&#8220;#c9a869&#8243; text_font_size=&#8220;33px&#8220; text_line_height=&#8220;1em&#8220; header_text_color=&#8220;#ffffff&#8220; header_font_size=&#8220;61px&#8220; background_enable_color=&#8220;off&#8220; transform_scale_last_edited=&#8220;off|desktop&#8220; transform_translate_last_edited=&#8220;off|desktop&#8220; transform_translate_linked=&#8220;off&#8220; transform_rotate_last_edited=&#8220;off|desktop&#8220; transform_skew_last_edited=&#8220;off|desktop&#8220; transform_origin_last_edited=&#8220;off|desktop&#8220; transform_styles_last_edited=&#8220;off|desktop&#8220; width=&#8220;100%&#8220; custom_margin=&#8220;0px||0px|0px|false|false&#8220; custom_margin_tablet=&#8220;&#8220; custom_margin_phone=&#8220;|0px||0px|false|false&#8220; custom_margin_last_edited=&#8220;on|desktop&#8220; custom_padding=&#8220;0px|0px|0px|33px|true|false&#8220; animation_style=&#8220;slide&#8220; animation_duration=&#8220;1500ms&#8220; hover_transition_duration=&#8220;2500ms&#8220; hover_enabled=&#8220;0&#8243; border_radii=&#8220;on|15px|15px|15px|15px&#8220; inline_fonts=&#8220;GOTHAM light&#8220; transform_styles__hover_enabled=&#8220;on|hover&#8220; transform_scale__hover_enabled=&#8220;on|hover&#8220; transform_translate__hover_enabled=&#8220;on|desktop&#8220; transform_rotate__hover_enabled=&#8220;on|desktop&#8220; transform_skew__hover_enabled=&#8220;on|desktop&#8220; transform_origin__hover_enabled=&#8220;on|desktop&#8220;]<\/p>\n<p class=\"translation-block\">Is to provide full  complexity of personal luxury conveyance and concierge services.\nProfessionalism, trust, commitment and loyalty towards our clients are our main priorities.<\/p>\n<p>Each of our drivers holds licence of professional qualification issued by the Czech Republic.\nAll our drivers passed psycho-diagnostic tests, MBTI tests and shear training.<\/p>\n<p>Easy Drivers company guarantee only professional and fully trained drivers, so you can rely on them in every situation.\nLast but not least.<\/p>\n<p>Easy Drivers Company is solely Czech, so we operate without any foreign capital.<\/p>\n<p style=\"text-align: left;\"><span style=\"color: #ffffff; font-size: x-large;\">We are here for you and we believe <span style=\"color: #c9a869;\">, <span style=\"font-family: 'GOTHAM light'; font-weight: normal;\">we can provide the best possible service even for the most fastidious clients.<\/span><\/span><\/span><\/p>\n<p style=\"text-align: center;\">\n[\/et_pb_text][et_pb_button button_url=&#8220;https:\/\/easydrivers.cz\/sluzby\/&#8220; button_text=&#8220;NA\u0160E SLU\u017dBY&#8220; button_alignment=&#8220;center&#8220; _builder_version=&#8220;4.4.3&#8243; custom_button=&#8220;on&#8220; button_text_color=&#8220;#c9a869&#8243; button_border_radius=&#8220;35px&#8220; button_font=&#8220;GOTHAM light||||||||&#8220; button_icon=&#8220;%%59%%&#8220; transform_translate=&#8220;-35px|-128px&#8220; transform_translate_linked=&#8220;off&#8220; custom_margin=&#8220;115px||-85px|71px|false|false&#8220; animation_style=&#8220;fade&#8220; animation_duration=&#8220;1500ms&#8220;][\/et_pb_button][\/et_pb_column][\/et_pb_row][\/et_pb_section][et_pb_section fb_built=&#8220;1&#8243; disabled_on=&#8220;off|off|on&#8220; _builder_version=&#8220;4.4.2&#8243; background_color=&#8220;#30334f&#8220; custom_padding=&#8220;150px||50px||false|false&#8220;][et_pb_row use_custom_gutter=&#8220;on&#8220; _builder_version=&#8220;4.3.2&#8243; width=&#8220;95%&#8220; max_width=&#8220;1920px&#8220; module_alignment=&#8220;center&#8220; custom_padding=&#8220;||0px|||&#8220;][et_pb_column type=&#8220;4_4&#8243; _builder_version=&#8220;4.0.11&#8243;][et_pb_text _builder_version=&#8220;4.4.3&#8243; text_font=&#8220;Gotham Light||||||||&#8220; text_text_color=&#8220;#c9a869&#8243; text_font_size=&#8220;20px&#8220; text_line_height=&#8220;1em&#8220; header_text_align=&#8220;center&#8220; header_text_color=&#8220;#ffffff&#8220; header_font_size=&#8220;37px&#8220; background_enable_color=&#8220;off&#8220; transform_scale_last_edited=&#8220;off|desktop&#8220; transform_translate_last_edited=&#8220;off|desktop&#8220; transform_translate_linked=&#8220;off&#8220; transform_rotate_last_edited=&#8220;off|desktop&#8220; transform_skew_last_edited=&#8220;off|desktop&#8220; transform_origin_last_edited=&#8220;off|desktop&#8220; transform_styles_last_edited=&#8220;off|desktop&#8220; width=&#8220;100%&#8220; custom_margin=&#8220;0px|||0px|false|false&#8220; custom_margin_tablet=&#8220;&#8220; custom_margin_phone=&#8220;|0px||0px|false|false&#8220; custom_margin_last_edited=&#8220;on|desktop&#8220; custom_padding=&#8220;30px|0px|120px|0px|false|false&#8220; animation_style=&#8220;slide&#8220; animation_duration=&#8220;1500ms&#8220; hover_transition_duration=&#8220;2500ms&#8220; hover_enabled=&#8220;0&#8243; border_radii=&#8220;on|15px|15px|15px|15px&#8220; inline_fonts=&#8220;GOTHAM regular,GOTHAM light&#8220; transform_styles__hover_enabled=&#8220;on|hover&#8220; transform_scale__hover_enabled=&#8220;on|hover&#8220; transform_translate__hover_enabled=&#8220;on|desktop&#8220; transform_rotate__hover_enabled=&#8220;on|desktop&#8220; transform_skew__hover_enabled=&#8220;on|desktop&#8220; transform_origin__hover_enabled=&#8220;on|desktop&#8220; header_font=&#8220;Gotham Light||||||||&#8220;]<\/p>\n<h1>EASY DRIVERS COMPANY\u00b4S<br \/> <span style=\"color: #c9a869;\">EASY DRIVERS<\/span><\/h1>\n<p><b><span><\/span><\/b><\/p>\n<p class=\"translation-block\">Is to provide full complexity of personal luxury conveyance and concierge services for VIP clients. Professionalism, trust, commitment and loyalty towards our clients are our main priorities.<\/p>\n<p>Each of our drivers holds licence of professional qualification issued by the Czech Republic.\nAll our drivers passed psycho-diagnostic tests, MBTI tests and shear training.<\/p>\n<p>Easy Drivers company guarantee only professional and fully trained drivers, so you can rely on them in every situation.\nLast but not least.<\/p>\n<p>Easy Drivers Company is solely Czech, so we operate without any foreign capital.<\/p>\n<p><span><span style=\"color: #ffffff;\">We are here for you and we believe<\/span> , we can provide the best possible service even for the most fastidious clients.<\/span><\/p>\n<p style=\"text-align: center;\">\n[\/et_pb_text][\/et_pb_column][\/et_pb_row][et_pb_row _builder_version=&#8220;4.4.2&#8243;][et_pb_column type=&#8220;4_4&#8243; _builder_version=&#8220;4.4.2&#8243;][et_pb_button button_url=&#8220;https:\/\/easydrivers.cz\/sluzby\/&#8220; button_text=&#8220;NA\u0160E SLU\u017dBY&#8220; button_alignment=&#8220;center&#8220; _builder_version=&#8220;4.4.3&#8243; custom_button=&#8220;on&#8220; button_text_size=&#8220;15px&#8220; button_text_color=&#8220;#c9a869&#8243; button_border_radius=&#8220;35px&#8220; button_font=&#8220;GOTHAM light||||||||&#8220; button_icon=&#8220;%%59%%&#8220; transform_translate=&#8220;-35px|-128px&#8220; transform_translate_linked=&#8220;off&#8220; custom_margin=&#8220;0px||-50px|50px|false|false&#8220; animation_style=&#8220;fade&#8220; animation_duration=&#8220;1500ms&#8220;][\/et_pb_button][\/et_pb_column][\/et_pb_row][\/et_pb_section]<\/p>","protected":false},"excerpt":{"rendered":"<p>HLAVN\u00cd POSL\u00c1N\u00cd EASY DRIVERSJe poskytov\u00e1n\u00ed komplexn\u00edch slu\u017eeb v oboru luxusn\u00ed p\u0159epravy VIP osob a s t\u00edm spojen\u00e9 slu\u017eby, klademe d\u016fraz na ryz\u00ed profesionalitu, absolutn\u00ed spolehlivost a loajalitu \u0159idi\u010de v\u016f\u010di klient\u016fm. V\u0161ichni na\u0161i \u0159idi\u010di jsou tak\u00e9 dr\u017eiteli profesn\u00edho pr\u016fkazu odborn\u00e9 zp\u016fsobilosti kter\u00fd vyd\u00e1v\u00e1 \u010cesk\u00e1 republika. Ka\u017ed\u00fd n\u00e1\u0161 \u0159idi\u010d pravideln\u011b podstupuje psychologick\u00e9 testy, MBTI testy, kurz prvn\u00ed [&hellip;]<\/p>","protected":false},"author":1,"featured_media":0,"parent":0,"menu_order":0,"comment_status":"closed","ping_status":"closed","template":"","meta":{"_et_pb_use_builder":"on","_et_pb_old_content":"","_et_gb_content_width":"","footnotes":""},"class_list":["post-182","page","type-page","status-publish","hentry"],"_links":{"self":[{"href":"https:\/\/easydrivers.cz\/en\/wp-json\/wp\/v2\/pages\/182","targetHints":{"allow":["GET"]}}],"collection":[{"href":"https:\/\/easydrivers.cz\/en\/wp-json\/wp\/v2\/pages"}],"about":[{"href":"https:\/\/easydrivers.cz\/en\/wp-json\/wp\/v2\/types\/page"}],"author":[{"embeddable":true,"href":"https:\/\/easydrivers.cz\/en\/wp-json\/wp\/v2\/users\/1"}],"replies":[{"embeddable":true,"href":"https:\/\/easydrivers.cz\/en\/wp-json\/wp\/v2\/comments?post=182"}],"version-history":[{"count":43,"href":"https:\/\/easydrivers.cz\/en\/wp-json\/wp\/v2\/pages\/182\/revisions"}],"predecessor-version":[{"id":787,"href":"https:\/\/easydrivers.cz\/en\/wp-json\/wp\/v2\/pages\/182\/revisions\/787"}],"wp:attachment":[{"href":"https:\/\/easydrivers.cz\/en\/wp-json\/wp\/v2\/media?parent=182"}],"curies":[{"name":"wp","href":"https:\/\/api.w.org\/{rel}","templated":true}]}}