{"id":1761,"date":"2022-04-17T15:53:44","date_gmt":"2022-04-17T13:53:44","guid":{"rendered":"https:\/\/easydrivers.cz\/?page_id=1761"},"modified":"2022-05-10T15:29:25","modified_gmt":"2022-05-10T13:29:25","slug":"podminky-ochrany-osobnich-udaju","status":"publish","type":"page","link":"https:\/\/easydrivers.cz\/en\/podminky-ochrany-osobnich-udaju\/","title":{"rendered":"PRIVACY POLICY"},"content":{"rendered":"<p>[et_pb_section fb_built=&#8220;1&#8243; disabled_on=&#8220;on|on|off&#8220; _builder_version=&#8220;4.16&#8243; _module_preset=&#8220;default&#8220; background_enable_color=&#8220;off&#8220; background_video_mp4=&#8220;https:\/\/easydrivers.cz\/wp-content\/uploads\/2021\/04\/ed_social_D_clean_h264_1080p25_rec1886_stereo_200403.mp4&#8243; module_alignment=&#8220;center&#8220; custom_margin=&#8220;0px|||0px|false|false&#8220; custom_padding=&#8220;0px||0px|0px|false|false&#8220; global_colors_info=&#8220;{}&#8220;][et_pb_row _builder_version=&#8220;4.16&#8243; _module_preset=&#8220;default&#8220; width=&#8220;96%&#8220; max_width=&#8220;1300px&#8220; module_alignment=&#8220;center&#8220; custom_margin=&#8220;250px||240px||false|false&#8220; global_colors_info=&#8220;{}&#8220;][et_pb_column type=&#8220;4_4&#8243; _builder_version=&#8220;4.16&#8243; _module_preset=&#8220;default&#8220; global_colors_info=&#8220;{}&#8220;][et_pb_image src=&#8220;https:\/\/easydrivers.cz\/wp-content\/uploads\/2021\/03\/Easy-Drivers-s.r.o.-osobn\u00ed-luxusn\u00ed-p\u0159eprava-personal-transport-luxury-limousine-luxusn\u00ed-sv\u011btl\u00e1-verzest\u00edn.png&#8220; alt=&#8220;Easy Drivers s.r.o. osobn\u00ed luxusn\u00ed p\u0159eprava personal transport luxury limousine luxusn\u00ed sv\u011btl\u00e1 verze+st\u00edn&#8220; title_text=&#8220;Easy Drivers s.r.o. osobn\u00ed luxusn\u00ed p\u0159eprava personal transport luxury limousine luxusn\u00ed sv\u011btl\u00e1 verze+st\u00edn&#8220; _builder_version=&#8220;4.16&#8243; _module_preset=&#8220;default&#8220; transform_scale=&#8220;50%|50%&#8220; custom_margin=&#8220;-50px|0px||73px|false|false&#8220; animation_style=&#8220;slide&#8220; animation_duration=&#8220;1500ms&#8220; global_colors_info=&#8220;{}&#8220;][\/et_pb_image][et_pb_text _builder_version=&#8220;4.16&#8243; _module_preset=&#8220;default&#8220; text_font=&#8220;Gotham Light|||on|||||&#8220; text_text_color=&#8220;#caa869&#8243; text_font_size=&#8220;49px&#8220; transform_scale=&#8220;50%|50%&#8220; text_orientation=&#8220;center&#8220; custom_margin=&#8220;-109px||148px||false|false&#8220; custom_padding=&#8220;0px||||false|false&#8220; animation_style=&#8220;slide&#8220; animation_duration=&#8220;1500ms&#8220; text_text_shadow_style=&#8220;preset1&#8243; global_colors_info=&#8220;{}&#8220;]<\/p>\n<p><span style=\"font-weight: 400;\">LUXURY CHAUFFEUR AND CONCIERGE SERVICE<\/span><\/p>\n<p>[\/et_pb_text][\/et_pb_column][\/et_pb_row][et_pb_row _builder_version=&#8220;4.16&#8243; _module_preset=&#8220;default&#8220; custom_padding=&#8220;||0px|||&#8220; global_colors_info=&#8220;{}&#8220;][et_pb_column type=&#8220;4_4&#8243; _builder_version=&#8220;4.16&#8243; _module_preset=&#8220;default&#8220; global_colors_info=&#8220;{}&#8220;][\/et_pb_column][\/et_pb_row][\/et_pb_section][et_pb_section fb_built=&#8220;1&#8243; disabled_on=&#8220;off|off|on&#8220; _builder_version=&#8220;4.16&#8243; _module_preset=&#8220;default&#8220; background_enable_color=&#8220;off&#8220; background_video_mp4=&#8220;https:\/\/easydrivers.cz\/wp-content\/uploads\/2021\/03\/y2mate.com-ed-social-D-vertical-dnxhrhq-rec1886-200226_1080p.mp4&#8243; module_alignment=&#8220;center&#8220; custom_margin=&#8220;0px|||-2px|false|false&#8220; custom_padding=&#8220;100px||100px|0px|false|false&#8220; global_colors_info=&#8220;{}&#8220;][et_pb_row _builder_version=&#8220;4.16&#8243; _module_preset=&#8220;default&#8220; custom_padding=&#8220;||95px|||&#8220; global_colors_info=&#8220;{}&#8220;][et_pb_column type=&#8220;4_4&#8243; _builder_version=&#8220;4.16&#8243; _module_preset=&#8220;default&#8220; global_colors_info=&#8220;{}&#8220;][\/et_pb_column][\/et_pb_row][et_pb_row _builder_version=&#8220;4.16&#8243; _module_preset=&#8220;default&#8220; custom_margin=&#8220;0px||||false|false&#8220; global_colors_info=&#8220;{}&#8220;][et_pb_column type=&#8220;4_4&#8243; _builder_version=&#8220;4.16&#8243; _module_preset=&#8220;default&#8220; global_colors_info=&#8220;{}&#8220;][et_pb_text _builder_version=&#8220;4.16&#8243; _module_preset=&#8220;default&#8220; text_font=&#8220;Gotham Light|||on|||||&#8220; text_text_color=&#8220;#caa869&#8243; text_font_size=&#8220;25px&#8220; text_orientation=&#8220;center&#8220; custom_margin=&#8220;-34px||||false|false&#8220; custom_padding=&#8220;0px||0px||false|false&#8220; animation_style=&#8220;slide&#8220; animation_duration=&#8220;1500ms&#8220; text_text_shadow_style=&#8220;preset1&#8243; global_colors_info=&#8220;{}&#8220;]<\/p>\n<p class=\"translation-block\">LUXURY CHAUFFEUR AND CONCIERGE SERVICES<\/p>\n<p>[\/et_pb_text][\/et_pb_column][\/et_pb_row][et_pb_row _builder_version=&#8220;4.16&#8243; _module_preset=&#8220;default&#8220; custom_padding=&#8220;||177px||false|false&#8220; global_colors_info=&#8220;{}&#8220;][et_pb_column type=&#8220;4_4&#8243; _builder_version=&#8220;4.16&#8243; _module_preset=&#8220;default&#8220; global_colors_info=&#8220;{}&#8220;][\/et_pb_column][\/et_pb_row][\/et_pb_section][et_pb_section fb_built=&#8220;1&#8243; disabled_on=&#8220;off|off|off&#8220; _builder_version=&#8220;4.16&#8243; _module_preset=&#8220;default&#8220; background_color=&#8220;#30334f&#8220; custom_margin=&#8220;0px||||false|false&#8220; custom_padding=&#8220;233px||99px||false|false&#8220; global_colors_info=&#8220;{}&#8220;][et_pb_row _builder_version=&#8220;4.16&#8243; _module_preset=&#8220;default&#8220; global_colors_info=&#8220;{}&#8220;][et_pb_column type=&#8220;4_4&#8243; _builder_version=&#8220;4.16&#8243; _module_preset=&#8220;default&#8220; global_colors_info=&#8220;{}&#8220;][et_pb_text _builder_version=&#8220;4.16&#8243; _module_preset=&#8220;default&#8220; text_font=&#8220;Gotham Light||||||||&#8220; text_text_color=&#8220;#ffffff&#8220; width=&#8220;100%&#8220; module_alignment=&#8220;center&#8220; custom_padding=&#8220;|||0px|false|false&#8220; animation_style=&#8220;slide&#8220; animation_duration=&#8220;1500ms&#8220; global_colors_info=&#8220;{}&#8220;]<\/p>\n<h1 style=\"text-align: justify;\"><span style=\"color: #ffffff;\"><b>PRIVACY POLICY<\/b><\/span><\/h1>\n<p style=\"text-align: justify;\">\n<p style=\"text-align: justify;\"><b>Who we are<\/b><\/p>\n<p style=\"text-align: justify;\" class=\"translation-block\">Our website address is: https:\/\/easydrivers.cz\/\nThis privacy policy describes how we protect and use the information you provide to our company when you use this website.\nIf you are asked to provide information when using this site, it will only be used as described in this Privacy Policy.\nThis policy is kept up to date. The most recent version is posted on this page.\nWe collect and use certain information about individuals to provide products and services and to enable certain features on this site.\nWe also collect information to better understand how visitors use this site and to provide them with relevant information in a timely manner.\nThis privacy policy was updated on: 25.05.2018\nIf you have any questions about this policy, please send an email to info@easydrivers.cz.<\/p>\n<p style=\"text-align: justify;\"><b>What we collect and why we collect it<\/b><\/p>\n<p style=\"text-align: justify;\" class=\"translation-block\">Full Name\nContact information including your email address and phone number\nDemographic information, preferences and interests\nWebsite usage information\nComments<\/p>\n<p style=\"text-align: justify;\"><span style=\"font-weight: 400;\">When visitors comment on this site, the data displayed in the comment form, the visitor's IP address, and the user-agent string defining the browser are collected to help detect spam.<\/span><\/p>\n<p style=\"text-align: justify;\"><span style=\"font-weight: 400;\">Gravatar may be provided with an anonymous string created from your email address (also known as a hash) to determine if you are using this service. Gravatar's privacy policy is available here: https:\/\/automattic.com\/privacy\/. Once your comment has been approved, your profile picture is visible to the public in the context of your comment.<\/span><\/p>\n<p style=\"text-align: justify;\"><b>Media<\/b><\/p>\n<p style=\"text-align: justify;\"><span style=\"font-weight: 400;\">If you upload images to this site, you should avoid uploading images with embedded location data (EXIF GPS). Visitors of this site can download and view any location data from images on the site.<\/span><\/p>\n<p style=\"text-align: justify;\"><b>Contact forms<\/b><\/p>\n<p style=\"text-align: justify;\"><span style=\"font-weight: 400;\">We collect and retain the information received through the order form for as long as necessary to fulfill the purpose of customer service, but we do not use this information for marketing purposes.<\/span><\/p>\n<p style=\"text-align: justify;\"><b>Cookies<br \/><\/b><span style=\"font-weight: 400;\">What is a cookie?<\/span><\/p>\n<p style=\"text-align: justify;\"><span style=\"font-weight: 400;\">A cookie is a small file placed on your computer's hard drive. It allows our site to identify your computer when you view various pages on our site.<\/span><\/p>\n<p style=\"text-align: justify;\"><span style=\"font-weight: 400;\">Cookies allow sites and applications to store your preferences and include content, features or functionality that is specific to you. They also allow us to see information about how many people use the site and what pages they visit.<\/span><\/p>\n<p style=\"text-align: justify;\"><strong>How we use cookies<\/strong><\/p>\n<p style=\"text-align: justify;\" class=\"translation-block\">We use Google Analytics, Google Adwords, Google Search Console, Smartlook, Sklik, LinkedIn, Facebook for statistical reporting and marketing to help us improve our services.<\/p>\n<p style=\"text-align: justify;\"><span style=\"font-weight: 400;\"><a href=\"https:\/\/privacy.google.com\/businesses\/processorterms\/\u00a0\">https:\/\/privacy.google.com\/businesses\/processorterms\/<\/a><br \/><a href=\"https:\/\/cloud.google.com\/terms\/data-processing-terms\/partner\/%20\u00a0\">https:\/\/cloud.google.com\/terms\/data-processing-terms\/partner\/<br \/><\/a><a href=\"https:\/\/www.facebook.com\/business\/gdpr\u00a0%20\u00a0 \u00a0 \u00a0 \u00a0\">https:\/\/www.facebook.com\/business\/gdpr<\/a><a href=\"https:\/\/cloud.google.com\/terms\/data-processing-terms\/partner\/%20\u00a0\">\u00a0<\/a> \u00a0 \u00a0 \u00a0 \u00a0 \u00a0 \u00a0 \u00a0 \u00a0 \u00a0 \u00a0 \u00a0 \u00a0 \u00a0 \u00a0 \u00a0 \u00a0 \u00a0 \u00a0 \u00a0 \u00a0 \u00a0 \u00a0 \u00a0 <a href=\"https:\/\/www.facebook.com\/business\/gdpr\u00a0%20\u00a0 \u00a0 \u00a0 \u00a0\">\u00a0 \u00a0 \u00a0 \u00a0 \u00a0<\/a> \u00a0 \u00a0 \u00a0 \u00a0 \u00a0 \u00a0 \u00a0 \u00a0 \u00a0 \u00a0 \u00a0 \u00a0 \u00a0 \u00a0 \u00a0 \u00a0 \u00a0 \u00a0 \u00a0 \u00a0 \u00a0 \u00a0 \u00a0 \u00a0 \u00a0 \u00a0 \u00a0 \u00a0 \u00a0 \u00a0 \u00a0 \u00a0 \u00a0 \u00a0 \u00a0 \u00a0 \u00a0 \u00a0 <a href=\"https:\/\/help.smartlook.com\/en\/articles\/3244454-data-security\">https:\/\/help.smartlook.com\/en\/articles\/3244454-data-security<\/a><br \/><\/span><a href=\"https:\/\/cz.linkedin.com\/legal\/privacy-policy?\">https:\/\/cz.linkedin.com\/legal\/privacy-policy?<\/a><br \/><a href=\"https:\/\/o.seznam.cz\/ochrana-udaju\/\"><span style=\"font-size: 14px;\">https:\/\/o.seznam.cz\/ochrana-udaju\/<br \/><\/span><\/a><\/p>\n<p style=\"text-align: justify;\"><b>Cookies can be used to:<\/b><\/p>\n<p style=\"text-align: justify;\"><b> <\/b><\/p>\n<p style=\"text-align: justify;\" class=\"translation-block\">Analyse our web communication using an analytics package. Aggregated usage data helps us improve site structure, design, content and functionality.\nFind out if you are logged in to our site. A cookie lets us know if you are logged in to the site.\nTry out the content on our site. For example, 50% of our users may see one piece of content and the other 50% may see different content.\nSave information about your preferences. The website can then provide you with more relevant and interesting information.\nRecognize when you return to our website. We may show you relevant content or provide a feature you have used before.\nCookies do not give us access to your computer or information about you other than what you choose to share with us.<\/p>\n<p style=\"text-align: justify;\"><b><\/b><\/p>\n<p style=\"text-align: justify;\"><b><\/b><\/p>\n<p style=\"text-align: justify;\"><b><\/b><\/p>\n<p style=\"text-align: justify;\"><b><\/b><\/p>\n<p style=\"text-align: justify;\"><b>Managing cookies<\/b><\/p>\n<p style=\"text-align: justify;\"><span style=\"font-weight: 400;\">Use your browser's cookie settings to determine how our site uses cookies. If you do not want our website to store cookies on your computer or device, you should set your browser to refuse cookies.<\/span><\/p>\n<p style=\"text-align: justify;\"><span style=\"font-weight: 400;\">However, please note that this may affect the functioning of our site. Some pages and services may become unavailable to you.<\/span><\/p>\n<p style=\"text-align: justify;\"><span style=\"font-weight: 400;\">If you have not changed your browser and refused cookies, our website will issue cookies when you visit.<\/span><\/p>\n<p style=\"text-align: justify;\"><span style=\"font-weight: 400;\"><\/span><span style=\"font-weight: 400;\">Embedded content from other websites<\/span><\/p>\n<p style=\"text-align: justify;\"><span style=\"font-weight: 400;\">Posts on this website may contain embedded content (such as videos, images, articles, etc.). Embedded content from other websites behaves the same as if the visitor had visited another website.<\/span><\/p>\n<p style=\"text-align: justify;\"><span style=\"font-weight: 400;\">These websites<\/span><\/p>\n<p style=\"text-align: justify;\"><span style=\"font-weight: 400;\">Posts on this website may contain embedded content (such as videos, images, articles, etc.). Embedded content from other websites behaves the same as if the visitor had visited another website.<\/span><\/p>\n<p style=\"text-align: justify;\"><span style=\"font-weight: 400;\">This website may collect information about you, use cookies, embed third party tracking, and track your interaction with this embedded content, including tracking your interactions with embedded content if you have an account and are logged in to that website.<\/span><\/p>\n<p style=\"text-align: justify;\"><b><\/b><\/p>\n<p style=\"text-align: justify;\"><b>Who do we share your data with?<\/b><\/p>\n<p style=\"text-align: justify;\"><span style=\"font-weight: 400;\">We will never rent, distribute or sell your personal information to third parties unless we have your permission or the law.<\/span><\/p>\n<p style=\"text-align: justify;\"><span style=\"font-weight: 400;\">Any personal data we hold about you is stored and processed in accordance with our data protection policy in line with the General Data Protection Regulation (GDPR) 2018. The EU's General Data Protection Regulation (GDPR) replaces Directive 95\/46 designed to harmonize data protection laws across Europe, to protect and enhance the privacy of all EU citizens and to overhaul the way organizations across the region deal with data protection.<\/span><\/p>\n<p style=\"text-align: justify;\"><b>How long do we keep your data?<\/b><\/p>\n<p style=\"text-align: justify;\" class=\"translation-block\">We retain contact form records for six months or until the requirement is met, we retain analytics data for 3 years.<\/p>\n<p style=\"text-align: justify;\"><span style=\"font-weight: 400;\">If you add a comment, the comment and its metadata will be retained indefinitely. The data is stored for the purpose of automatically recognizing and approving all subsequent comments, rather than keeping them in a moderation queue.<\/span><\/p>\n<p style=\"text-align: justify;\"><span style=\"font-weight: 400;\">For users who register on this site (if they have the option), we also store the personal data they provide in their user profile. All users can view, edit or delete their personal information at any time (except that they cannot change their username). Webmasters can also view and edit this information.<\/span><\/p>\n<p style=\"text-align: justify;\"><strong>What are your rights?<\/strong><\/p>\n<p style=\"text-align: justify;\"><span style=\"font-weight: 400;\">If you have an account on this site or have posted comments here, you can request an export file of the personal information we hold about you, including any information you have provided to us. You can also request the removal of any personal data we hold about you. This option does not include data that we are required to keep for administrative, legal or security reasons.<\/span><\/p>\n<p style=\"text-align: justify;\"><b>Where do you send your data?<\/b><\/p>\n<p style=\"text-align: justify;\"><span style=\"font-weight: 400;\">Visitors\u00b4 comments can be scanned through an automatic spam detection service that can be located abroad.<\/span><\/p>\n<p style=\"text-align: justify;\"><span style=\"font-weight: 400;\">The administrator has not commissioned any processors.<br \/><\/span><span style=\"font-weight: 400;\">Mana\u017eer: Oskar \u0160koda<br \/><\/span><span style=\"font-weight: 400;\">Easy Drivers s.r.o<br \/><\/span><span style=\"font-weight: 400;\">Ji\u010d\u00ednsk\u00e1 226\/17, \u017di\u017ekov (Prague 3), 130 00 Prague<br \/><\/span><span style=\"font-weight: 400;\">ID:07689233<br \/><\/span><span style=\"font-weight: 400;\">VAT ID:CZ07689233<\/span><\/p>\n<p style=\"text-align: justify;\"><span>Contact email: <\/span><a href=\"mailto:info@easydrivers.cz\"><span>info@easydrivers.cz<\/span><\/a><\/p>\n<p style=\"text-align: justify;\"><b>Further information<\/b><\/p>\n<p style=\"text-align: justify;\"><span style=\"font-weight: 400;\"><strong>How do we protect your personal data?<\/strong><\/span><\/p>\n<p style=\"text-align: justify;\"><span style=\"font-weight: 400;\">We will always keep your information secure. To prevent unauthorized disclosure or access to your information, we have strong physical and electronic security safeguards in place. Access to personal information is only granted to authorized persons in the course of their work.<\/span><\/p>\n<p style=\"text-align: justify;\">[\/et_pb_text][\/et_pb_column][\/et_pb_row][et_pb_row column_structure=&#8220;1_3,1_3,1_3&#8243; make_equal=&#8220;on&#8220; _builder_version=&#8220;4.16&#8243; _module_preset=&#8220;default&#8220; transform_scale=&#8220;36%|36%&#8220; width=&#8220;17%&#8220; module_alignment=&#8220;center&#8220; custom_margin=&#8220;0px||0px||false|false&#8220; custom_padding=&#8220;0px||0px||false|false&#8220; animation_style=&#8220;slide&#8220; animation_duration=&#8220;1500ms&#8220; global_colors_info=&#8220;{}&#8220;][et_pb_column type=&#8220;1_3&#8243; _builder_version=&#8220;4.16&#8243; _module_preset=&#8220;default&#8220; global_colors_info=&#8220;{}&#8220;][et_pb_blurb use_icon=&#8220;on&#8220; font_icon=&#8220;&#xe0c1;||divi||400&#8243; _builder_version=&#8220;4.16&#8243; _module_preset=&#8220;default&#8220; link_option_url=&#8220;https:\/\/www.facebook.com\/easydrivers.cz&#8220; link_option_url_new_window=&#8220;on&#8220; global_colors_info=&#8220;{}&#8220;][\/et_pb_blurb][\/et_pb_column][et_pb_column type=&#8220;1_3&#8243; _builder_version=&#8220;4.16&#8243; _module_preset=&#8220;default&#8220; global_colors_info=&#8220;{}&#8220;][et_pb_blurb use_icon=&#8220;on&#8220; font_icon=&#8220;&#xe0c8;||divi||400&#8243; _builder_version=&#8220;4.16&#8243; _module_preset=&#8220;default&#8220; link_option_url=&#8220;https:\/\/www.instagram.com\/easydrivers.cz\/&#8220; link_option_url_new_window=&#8220;on&#8220; global_colors_info=&#8220;{}&#8220;][\/et_pb_blurb][\/et_pb_column][et_pb_column type=&#8220;1_3&#8243; _builder_version=&#8220;4.16&#8243; _module_preset=&#8220;default&#8220; global_colors_info=&#8220;{}&#8220;][et_pb_blurb use_icon=&#8220;on&#8220; font_icon=&#8220;&#xe0cb;||divi||400&#8243; _builder_version=&#8220;4.16&#8243; _module_preset=&#8220;default&#8220; link_option_url=&#8220;https:\/\/www.linkedin.com\/company\/easy-drivers\/&#8220; link_option_url_new_window=&#8220;on&#8220; global_colors_info=&#8220;{}&#8220;][\/et_pb_blurb][\/et_pb_column][\/et_pb_row][\/et_pb_section]<\/p>","protected":false},"excerpt":{"rendered":"<p>LUXUSN\u00cd P\u0158EPRAVA A CONCIERGE SERVISLUXUSN\u00cd P\u0158EPRAVACONCIERGE SERVISPodm\u00ednky ochrany osobn\u00edch \u00fadaj\u016f Kdo jsme Na\u0161e webov\u00e1 adresa je: https:\/\/easydrivers.cz\/Tyto z\u00e1sady ochrany osobn\u00edch \u00fadaj\u016f popisuj\u00ed, jak chr\u00e1n\u00edme a pou\u017e\u00edv\u00e1me informace, kter\u00e9 poskytujete na\u0161\u00ed spole\u010dnosti p\u0159i pou\u017e\u00edv\u00e1n\u00ed tohoto webu.Pokud budete po\u017e\u00e1d\u00e1ni o poskytnut\u00ed informac\u00ed p\u0159i pou\u017e\u00edv\u00e1n\u00ed t\u00e9to str\u00e1nky, budou pou\u017eity pouze tak, jak je pops\u00e1no v t\u011bchto Z\u00e1sad\u00e1ch ochrany [&hellip;]<\/p>","protected":false},"author":1,"featured_media":0,"parent":0,"menu_order":0,"comment_status":"closed","ping_status":"closed","template":"","meta":{"_et_pb_use_builder":"on","_et_pb_old_content":"","_et_gb_content_width":"","footnotes":""},"class_list":["post-1761","page","type-page","status-publish","hentry"],"_links":{"self":[{"href":"https:\/\/easydrivers.cz\/en\/wp-json\/wp\/v2\/pages\/1761","targetHints":{"allow":["GET"]}}],"collection":[{"href":"https:\/\/easydrivers.cz\/en\/wp-json\/wp\/v2\/pages"}],"about":[{"href":"https:\/\/easydrivers.cz\/en\/wp-json\/wp\/v2\/types\/page"}],"author":[{"embeddable":true,"href":"https:\/\/easydrivers.cz\/en\/wp-json\/wp\/v2\/users\/1"}],"replies":[{"embeddable":true,"href":"https:\/\/easydrivers.cz\/en\/wp-json\/wp\/v2\/comments?post=1761"}],"version-history":[{"count":14,"href":"https:\/\/easydrivers.cz\/en\/wp-json\/wp\/v2\/pages\/1761\/revisions"}],"predecessor-version":[{"id":1865,"href":"https:\/\/easydrivers.cz\/en\/wp-json\/wp\/v2\/pages\/1761\/revisions\/1865"}],"wp:attachment":[{"href":"https:\/\/easydrivers.cz\/en\/wp-json\/wp\/v2\/media?parent=1761"}],"curies":[{"name":"wp","href":"https:\/\/api.w.org\/{rel}","templated":true}]}}