{"id":1334,"date":"2021-03-31T13:53:48","date_gmt":"2021-03-31T11:53:48","guid":{"rendered":"https:\/\/easydrivers.cz\/?page_id=1334"},"modified":"2025-04-03T20:11:40","modified_gmt":"2025-04-03T18:11:40","slug":"reference","status":"publish","type":"page","link":"https:\/\/easydrivers.cz\/en\/reference\/","title":{"rendered":"Reference"},"content":{"rendered":"<p>[et_pb_section fb_built=&#8220;1&#8243; disabled_on=&#8220;on|on|off&#8220; _builder_version=&#8220;4.16&#8243; _module_preset=&#8220;default&#8220; background_enable_color=&#8220;off&#8220; background_video_mp4=&#8220;https:\/\/easydrivers.cz\/wp-content\/uploads\/2021\/04\/ed_social_G_clean_h264_1080p25_rec1886_stereo_200403.mp4&#8243; module_alignment=&#8220;center&#8220; custom_margin=&#8220;0px|||0px|false|false&#8220; custom_padding=&#8220;0px||0px|0px|false|false&#8220; global_colors_info=&#8220;{}&#8220;][et_pb_row _builder_version=&#8220;4.16&#8243; _module_preset=&#8220;default&#8220; width=&#8220;96%&#8220; max_width=&#8220;1300px&#8220; module_alignment=&#8220;center&#8220; custom_margin=&#8220;250px||240px||false|false&#8220; global_colors_info=&#8220;{}&#8220;][et_pb_column type=&#8220;4_4&#8243; _builder_version=&#8220;4.16&#8243; _module_preset=&#8220;default&#8220; global_colors_info=&#8220;{}&#8220;][et_pb_image src=&#8220;https:\/\/easydrivers.cz\/wp-content\/uploads\/2021\/03\/Easy-Drivers-s.r.o.-osobn\u00ed-luxusn\u00ed-p\u0159eprava-personal-transport-luxury-limousine-luxusn\u00ed-sv\u011btl\u00e1-verzest\u00edn.png&#8220; alt=&#8220;Easy Drivers s.r.o. osobn\u00ed luxusn\u00ed p\u0159eprava personal transport luxury limousine luxusn\u00ed sv\u011btl\u00e1 verze+st\u00edn&#8220; title_text=&#8220;Easy Drivers s.r.o. osobn\u00ed luxusn\u00ed p\u0159eprava personal transport luxury limousine luxusn\u00ed sv\u011btl\u00e1 verze+st\u00edn&#8220; _builder_version=&#8220;4.16&#8243; _module_preset=&#8220;default&#8220; transform_scale=&#8220;50%|50%&#8220; custom_margin=&#8220;-50px|0px||73px|false|false&#8220; animation_style=&#8220;slide&#8220; animation_duration=&#8220;1500ms&#8220; global_colors_info=&#8220;{}&#8220;][\/et_pb_image][et_pb_text _builder_version=&#8220;4.16&#8243; _module_preset=&#8220;default&#8220; text_font=&#8220;Gotham Light|||on|||||&#8220; text_text_color=&#8220;#caa869&#8243; text_font_size=&#8220;49px&#8220; transform_scale=&#8220;50%|50%&#8220; text_orientation=&#8220;center&#8220; custom_margin=&#8220;-109px||148px||false|false&#8220; custom_padding=&#8220;0px||||false|false&#8220; animation_style=&#8220;slide&#8220; animation_duration=&#8220;1500ms&#8220; text_text_shadow_style=&#8220;preset1&#8243; global_colors_info=&#8220;{}&#8220;]<\/p>\n<p><span style=\"font-weight: 400;\">LUXURY CHAUFFEUR AND CONCIERGE SERVICE<\/span><\/p>\n<p>[\/et_pb_text][\/et_pb_column][\/et_pb_row][et_pb_row _builder_version=&#8220;4.16&#8243; _module_preset=&#8220;default&#8220; custom_padding=&#8220;||0px|||&#8220; global_colors_info=&#8220;{}&#8220;][et_pb_column type=&#8220;4_4&#8243; _builder_version=&#8220;4.16&#8243; _module_preset=&#8220;default&#8220; global_colors_info=&#8220;{}&#8220;][\/et_pb_column][\/et_pb_row][\/et_pb_section][et_pb_section fb_built=&#8220;1&#8243; disabled_on=&#8220;off|off|on&#8220; _builder_version=&#8220;4.16&#8243; _module_preset=&#8220;default&#8220; background_enable_color=&#8220;off&#8220; background_video_mp4=&#8220;https:\/\/easydrivers.cz\/wp-content\/uploads\/2021\/03\/y2mate.com-ed-social-G-vertical-dnxhrhq-rec1886-stereo-200226_1080p.mp4&#8243; module_alignment=&#8220;center&#8220; custom_margin=&#8220;0px|||-2px|false|false&#8220; custom_padding=&#8220;100px||100px|0px|false|false&#8220; global_colors_info=&#8220;{}&#8220;][et_pb_row _builder_version=&#8220;4.16&#8243; _module_preset=&#8220;default&#8220; custom_padding=&#8220;||95px|||&#8220; global_colors_info=&#8220;{}&#8220;][et_pb_column type=&#8220;4_4&#8243; _builder_version=&#8220;4.16&#8243; _module_preset=&#8220;default&#8220; global_colors_info=&#8220;{}&#8220;][\/et_pb_column][\/et_pb_row][et_pb_row _builder_version=&#8220;4.16&#8243; _module_preset=&#8220;default&#8220; custom_margin=&#8220;0px||||false|false&#8220; global_colors_info=&#8220;{}&#8220;][et_pb_column type=&#8220;4_4&#8243; _builder_version=&#8220;4.16&#8243; _module_preset=&#8220;default&#8220; global_colors_info=&#8220;{}&#8220;][et_pb_text _builder_version=&#8220;4.16&#8243; _module_preset=&#8220;default&#8220; text_font=&#8220;Gotham Light|||on|||||&#8220; text_text_color=&#8220;#caa869&#8243; text_font_size=&#8220;25px&#8220; text_orientation=&#8220;center&#8220; custom_margin=&#8220;-34px||||false|false&#8220; custom_padding=&#8220;0px||0px||false|false&#8220; animation_style=&#8220;slide&#8220; animation_duration=&#8220;1500ms&#8220; text_text_shadow_style=&#8220;preset1&#8243; global_colors_info=&#8220;{}&#8220;]<\/p>\n<p class=\"translation-block\">LUXURY CHAUFFEUR AND CONCIERGE SERVICES<\/p>\n<p>[\/et_pb_text][\/et_pb_column][\/et_pb_row][et_pb_row _builder_version=&#8220;4.16&#8243; _module_preset=&#8220;default&#8220; custom_padding=&#8220;||177px||false|false&#8220; global_colors_info=&#8220;{}&#8220;][et_pb_column type=&#8220;4_4&#8243; _builder_version=&#8220;4.16&#8243; _module_preset=&#8220;default&#8220; global_colors_info=&#8220;{}&#8220;][\/et_pb_column][\/et_pb_row][\/et_pb_section][et_pb_section fb_built=&#8220;1&#8243; disabled_on=&#8220;off|off|off&#8220; _builder_version=&#8220;4.27.4&#8243; background_color=&#8220;#30334f&#8220; custom_padding=&#8220;0px||0px||false|false&#8220; hover_enabled=&#8220;0&#8243; global_colors_info=&#8220;{}&#8220; sticky_enabled=&#8220;0&#8243;][et_pb_row _builder_version=&#8220;4.16&#8243; width=&#8220;90%&#8220; max_width=&#8220;1250px&#8220; module_alignment=&#8220;center&#8220; custom_margin=&#8220;0px|auto||326px|false|false&#8220; custom_margin_tablet=&#8220;&#8220; custom_margin_phone=&#8220;41px||||false|false&#8220; custom_margin_last_edited=&#8220;on|desktop&#8220; custom_padding=&#8220;||90px||false|false&#8220; global_colors_info=&#8220;{}&#8220;][et_pb_column type=&#8220;4_4&#8243; _builder_version=&#8220;4.16&#8243; global_colors_info=&#8220;{}&#8220;][et_pb_text _builder_version=&#8220;4.16&#8243; text_font=&#8220;GOTHAM light||||||||&#8220; text_text_color=&#8220;#c9a869&#8243; text_font_size=&#8220;33px&#8220; text_line_height=&#8220;1em&#8220; header_text_align=&#8220;center&#8220; header_text_color=&#8220;#ffffff&#8220; header_font_size=&#8220;61px&#8220; background_enable_color=&#8220;off&#8220; transform_scale_last_edited=&#8220;off|desktop&#8220; transform_translate_last_edited=&#8220;off|desktop&#8220; transform_translate_linked=&#8220;off&#8220; transform_rotate_last_edited=&#8220;off|desktop&#8220; transform_skew_last_edited=&#8220;off|desktop&#8220; transform_origin_last_edited=&#8220;off|desktop&#8220; transform_styles_last_edited=&#8220;off|desktop&#8220; width=&#8220;100%&#8220; custom_margin=&#8220;30px||15px|0px|false|false&#8220; custom_margin_tablet=&#8220;&#8220; custom_margin_phone=&#8220;-70px|0px||0px|false|false&#8220; custom_margin_last_edited=&#8220;on|phone&#8220; custom_padding=&#8220;30px|0px|20px|0px|false|false&#8220; animation_style=&#8220;slide&#8220; animation_duration=&#8220;1500ms&#8220; hover_transition_duration=&#8220;2500ms&#8220; header_font_size_tablet=&#8220;&#8220; header_font_size_phone=&#8220;45px&#8220; header_font_size_last_edited=&#8220;on|phone&#8220; border_radii=&#8220;on|15px|15px|15px|15px&#8220; inline_fonts=&#8220;GOTHAM regular,GOTHAM light&#8220; global_colors_info=&#8220;{}&#8220; transform_styles__hover_enabled=&#8220;on|hover&#8220; transform_scale__hover_enabled=&#8220;on|hover&#8220; transform_translate__hover_enabled=&#8220;on|desktop&#8220; transform_rotate__hover_enabled=&#8220;on|desktop&#8220; transform_skew__hover_enabled=&#8220;on|desktop&#8220; transform_origin__hover_enabled=&#8220;on|desktop&#8220;]<\/p>\n<h1 style=\"text-align: center;\">OUR PARTNERS<span style=\"color: #c9a869;\">\u00a0<\/span><\/h1>\n<p>[\/et_pb_text][et_pb_slider show_cta_on_mobile=&#8220;off&#8220; show_image_video_mobile=&#8220;on&#8220; use_bg_overlay=&#8220;on&#8220; bg_overlay_color=&#8220;rgba(0,0,0,0)&#8220; use_text_overlay=&#8220;off&#8220; arrows_custom_color=&#8220;#c9a869&#8243; dot_nav_custom_color=&#8220;#c9a869&#8243; _builder_version=&#8220;4.27.4&#8243; _module_preset=&#8220;default&#8220; header_text_color=&#8220;#000000&#8243; body_text_color=&#8220;#000000&#8243; background_color=&#8220;#ffffff&#8220; animation_style=&#8220;slide&#8220; animation_duration=&#8220;1500ms&#8220; hover_enabled=&#8220;0&#8243; border_radii=&#8220;on|20px|20px|20px|20px&#8220; border_width_all=&#8220;19px&#8220; border_color_all=&#8220;#ffffff&#8220; global_colors_info=&#8220;{}&#8220; sticky_enabled=&#8220;0&#8243;][et_pb_slide heading=&#8220;Forbes&#8220; image=&#8220;https:\/\/easydrivers.cz\/wp-content\/uploads\/2024\/12\/logo-forbes-black-2.png&#8220; use_bg_overlay=&#8220;on&#8220; bg_overlay_color=&#8220;#ffffff&#8220; _builder_version=&#8220;4.27.4&#8243; _module_preset=&#8220;default&#8220; header_font=&#8220;Gotham Light||||||||&#8220; header_text_color=&#8220;#000000&#8243; header_font_size=&#8220;35px&#8220; body_font=&#8220;Gotham Light||||||||&#8220; body_text_color=&#8220;#000000&#8243; background_color=&#8220;#ffffff&#8220; background_enable_color=&#8220;on&#8220; link_option_url=&#8220;https:\/\/forbes.cz\/&#8220; link_option_url_new_window=&#8220;on&#8220; global_colors_info=&#8220;{}&#8220; sticky_transition=&#8220;on&#8220;]<\/p>\n<p><span style=\"font-weight: 400;\">Easy Drivers is our trusted partner for guest transportation. We especially appreciate their flexibility, absolute reliability, and professional approach. Thanks to them, our guests always arrive on time and in maximum comfort. We can wholeheartedly recommend working with Easy Drivers.<\/span><\/p>\n<p>[\/et_pb_slide][et_pb_slide heading=&#8220;\u0160KODA TRANSPORTATION&#8220; button_text=&#8220;Kliknut\u00ed&#8220; image=&#8220;https:\/\/easydrivers.cz\/wp-content\/uploads\/2025\/02\/LOGO_SKODA_GROUP_A.png&#8220; _builder_version=&#8220;4.27.4&#8243; _module_preset=&#8220;default&#8220; link_option_url=&#8220;https:\/\/www.skodagroup.com\/&#8220; link_option_url_new_window=&#8220;on&#8220; text_shadow_style=&#8220;preset1&#8243; text_shadow_vertical_length=&#8220;0em&#8220; text_shadow_blur_strength=&#8220;0em&#8220; global_colors_info=&#8220;{}&#8220; sticky_transition=&#8220;on&#8220;]Easy Drivers n\u00e1m ji\u017e rok zaji\u0161\u0165uje VIP osobn\u00ed p\u0159epravu. N\u00e1\u0161 \u0161of\u00e9r je naprosto spolehliv\u00fd, vst\u0159\u00edcn\u00fd, a nav\u00edc velmi mil\u00fd \u010dlov\u011bk. Spolupr\u00e1ce se spole\u010dnost\u00ed Easy Drivers je v\u017edy profesion\u00e1ln\u00ed a my si j\u00ed velmi v\u00e1\u017e\u00edme.[\/et_pb_slide][et_pb_slide heading=&#8220;Gismondi&#8220; image=&#8220;https:\/\/easydrivers.cz\/wp-content\/uploads\/2020\/10\/Gismondi.png&#8220; use_bg_overlay=&#8220;on&#8220; bg_overlay_color=&#8220;#ffffff&#8220; _builder_version=&#8220;4.27.4&#8243; _module_preset=&#8220;default&#8220; header_font=&#8220;Gotham Light||||||||&#8220; header_text_color=&#8220;#000000&#8243; header_font_size=&#8220;35px&#8220; body_font=&#8220;Gotham Light||||||||&#8220; body_text_color=&#8220;#000000&#8243; background_color=&#8220;#ffffff&#8220; background_enable_color=&#8220;on&#8220; link_option_url=&#8220;https:\/\/www.gismondi1754.com\/cs\/&#8220; link_option_url_new_window=&#8220;on&#8220; global_colors_info=&#8220;{}&#8220; sticky_transition=&#8220;on&#8220;]<\/p>\n<p>We have been using Easy Drivers services for a long time and are very satisfied. Their services are of high quality, reliable, and the drivers are always pleasant and highly professional.<\/p>\n<p>[\/et_pb_slide][et_pb_slide heading=&#8220;CZECH NEWS CENTER a. s.&#8220; image=&#8220;https:\/\/easydrivers.cz\/wp-content\/uploads\/2024\/12\/CNC.png&#8220; use_bg_overlay=&#8220;on&#8220; bg_overlay_color=&#8220;#ffffff&#8220; _builder_version=&#8220;4.27.4&#8243; _module_preset=&#8220;default&#8220; header_font=&#8220;Gotham Light||||||||&#8220; header_text_color=&#8220;#000000&#8243; header_font_size=&#8220;35px&#8220; body_font=&#8220;Gotham Light||||||||&#8220; body_text_color=&#8220;#000000&#8243; background_color=&#8220;#ffffff&#8220; background_enable_color=&#8220;on&#8220; link_option_url=&#8220;https:\/\/www.cncenter.cz\/&#8220; link_option_url_new_window=&#8220;on&#8220; global_colors_info=&#8220;{}&#8220; sticky_transition=&#8220;on&#8220;]<\/p>\n<p><span style=\"font-weight: 400;\">Working with Easy Drivers is always at the highest level. Communication from start to finish is absolutely professional, and the drivers are always friendly, accommodating, and reliable. Our clients and partners, for whom we arrange transfers, are extremely satisfied with their services. For us, collaborating with Easy Drivers is not only seamless but also a true pleasure.<\/span><\/p>\n<p>[\/et_pb_slide][et_pb_slide heading=&#8220;Mediasharks&#8220; image=&#8220;https:\/\/easydrivers.cz\/wp-content\/uploads\/2020\/10\/Media-ssharks.jpg&#8220; use_bg_overlay=&#8220;on&#8220; bg_overlay_color=&#8220;#ffffff&#8220; _builder_version=&#8220;4.27.4&#8243; _module_preset=&#8220;default&#8220; header_font=&#8220;Gotham Light||||||||&#8220; header_text_color=&#8220;#000000&#8243; header_font_size=&#8220;35px&#8220; body_font=&#8220;Gotham Light||||||||&#8220; body_text_color=&#8220;#000000&#8243; background_color=&#8220;#ffffff&#8220; background_enable_color=&#8220;on&#8220; link_option_url=&#8220;https:\/\/www.mediasharks.cz\/&#8220; link_option_url_new_window=&#8220;on&#8220; global_colors_info=&#8220;{}&#8220; sticky_transition=&#8220;on&#8220;]<\/p>\n<div>When we, as a company organizing events for top clients in the Czech Republic (Leo\u0161 Mare\u0161, \u010cesk\u00e1 spo\u0159itelna, Mandarin Oriental Prague, Stopka), first used Easy Drivers services in 2020, we never imagined that we would build such a close relationship. Now, we no longer consider any other transportation company\u2014nor do our partners, to whom we primarily recommend Oskar and his professional approach.<\/div>\n<div>For both personal and business transport, I can\u00b4t imagine a friendlier service at that level, which Easy Drivers offers.<\/div>\n<p>[\/et_pb_slide][et_pb_slide heading=&#8220;LUXURY BLOC&#8220; button_text=&#8220;Kliknut\u00ed&#8220; image=&#8220;https:\/\/easydrivers.cz\/wp-content\/uploads\/2025\/04\/Luxury-Bloc-Easy-Drivers-luxury-tranportation.png&#8220; _builder_version=&#8220;4.27.4&#8243; _module_preset=&#8220;default&#8220; link_option_url=&#8220;https:\/\/gmselection.com\/&#8220; link_option_url_new_window=&#8220;on&#8220; hover_enabled=&#8220;0&#8243; global_colors_info=&#8220;{}&#8220; sticky_transition=&#8220;on&#8220; alt=&#8220;Luxury Bloc Easy Drivers luxury tranportation&#8220; title_text=&#8220;Luxury Bloc Easy Drivers luxury tranportation&#8220; sticky_enabled=&#8220;0&#8243;]<\/p>\n<p class=\"translation-block\">We have been working with Easy Drivers for several years, providing transportation for our clients\u2014ultra-luxury hotel companies from around the world participating in our travel trade fair, Luxury Bloc.<\/p>\n<p class=\"translation-block\">Easy Drivers goes far beyond the services and standards of today's transport agencies, whether in terms of flexibility, execution, or professional approach.<\/p>\n<p>In today's world, it is very difficult to find a solid and reliable partner in this field of services who is also always available, kind, accommodating, and extremely hardworking.<\/p>\n<p class=\"translation-block\">I can wholeheartedly recommend Easy Drivers to all clients.<\/p>\n<p>[\/et_pb_slide][et_pb_slide heading=&#8220;ONE EVENT&#8220; image=&#8220;https:\/\/easydrivers.cz\/wp-content\/uploads\/2024\/12\/One-Event-logo.png&#8220; use_bg_overlay=&#8220;on&#8220; bg_overlay_color=&#8220;#ffffff&#8220; _builder_version=&#8220;4.27.4&#8243; _module_preset=&#8220;default&#8220; header_font=&#8220;Gotham Light||||||||&#8220; header_text_color=&#8220;#000000&#8243; header_font_size=&#8220;35px&#8220; body_font=&#8220;Gotham Light||||||||&#8220; body_text_color=&#8220;#000000&#8243; background_color=&#8220;#ffffff&#8220; background_enable_color=&#8220;on&#8220; link_option_url=&#8220;https:\/\/one-event.cz\/&#8220; link_option_url_new_window=&#8220;on&#8220; global_colors_info=&#8220;{}&#8220; sticky_transition=&#8220;on&#8220;]<\/p>\n<p><span style=\"font-weight: 400;\">We use Easy Drivers since 2022 for a number of different events, which were all a huge success. <\/span><span style=\"font-weight: 400;\">Their unwavering flexibility, utmost professionalism, and infectious good mood truly set them apart. <\/span><span style=\"font-weight: 400;\">Flexibility: Easy Drivers effortlessly adapted to our changing needs, alleviating much of our planning stress. Their willingness to accommodate last-minute changes ensured a seamless experience for all our attendees. <\/span><span style=\"font-weight: 400;\">Professionalism: From impeccably maintained vehicles to punctual and courteous drivers, Easy Drivers showcased a level of professionalism that left a lasting impression. Their dedication to delivering a premium service was evident in every aspect.<\/span><\/p>\n<p><span style=\"font-weight: 400;\">In summary, Easy Drivers exceeded our expectations in every way. Their flexibility, professionalism, and ability to infuse joy into our event make them the ultimate transportation partner.<\/span><\/p>\n<p><span style=\"font-weight: 400;\">As a Destination Management Company we rely on our partners and are eager to anticipate future collaborations!<\/span><\/p>\n<p>[\/et_pb_slide][et_pb_slide heading=&#8220;NORA&#8220; image=&#8220;https:\/\/easydrivers.cz\/wp-content\/uploads\/2024\/12\/NORA-logo.png&#8220; use_bg_overlay=&#8220;on&#8220; bg_overlay_color=&#8220;#ffffff&#8220; _builder_version=&#8220;4.27.4&#8243; _module_preset=&#8220;default&#8220; header_font=&#8220;Gotham Light||||||||&#8220; header_text_color=&#8220;#000000&#8243; header_font_size=&#8220;35px&#8220; body_font=&#8220;Gotham Light||||||||&#8220; body_text_color=&#8220;#000000&#8243; background_color=&#8220;#ffffff&#8220; background_enable_color=&#8220;on&#8220; link_option_url=&#8220;https:\/\/www.noranora.cz\/&#8220; link_option_url_new_window=&#8220;on&#8220; global_colors_info=&#8220;{}&#8220; sticky_transition=&#8220;on&#8220;]<\/p>\n<p class=\"translation-block\">We are extremely satisfied with Easy Drivers services and are thrilled with the professionalism and willingness of their team. The drivers are always reliable and accommodating. The vehicles are clean, comfortable, and equipped with everything needed. We also appreciate the flexibility in adjusting the route according to our wishes. We highly recommend them!<\/p>\n<p>[\/et_pb_slide][et_pb_slide heading=&#8220;Idemia&#8220; image=&#8220;https:\/\/easydrivers.cz\/wp-content\/uploads\/2022\/08\/Idemia-vyuziva-sluzeb-Easy-Drivers-cz-luxusni-preprava-limousine-service-airport-and-congres-transportation.jpg&#8220; use_bg_overlay=&#8220;on&#8220; bg_overlay_color=&#8220;#ffffff&#8220; _builder_version=&#8220;4.27.4&#8243; _module_preset=&#8220;default&#8220; header_font=&#8220;Gotham Light||||||||&#8220; header_text_color=&#8220;#000000&#8243; header_font_size=&#8220;35px&#8220; body_font=&#8220;Gotham Light||||||||&#8220; body_text_color=&#8220;#000000&#8243; background_color=&#8220;#ffffff&#8220; background_enable_color=&#8220;on&#8220; link_option_url=&#8220;https:\/\/www.idemia.com\/&#8220; link_option_url_new_window=&#8220;on&#8220; global_colors_info=&#8220;{}&#8220; sticky_transition=&#8220;on&#8220;]<\/p>\n<p>We have been using Easy Drivers services since 2021 and are extremely satisfied with them. Their quality and reliability are highly appreciated by our international business partners as well.<\/p>\n<p>[\/et_pb_slide][et_pb_slide heading=&#8220;Grain and food investments&#8220; image=&#8220;https:\/\/easydrivers.cz\/wp-content\/uploads\/2020\/10\/grainfood-investment.jpg&#8220; use_bg_overlay=&#8220;on&#8220; bg_overlay_color=&#8220;#ffffff&#8220; _builder_version=&#8220;4.16&#8243; _module_preset=&#8220;default&#8220; header_font=&#8220;Gotham Light||||||||&#8220; header_text_color=&#8220;#000000&#8243; header_font_size=&#8220;35px&#8220; body_font=&#8220;Gotham Light||||||||&#8220; body_text_color=&#8220;#000000&#8243; background_color=&#8220;#ffffff&#8220; background_enable_color=&#8220;on&#8220; global_colors_info=&#8220;{}&#8220; sticky_transition=&#8220;on&#8220;]<\/p>\n<p style=\"text-align: left;\"><span>Easy Drivers is synonymous with reliability and unparalleled professionalism of the drivers. Thank you for the long-term partnership!<\/span><\/p>\n<p>[\/et_pb_slide][et_pb_slide heading=&#8220;Star Capital Finance&#8220; image=&#8220;https:\/\/easydrivers.cz\/wp-content\/uploads\/2020\/10\/scf.jpg&#8220; use_bg_overlay=&#8220;on&#8220; bg_overlay_color=&#8220;#ffffff&#8220; _builder_version=&#8220;4.16&#8243; _module_preset=&#8220;default&#8220; header_font=&#8220;Gotham Light||||||||&#8220; header_text_color=&#8220;#000000&#8243; header_font_size=&#8220;35px&#8220; body_font=&#8220;Gotham Light||||||||&#8220; body_text_color=&#8220;#000000&#8243; background_color=&#8220;#ffffff&#8220; background_enable_color=&#8220;on&#8220; link_option_url=&#8220;http:\/\/www.scfinance.cz\/&#8220; link_option_url_new_window=&#8220;on&#8220; global_colors_info=&#8220;{}&#8220; sticky_transition=&#8220;on&#8220;][\/et_pb_slide][et_pb_slide heading=&#8220;V\u00fdchodo\u010desk\u00e1 energie&#8220; image=&#8220;https:\/\/easydrivers.cz\/wp-content\/uploads\/2020\/10\/V\u00fdchodo\u010dek\u00e1-energie.png&#8220; use_bg_overlay=&#8220;on&#8220; bg_overlay_color=&#8220;#ffffff&#8220; _builder_version=&#8220;4.27.4&#8243; _module_preset=&#8220;default&#8220; header_font=&#8220;Gotham Light||||||||&#8220; header_text_color=&#8220;#000000&#8243; header_font_size=&#8220;35px&#8220; body_font=&#8220;Gotham Light||||||||&#8220; body_text_color=&#8220;#000000&#8243; background_color=&#8220;#ffffff&#8220; background_enable_color=&#8220;on&#8220; link_option_url=&#8220;http:\/\/www.venergie.cz\/&#8220; link_option_url_new_window=&#8220;on&#8220; global_colors_info=&#8220;{}&#8220; sticky_transition=&#8220;on&#8220;][\/et_pb_slide][\/et_pb_slider][\/et_pb_column][\/et_pb_row][et_pb_row _builder_version=&#8220;4.16&#8243; _module_preset=&#8220;default&#8220; custom_padding=&#8220;2px||2px|||&#8220; global_colors_info=&#8220;{}&#8220;][et_pb_column type=&#8220;4_4&#8243; _builder_version=&#8220;4.16&#8243; _module_preset=&#8220;default&#8220; global_colors_info=&#8220;{}&#8220;][et_pb_button button_url=&#8220;https:\/\/easydrivers.cz\/objednat\/&#8220; button_text=&#8220;OBJEDNAT&#8220; button_alignment=&#8220;center&#8220; disabled_on=&#8220;on|on|off&#8220; _builder_version=&#8220;4.16&#8243; custom_button=&#8220;on&#8220; button_text_size=&#8220;15px&#8220; button_text_color=&#8220;#c9a869&#8243; button_border_radius=&#8220;35px&#8220; button_font=&#8220;Gotham Light||||||||&#8220; button_icon=&#8220;&#x5c;||divi||400&#8243; transform_translate_linked=&#8220;off&#8220; custom_margin=&#8220;-58px|0px|0px|0px|false|false&#8220; animation_style=&#8220;slide&#8220; animation_duration=&#8220;1500ms&#8220; global_colors_info=&#8220;{}&#8220;][\/et_pb_button][\/et_pb_column][\/et_pb_row][\/et_pb_section]<\/p>","protected":false},"excerpt":{"rendered":"<p>LUXUSN\u00cd P\u0158EPRAVA A CONCIERGE SERVISLUXUSN\u00cd P\u0158EPRAVACONCIERGE SERVISNA\u0160I PARTNE\u0158I\u00a0Easy Drivers jsou na\u0161\u00edm osv\u011bd\u010den\u00fdm partnerem p\u0159i p\u0159eprav\u011b host\u016f. Oce\u0148ujeme p\u0159edev\u0161\u00edm jejich flexibilitu, absolutn\u00ed spolehlivost a profesion\u00e1ln\u00ed p\u0159\u00edstup. D\u00edky nim se na\u0161i host\u00e9 v\u017edy dostanou na m\u00edsto v\u010das a s maxim\u00e1ln\u00edm komfortem. Spolupr\u00e1ci s Easy Drivers m\u016f\u017eeme jednozna\u010dn\u011b doporu\u010dit.Easy Drivers n\u00e1m ji\u017e rok zaji\u0161\u0165uje VIP osobn\u00ed p\u0159epravu. N\u00e1\u0161 [&hellip;]<\/p>","protected":false},"author":1,"featured_media":0,"parent":0,"menu_order":0,"comment_status":"closed","ping_status":"closed","template":"","meta":{"_et_pb_use_builder":"on","_et_pb_old_content":"","_et_gb_content_width":"","footnotes":""},"class_list":["post-1334","page","type-page","status-publish","hentry"],"_links":{"self":[{"href":"https:\/\/easydrivers.cz\/en\/wp-json\/wp\/v2\/pages\/1334","targetHints":{"allow":["GET"]}}],"collection":[{"href":"https:\/\/easydrivers.cz\/en\/wp-json\/wp\/v2\/pages"}],"about":[{"href":"https:\/\/easydrivers.cz\/en\/wp-json\/wp\/v2\/types\/page"}],"author":[{"embeddable":true,"href":"https:\/\/easydrivers.cz\/en\/wp-json\/wp\/v2\/users\/1"}],"replies":[{"embeddable":true,"href":"https:\/\/easydrivers.cz\/en\/wp-json\/wp\/v2\/comments?post=1334"}],"version-history":[{"count":82,"href":"https:\/\/easydrivers.cz\/en\/wp-json\/wp\/v2\/pages\/1334\/revisions"}],"predecessor-version":[{"id":2501,"href":"https:\/\/easydrivers.cz\/en\/wp-json\/wp\/v2\/pages\/1334\/revisions\/2501"}],"wp:attachment":[{"href":"https:\/\/easydrivers.cz\/en\/wp-json\/wp\/v2\/media?parent=1334"}],"curies":[{"name":"wp","href":"https:\/\/api.w.org\/{rel}","templated":true}]}}